{"id":3260,"date":"2025-08-22T06:31:21","date_gmt":"2025-08-22T06:31:21","guid":{"rendered":"https:\/\/xindasafety.com\/?post_type=product&#038;p=3260"},"modified":"2026-01-18T08:16:04","modified_gmt":"2026-01-18T08:16:04","slug":"polea-de-rescate","status":"publish","type":"product","link":"https:\/\/xindasafety.com\/es\/product\/rescue-pulley\/","title":{"rendered":"HH8666GH"},"content":{"rendered":"<p><strong data-start=\"28\" data-end=\"44\">Nombre del producto<\/strong>: Polea doble de rescate giratoria<br data-start=\"73\" data-end=\"76\" \/><strong data-start=\"76\" data-end=\"85\">Marca<\/strong>: Xinda<br data-start=\"97\" data-end=\"100\" \/><strong data-start=\"100\" data-end=\"113\" data-is-only-node=\"\">N\u00ba de modelo<\/strong>: HH-8666<br data-start=\"122\" data-end=\"125\" \/><strong data-start=\"125\" data-end=\"137\">Material<\/strong>: Aluminio de alta resistencia + aleaci\u00f3n de acero<br data-start=\"175\" data-end=\"178\" \/><strong data-start=\"178\" data-end=\"195\">Di\u00e1metro de la cuerda<\/strong>: 7-13mm<br data-start=\"203\" data-end=\"206\" \/><strong data-start=\"206\" data-end=\"222\">Carga de trabajo<\/strong>: 16kN<br data-start=\"228\" data-end=\"231\" \/><strong data-start=\"231\" data-end=\"248\">Carga de rotura<\/strong>: 40kN<br data-start=\"254\" data-end=\"257\" \/><strong data-start=\"257\" data-end=\"267\">Peso<\/strong>: 511g<br data-start=\"273\" data-end=\"276\" \/><strong data-start=\"276\" data-end=\"296\">Producto est\u00e1ndar<\/strong>: XF494-2023<br data-start=\"308\" data-end=\"311\" \/><strong data-start=\"311\" data-end=\"332\">\u00c1mbito de aplicaci\u00f3n<\/strong>: Rescate, traves\u00edas al aire libre, trabajos a\u00e9reos, espeleolog\u00eda, transporte de carga, acarreo e izado, aparejos, sistemas de poleas, etc.<\/p>","protected":false},"excerpt":{"rendered":"<p>Equipo de rescate patentado por XINDA - Polea doble giratoria para transporte transversal, equipada con rodamientos, gran capacidad de carga y alta resistencia.<\/p>","protected":false},"featured_media":3228,"template":"","meta":{"_acf_changed":false},"product_brand":[],"product_cat":[128],"product_tag":[],"class_list":{"0":"post-3260","1":"product","2":"type-product","3":"status-publish","4":"has-post-thumbnail","6":"product_cat-pulley-gen3","8":"first","9":"instock","10":"featured","11":"shipping-taxable","12":"product-type-simple"},"acf":[],"_links":{"self":[{"href":"https:\/\/xindasafety.com\/es\/wp-json\/wp\/v2\/product\/3260","targetHints":{"allow":["GET"]}}],"collection":[{"href":"https:\/\/xindasafety.com\/es\/wp-json\/wp\/v2\/product"}],"about":[{"href":"https:\/\/xindasafety.com\/es\/wp-json\/wp\/v2\/types\/product"}],"version-history":[{"count":5,"href":"https:\/\/xindasafety.com\/es\/wp-json\/wp\/v2\/product\/3260\/revisions"}],"predecessor-version":[{"id":6743,"href":"https:\/\/xindasafety.com\/es\/wp-json\/wp\/v2\/product\/3260\/revisions\/6743"}],"wp:featuredmedia":[{"embeddable":true,"href":"https:\/\/xindasafety.com\/es\/wp-json\/wp\/v2\/media\/3228"}],"wp:attachment":[{"href":"https:\/\/xindasafety.com\/es\/wp-json\/wp\/v2\/media?parent=3260"}],"wp:term":[{"taxonomy":"product_brand","embeddable":true,"href":"https:\/\/xindasafety.com\/es\/wp-json\/wp\/v2\/product_brand?post=3260"},{"taxonomy":"product_cat","embeddable":true,"href":"https:\/\/xindasafety.com\/es\/wp-json\/wp\/v2\/product_cat?post=3260"},{"taxonomy":"product_tag","embeddable":true,"href":"https:\/\/xindasafety.com\/es\/wp-json\/wp\/v2\/product_tag?post=3260"}],"curies":[{"name":"wp","href":"https:\/\/api.w.org\/{rel}","templated":true}]}}