{"id":7423,"date":"2026-04-22T08:05:13","date_gmt":"2026-04-22T08:05:13","guid":{"rendered":"https:\/\/xindasafety.com\/?post_type=product&#038;p=7423"},"modified":"2026-04-22T08:05:14","modified_gmt":"2026-04-22T08:05:14","slug":"xdq9692","status":"publish","type":"product","link":"https:\/\/xindasafety.com\/de\/product\/xdq9692\/","title":{"rendered":"XDQ9692"},"content":{"rendered":"<p class=\"ds-markdown-paragraph\"><strong>Produktname:<\/strong>\u00a0Jungle Crossing Special Hauptschleuse<br \/>\n<strong>Marke:<\/strong>\u00a0XINDA<br \/>\n<strong>Modell Nr.:<\/strong>\u00a0XD-Q9692<br \/>\n<strong>Material:<\/strong>\u00a0420 rostfreier Stahl<br \/>\n<strong>Bruchlast:<\/strong>\u00a015 kN<br \/>\n<strong>Standard:<\/strong>\u00a0Nationale Norm (China)<br \/>\n<strong>Tor\u00f6ffnung:<\/strong>\u00a06 mm<br \/>\n<strong>Gr\u00f6\u00dfe:<\/strong>\u00a014 \u00d7 8 cm<br \/>\n<strong>Farbe:<\/strong>\u00a0(Keine Angaben)<br \/>\n<strong>Gewicht:<\/strong>\u00a0388 g<\/p>\n<h3>Bewertung der St\u00e4rke:<\/h3>\n<ul>\n<li>\n<p class=\"ds-markdown-paragraph\">Hauptachse: 15 kN<\/p>\n<\/li>\n<li>\n<p class=\"ds-markdown-paragraph\">(Nebenachse und offenes Tor nicht angegeben)<\/p>\n<\/li>\n<\/ul>\n<p class=\"ds-markdown-paragraph\"><strong>Anwendungsbereich:<\/strong>\u00a0Outdoor-Expansion, Dschungel-Erkundung, Baum\u00fcberquerung, Klettersteig, verschiedene Abenteuer-Themenparks, Vergn\u00fcgungsprojekte in gro\u00dfer H\u00f6he, usw.<\/p>","protected":false},"excerpt":{"rendered":"<p><strong>Xinda Edelstahl-Hauptkarabiner f\u00fcr Dschungel\u00fcberquerungen, Klettersteige, Expansions\u00fcbungen, Baumabenteuer - Dauerhafter Schutz, nicht abnehmbar<\/strong><\/p>","protected":false},"featured_media":7424,"template":"","meta":{"_acf_changed":false},"product_brand":[],"product_cat":[58,102],"product_tag":[69,338,340,345,376,326,343],"class_list":{"0":"post-7423","1":"product","2":"type-product","3":"status-publish","4":"has-post-thumbnail","6":"product_cat-carabiner","7":"product_cat-carabiner-generation-1","8":"product_tag-carabiner","9":"product_tag-ropeaccess","10":"product_tag-ropedevice-ropeequipment","11":"product_tag-ropeequipment","12":"product_tag-workatheight","13":"product_tag-xinda","14":"product_tag-xinda-equipment","16":"first","17":"instock","18":"shipping-taxable","19":"product-type-simple"},"acf":[],"_links":{"self":[{"href":"https:\/\/xindasafety.com\/de\/wp-json\/wp\/v2\/product\/7423","targetHints":{"allow":["GET"]}}],"collection":[{"href":"https:\/\/xindasafety.com\/de\/wp-json\/wp\/v2\/product"}],"about":[{"href":"https:\/\/xindasafety.com\/de\/wp-json\/wp\/v2\/types\/product"}],"version-history":[{"count":1,"href":"https:\/\/xindasafety.com\/de\/wp-json\/wp\/v2\/product\/7423\/revisions"}],"predecessor-version":[{"id":7428,"href":"https:\/\/xindasafety.com\/de\/wp-json\/wp\/v2\/product\/7423\/revisions\/7428"}],"wp:featuredmedia":[{"embeddable":true,"href":"https:\/\/xindasafety.com\/de\/wp-json\/wp\/v2\/media\/7424"}],"wp:attachment":[{"href":"https:\/\/xindasafety.com\/de\/wp-json\/wp\/v2\/media?parent=7423"}],"wp:term":[{"taxonomy":"product_brand","embeddable":true,"href":"https:\/\/xindasafety.com\/de\/wp-json\/wp\/v2\/product_brand?post=7423"},{"taxonomy":"product_cat","embeddable":true,"href":"https:\/\/xindasafety.com\/de\/wp-json\/wp\/v2\/product_cat?post=7423"},{"taxonomy":"product_tag","embeddable":true,"href":"https:\/\/xindasafety.com\/de\/wp-json\/wp\/v2\/product_tag?post=7423"}],"curies":[{"name":"wp","href":"https:\/\/api.w.org\/{rel}","templated":true}]}}