{"id":7363,"date":"2026-04-22T02:19:33","date_gmt":"2026-04-22T02:19:33","guid":{"rendered":"https:\/\/xindasafety.com\/?post_type=product&#038;p=7363"},"modified":"2026-04-22T02:19:34","modified_gmt":"2026-04-22T02:19:34","slug":"xdq9661","status":"publish","type":"product","link":"https:\/\/xindasafety.com\/de\/product\/xdq9661\/","title":{"rendered":"XDQ9661"},"content":{"rendered":"<p><strong>Marke:<\/strong> XINDA<br \/>\n<strong>Modell Nr.:<\/strong>\u00a0XD-Q9661<br \/>\n<strong>Produktname:<\/strong>\u00a0Baumkletternder Wurfball<br \/>\n<strong>Material:<\/strong>\u00a0Kunststoff<br \/>\n<strong>Durchmesser:<\/strong>\u00a027mm<br \/>\n<strong>Farbe:<\/strong>\u00a0Schwarz<br \/>\n<strong>Gewicht:<\/strong>\u00a015g<br \/>\n<strong>Anwendungsbereich:<\/strong>\u00a0Baumklettern<\/p>","protected":false},"excerpt":{"rendered":"<p><strong>Xinda Arborist Baumklettern Wurf Ball f\u00fcr H\u00f6henarbeit, Baumklettern Ausr\u00fcstung, Gurtband Retrieval Wurf Ball, Klettern Wurf Ball<\/strong><\/p>","protected":false},"featured_media":7371,"template":"","meta":{"_acf_changed":false},"product_brand":[],"product_cat":[68],"product_tag":[375,338,340,345,374,326,343],"class_list":{"0":"post-7363","1":"product","2":"type-product","3":"status-publish","4":"has-post-thumbnail","6":"product_cat-auxiliary-tools","7":"product_tag-ball","8":"product_tag-ropeaccess","9":"product_tag-ropedevice-ropeequipment","10":"product_tag-ropeequipment","11":"product_tag-tree-climbing","12":"product_tag-xinda","13":"product_tag-xinda-equipment","15":"first","16":"instock","17":"shipping-taxable","18":"product-type-simple"},"acf":[],"_links":{"self":[{"href":"https:\/\/xindasafety.com\/de\/wp-json\/wp\/v2\/product\/7363","targetHints":{"allow":["GET"]}}],"collection":[{"href":"https:\/\/xindasafety.com\/de\/wp-json\/wp\/v2\/product"}],"about":[{"href":"https:\/\/xindasafety.com\/de\/wp-json\/wp\/v2\/types\/product"}],"version-history":[{"count":3,"href":"https:\/\/xindasafety.com\/de\/wp-json\/wp\/v2\/product\/7363\/revisions"}],"predecessor-version":[{"id":7373,"href":"https:\/\/xindasafety.com\/de\/wp-json\/wp\/v2\/product\/7363\/revisions\/7373"}],"wp:featuredmedia":[{"embeddable":true,"href":"https:\/\/xindasafety.com\/de\/wp-json\/wp\/v2\/media\/7371"}],"wp:attachment":[{"href":"https:\/\/xindasafety.com\/de\/wp-json\/wp\/v2\/media?parent=7363"}],"wp:term":[{"taxonomy":"product_brand","embeddable":true,"href":"https:\/\/xindasafety.com\/de\/wp-json\/wp\/v2\/product_brand?post=7363"},{"taxonomy":"product_cat","embeddable":true,"href":"https:\/\/xindasafety.com\/de\/wp-json\/wp\/v2\/product_cat?post=7363"},{"taxonomy":"product_tag","embeddable":true,"href":"https:\/\/xindasafety.com\/de\/wp-json\/wp\/v2\/product_tag?post=7363"}],"curies":[{"name":"wp","href":"https:\/\/api.w.org\/{rel}","templated":true}]}}