{"id":7351,"date":"2026-04-22T01:38:57","date_gmt":"2026-04-22T01:38:57","guid":{"rendered":"https:\/\/xindasafety.com\/?post_type=product&#038;p=7351"},"modified":"2026-04-22T01:38:57","modified_gmt":"2026-04-22T01:38:57","slug":"xd8613","status":"publish","type":"product","link":"https:\/\/xindasafety.com\/de\/product\/xd8613\/","title":{"rendered":"XD8613"},"content":{"rendered":"<p><strong>Marke:<\/strong>\u00a0XINDA<br \/>\n<strong>Modell Nr.:<\/strong>\u00a0XD-8613<br \/>\n<strong>Produktname:<\/strong>\u00a0Seitenplatten-Doppelrolle<br \/>\n<strong>Bruchlast:<\/strong>\u00a0Statisch 24 kN \/ Dynamisch 12 kN<br \/>\n<strong>Material:<\/strong>\u00a0Hochfeste Aluminiumlegierung<br \/>\n<strong>Gr\u00f6\u00dfe:<\/strong>\u00a0Breite 8,2 cm \u00d7 H\u00f6he 15 cm \u00d7 Dicke 5,8 cm<br \/>\n<strong>Farbe:<\/strong>\u00a0Rot, Schwarz<br \/>\n<strong>Gewicht:<\/strong>\u00a0415g<br \/>\n<strong>Anwendbarer Seildurchmesser:<\/strong>\u00a0\u226416 mm<br \/>\n<strong>Anwendungen:<\/strong>\u00a0Seilbahn\u00fcberg\u00e4nge im Freien, Drahtseilbahnen, G\u00fctertransport, Abseilen beim Klettern, Dehnungsschutz, Schleppen, Heben, Flaschenzugsysteme usw.<\/p>","protected":false},"excerpt":{"rendered":"<div class=\"ds-message _63c77b1\">\n<div class=\"ds-markdown\">\n<p class=\"ds-markdown-paragraph\"><strong>Xinda Outdoor Rock Climbing Pulley, Rope Crossing Side-Plate Double Pulley Set, Transport Zipline, Mountaineering Expansion Rope Trolley Ausr\u00fcstung<\/strong><\/p>\n<\/div>\n<\/div>","protected":false},"featured_media":7347,"template":"","meta":{"_acf_changed":false},"product_brand":[],"product_cat":[60,126],"product_tag":[302,212,338,340,345,343],"class_list":{"0":"post-7351","1":"product","2":"type-product","3":"status-publish","4":"has-post-thumbnail","6":"product_cat-pulley","7":"product_cat-pulley-gen1","8":"product_tag-pulley-system","9":"product_tag-rope","10":"product_tag-ropeaccess","11":"product_tag-ropedevice-ropeequipment","12":"product_tag-ropeequipment","13":"product_tag-xinda-equipment","15":"first","16":"instock","17":"shipping-taxable","18":"product-type-variable"},"acf":[],"_links":{"self":[{"href":"https:\/\/xindasafety.com\/de\/wp-json\/wp\/v2\/product\/7351","targetHints":{"allow":["GET"]}}],"collection":[{"href":"https:\/\/xindasafety.com\/de\/wp-json\/wp\/v2\/product"}],"about":[{"href":"https:\/\/xindasafety.com\/de\/wp-json\/wp\/v2\/types\/product"}],"version-history":[{"count":1,"href":"https:\/\/xindasafety.com\/de\/wp-json\/wp\/v2\/product\/7351\/revisions"}],"predecessor-version":[{"id":7354,"href":"https:\/\/xindasafety.com\/de\/wp-json\/wp\/v2\/product\/7351\/revisions\/7354"}],"wp:featuredmedia":[{"embeddable":true,"href":"https:\/\/xindasafety.com\/de\/wp-json\/wp\/v2\/media\/7347"}],"wp:attachment":[{"href":"https:\/\/xindasafety.com\/de\/wp-json\/wp\/v2\/media?parent=7351"}],"wp:term":[{"taxonomy":"product_brand","embeddable":true,"href":"https:\/\/xindasafety.com\/de\/wp-json\/wp\/v2\/product_brand?post=7351"},{"taxonomy":"product_cat","embeddable":true,"href":"https:\/\/xindasafety.com\/de\/wp-json\/wp\/v2\/product_cat?post=7351"},{"taxonomy":"product_tag","embeddable":true,"href":"https:\/\/xindasafety.com\/de\/wp-json\/wp\/v2\/product_tag?post=7351"}],"curies":[{"name":"wp","href":"https:\/\/api.w.org\/{rel}","templated":true}]}}