{"id":7145,"date":"2026-04-20T06:18:31","date_gmt":"2026-04-20T06:18:31","guid":{"rendered":"https:\/\/xindasafety.com\/?post_type=product&#038;p=7145"},"modified":"2026-04-20T06:23:45","modified_gmt":"2026-04-20T06:23:45","slug":"xd8619o","status":"publish","type":"product","link":"https:\/\/xindasafety.com\/de\/product\/xd8619o\/","title":{"rendered":"XD8619O"},"content":{"rendered":"<div class=\"ds-message _63c77b1\">\n<div class=\"ds-markdown\">\n<p class=\"ds-markdown-paragraph\"><strong>Produktname:<\/strong>\u00a0Maillon Rapide \/ Schnellverbindung<br \/>\n<strong>Marke:<\/strong>\u00a0Xinda<\/p>\n<p class=\"ds-markdown-paragraph\"><strong>Modell Nr.:<\/strong>\u00a0XD-8619<\/p>\n<p class=\"ds-markdown-paragraph\"><strong>Material:<\/strong>\u00a0Rostfreier Stahl<\/p>\n<p class=\"ds-markdown-paragraph\"><strong>Gewicht:<\/strong> 21g\u300133g\uff0c61g\uff0c75g\uff0c130g\uff0c216g<\/p>\n<p class=\"ds-markdown-paragraph\"><strong>Gr\u00f6\u00dfe:<\/strong>\u00a0Durchmesser 10 mm \/ 8 mm \/ 6 mm (siehe Abbildung unten f\u00fcr Details)<\/p>\n<p class=\"ds-markdown-paragraph\"><strong>Anwendungsbereich:<\/strong><br \/>\nKlettern im Freien, Expansionsaktivit\u00e4ten, Abseilen, H\u00f6hlenforschung, Rettung usw. (Verbindung zwischen verschiedenen Ausr\u00fcstungsarten)<\/p>\n<\/div>\n<\/div>\n<div class=\"ds-theme\"><\/div>\n<div class=\"ds-flex _0a3d93b\">\n<div class=\"ds-flex _965abe9 _54866f7\">\n<div class=\"db183363 ds-icon-button ds-icon-button--m ds-icon-button--sizing-container\" tabindex=\"0\" role=\"button\" aria-disabled=\"false\">\n<div class=\"ds-icon-button__hover-bg\"><\/div>\n<div class=\"ds-icon\"><\/div>\n<div class=\"ds-focus-ring\"><\/div>\n<\/div>\n<div class=\"db183363 ds-icon-button ds-icon-button--m ds-icon-button--sizing-container\" tabindex=\"0\" role=\"button\" aria-disabled=\"false\">\n<div class=\"ds-icon-button__hover-bg\"><\/div>\n<div class=\"ds-icon\"><\/div>\n<div class=\"ds-focus-ring\"><\/div>\n<\/div>\n<div class=\"db183363 ds-icon-button ds-icon-button--m ds-icon-button--sizing-container\" tabindex=\"0\" role=\"button\" aria-disabled=\"false\">\n<div class=\"ds-icon-button__hover-bg\"><\/div>\n<div class=\"ds-icon\"><\/div>\n<div class=\"ds-focus-ring\"><\/div>\n<\/div>\n<div class=\"db183363 ds-icon-button ds-icon-button--m ds-icon-button--sizing-container\" tabindex=\"0\" role=\"button\" aria-disabled=\"false\">\n<div class=\"ds-icon-button__hover-bg\"><\/div>\n<div class=\"ds-icon\"><\/div>\n<div class=\"ds-focus-ring\"><\/div>\n<\/div>\n<div class=\"db183363 ds-icon-button ds-icon-button--m ds-icon-button--sizing-container\" tabindex=\"0\" role=\"button\" aria-disabled=\"false\">\n<div class=\"ds-icon-button__hover-bg\"><\/div>\n<div class=\"ds-icon\"><\/div>\n<\/div>\n<\/div>\n<\/div>","protected":false},"excerpt":{"rendered":"<p><strong>Xinda Stainless Steel Fast Link- Bergsteigen Karabiner, Main Lock, Sicherheit Snap Link, Quickdraw f\u00fcr Outdoor Rock Climbing.<\/strong><\/p>","protected":false},"featured_media":7146,"template":"","meta":{"_acf_changed":false},"product_brand":[],"product_cat":[58,102],"product_tag":[69,338,340,345,326,343],"class_list":{"0":"post-7145","1":"product","2":"type-product","3":"status-publish","4":"has-post-thumbnail","6":"product_cat-carabiner","7":"product_cat-carabiner-generation-1","8":"product_tag-carabiner","9":"product_tag-ropeaccess","10":"product_tag-ropedevice-ropeequipment","11":"product_tag-ropeequipment","12":"product_tag-xinda","13":"product_tag-xinda-equipment","15":"first","16":"instock","17":"shipping-taxable","18":"product-type-variable"},"acf":[],"_links":{"self":[{"href":"https:\/\/xindasafety.com\/de\/wp-json\/wp\/v2\/product\/7145","targetHints":{"allow":["GET"]}}],"collection":[{"href":"https:\/\/xindasafety.com\/de\/wp-json\/wp\/v2\/product"}],"about":[{"href":"https:\/\/xindasafety.com\/de\/wp-json\/wp\/v2\/types\/product"}],"version-history":[{"count":4,"href":"https:\/\/xindasafety.com\/de\/wp-json\/wp\/v2\/product\/7145\/revisions"}],"predecessor-version":[{"id":7165,"href":"https:\/\/xindasafety.com\/de\/wp-json\/wp\/v2\/product\/7145\/revisions\/7165"}],"wp:featuredmedia":[{"embeddable":true,"href":"https:\/\/xindasafety.com\/de\/wp-json\/wp\/v2\/media\/7146"}],"wp:attachment":[{"href":"https:\/\/xindasafety.com\/de\/wp-json\/wp\/v2\/media?parent=7145"}],"wp:term":[{"taxonomy":"product_brand","embeddable":true,"href":"https:\/\/xindasafety.com\/de\/wp-json\/wp\/v2\/product_brand?post=7145"},{"taxonomy":"product_cat","embeddable":true,"href":"https:\/\/xindasafety.com\/de\/wp-json\/wp\/v2\/product_cat?post=7145"},{"taxonomy":"product_tag","embeddable":true,"href":"https:\/\/xindasafety.com\/de\/wp-json\/wp\/v2\/product_tag?post=7145"}],"curies":[{"name":"wp","href":"https:\/\/api.w.org\/{rel}","templated":true}]}}