{"id":7085,"date":"2026-04-20T03:12:37","date_gmt":"2026-04-20T03:12:37","guid":{"rendered":"https:\/\/xindasafety.com\/?post_type=product&#038;p=7085"},"modified":"2026-04-20T03:12:37","modified_gmt":"2026-04-20T03:12:37","slug":"xd8652","status":"publish","type":"product","link":"https:\/\/xindasafety.com\/de\/product\/xd8652\/","title":{"rendered":"XD8652"},"content":{"rendered":"<p class=\"ds-markdown-paragraph\"><strong>Produktname:<\/strong>\u00a0Abbildung 8 Abseilger\u00e4t (asymmetrisch)<br \/>\n<strong>Marke:<\/strong>\u00a0Xinda<\/p>\n<p class=\"ds-markdown-paragraph\"><strong>Modell Nr.:<\/strong>\u00a0XD-8652<\/p>\n<p class=\"ds-markdown-paragraph\"><strong>Material:<\/strong>\u00a0Hochfeste Aluminiumlegierung<\/p>\n<p class=\"ds-markdown-paragraph\"><strong>Bruchlast:<\/strong>\u00a030 kN (ca. 3000 kg)<\/p>\n<p class=\"ds-markdown-paragraph\"><strong>Gewicht:<\/strong>\u00a0134 g<\/p>\n<p class=\"ds-markdown-paragraph\"><strong>Anwendbarer Seildurchmesser:<\/strong>\u00a08-13 mm<\/p>\n<p class=\"ds-markdown-paragraph\"><strong>Standard:<\/strong>\u00a0XF 494-2023<\/p>\n<p class=\"ds-markdown-paragraph\"><strong>Gr\u00f6\u00dfe:<\/strong>\u00a013 \u00d7 9,7 \u00d7 4,8 cm<\/p>\n<p class=\"ds-markdown-paragraph\"><strong>Anwendungsbereich:<\/strong><br \/>\nOutdoor-Klettern, Felsklettern, Expeditionen, H\u00f6hlenforschung, Abseilen, H\u00f6henarbeiten, Arbeitsschutz und andere Outdoor-Aktivit\u00e4ten.<\/p>","protected":false},"excerpt":{"rendered":"<p><strong>Xinda Figure 8 Abseilger\u00e4t (Mehrzweck: Klettern, Abseilen, H\u00f6henarbeit, Abseilen, Sichern, langsamer Abstieg)<\/strong><\/p>","protected":false},"featured_media":7080,"template":"","meta":{"_acf_changed":false},"product_brand":[],"product_cat":[56,105],"product_tag":[92,315,212,338,340,345,326],"class_list":{"0":"post-7085","1":"product","2":"type-product","3":"status-publish","4":"has-post-thumbnail","6":"product_cat-descebder","7":"product_cat-descender-gen-1","8":"product_tag-descender","9":"product_tag-figure-8-descender","10":"product_tag-rope","11":"product_tag-ropeaccess","12":"product_tag-ropedevice-ropeequipment","13":"product_tag-ropeequipment","14":"product_tag-xinda","16":"first","17":"instock","18":"shipping-taxable","19":"product-type-variable"},"acf":[],"_links":{"self":[{"href":"https:\/\/xindasafety.com\/de\/wp-json\/wp\/v2\/product\/7085","targetHints":{"allow":["GET"]}}],"collection":[{"href":"https:\/\/xindasafety.com\/de\/wp-json\/wp\/v2\/product"}],"about":[{"href":"https:\/\/xindasafety.com\/de\/wp-json\/wp\/v2\/types\/product"}],"version-history":[{"count":1,"href":"https:\/\/xindasafety.com\/de\/wp-json\/wp\/v2\/product\/7085\/revisions"}],"predecessor-version":[{"id":7089,"href":"https:\/\/xindasafety.com\/de\/wp-json\/wp\/v2\/product\/7085\/revisions\/7089"}],"wp:featuredmedia":[{"embeddable":true,"href":"https:\/\/xindasafety.com\/de\/wp-json\/wp\/v2\/media\/7080"}],"wp:attachment":[{"href":"https:\/\/xindasafety.com\/de\/wp-json\/wp\/v2\/media?parent=7085"}],"wp:term":[{"taxonomy":"product_brand","embeddable":true,"href":"https:\/\/xindasafety.com\/de\/wp-json\/wp\/v2\/product_brand?post=7085"},{"taxonomy":"product_cat","embeddable":true,"href":"https:\/\/xindasafety.com\/de\/wp-json\/wp\/v2\/product_cat?post=7085"},{"taxonomy":"product_tag","embeddable":true,"href":"https:\/\/xindasafety.com\/de\/wp-json\/wp\/v2\/product_tag?post=7085"}],"curies":[{"name":"wp","href":"https:\/\/api.w.org\/{rel}","templated":true}]}}