{"id":7025,"date":"2026-04-18T03:54:07","date_gmt":"2026-04-18T03:54:07","guid":{"rendered":"https:\/\/xindasafety.com\/?post_type=product&#038;p=7025"},"modified":"2026-04-18T04:01:27","modified_gmt":"2026-04-18T04:01:27","slug":"xda9516","status":"publish","type":"product","link":"https:\/\/xindasafety.com\/de\/product\/xda9516\/","title":{"rendered":"XDA9516"},"content":{"rendered":"<p class=\"ds-markdown-paragraph\"><strong>Marke:<\/strong>\u00a0Xinda<\/p>\n<p class=\"ds-markdown-paragraph\"><strong>Modell:<\/strong>\u00a0XD-A9516<\/p>\n<p class=\"ds-markdown-paragraph\"><strong>Standard:<\/strong> Nationale Norm (China) CE EN361 CE EN358 CE EN813 CE EN365<\/p>\n<p class=\"ds-markdown-paragraph\"><strong>Material:<\/strong>\u00a0Polyester + Aluminiumlegierung<\/p>\n<p class=\"ds-markdown-paragraph\"><strong>Gewicht:<\/strong>\u00a01980 g<\/p>\n<p class=\"ds-markdown-paragraph\"><strong>Farbe:<\/strong>\u00a0Wie gezeigt<\/p>\n<p class=\"ds-markdown-paragraph\"><strong>Anwendung:<\/strong>\u00a0Bergsteigen \/ Klettern \/ Expansionsaktivit\u00e4ten \/ Rettung \/ H\u00f6henarbeit \/ Arbeitsschutz \/ Abseilen, etc.<\/p>","protected":false},"excerpt":{"rendered":"<p><strong>Xinda F\u00fcnf-Punkt-Ganzk\u00f6rpergurt f\u00fcr Outdoor, H\u00f6henarbeit, AC-Installation, Bergsteigen, Klettern und Abseilen<\/strong><\/p>","protected":false},"featured_media":7030,"template":"","meta":{"_acf_changed":false},"product_brand":[],"product_cat":[61,114],"product_tag":[211,80,338,345,326,343,344],"class_list":{"0":"post-7025","1":"product","2":"type-product","3":"status-publish","4":"has-post-thumbnail","6":"product_cat-harness","7":"product_cat-harness-gen1","8":"product_tag-full-body-safety-harness","9":"product_tag-harness","10":"product_tag-ropeaccess","11":"product_tag-ropeequipment","12":"product_tag-xinda","13":"product_tag-xinda-equipment","14":"product_tag-xinda-harness","16":"first","17":"instock","18":"shipping-taxable","19":"product-type-simple"},"acf":[],"_links":{"self":[{"href":"https:\/\/xindasafety.com\/de\/wp-json\/wp\/v2\/product\/7025","targetHints":{"allow":["GET"]}}],"collection":[{"href":"https:\/\/xindasafety.com\/de\/wp-json\/wp\/v2\/product"}],"about":[{"href":"https:\/\/xindasafety.com\/de\/wp-json\/wp\/v2\/types\/product"}],"version-history":[{"count":1,"href":"https:\/\/xindasafety.com\/de\/wp-json\/wp\/v2\/product\/7025\/revisions"}],"predecessor-version":[{"id":7033,"href":"https:\/\/xindasafety.com\/de\/wp-json\/wp\/v2\/product\/7025\/revisions\/7033"}],"wp:featuredmedia":[{"embeddable":true,"href":"https:\/\/xindasafety.com\/de\/wp-json\/wp\/v2\/media\/7030"}],"wp:attachment":[{"href":"https:\/\/xindasafety.com\/de\/wp-json\/wp\/v2\/media?parent=7025"}],"wp:term":[{"taxonomy":"product_brand","embeddable":true,"href":"https:\/\/xindasafety.com\/de\/wp-json\/wp\/v2\/product_brand?post=7025"},{"taxonomy":"product_cat","embeddable":true,"href":"https:\/\/xindasafety.com\/de\/wp-json\/wp\/v2\/product_cat?post=7025"},{"taxonomy":"product_tag","embeddable":true,"href":"https:\/\/xindasafety.com\/de\/wp-json\/wp\/v2\/product_tag?post=7025"}],"curies":[{"name":"wp","href":"https:\/\/api.w.org\/{rel}","templated":true}]}}