{"id":6425,"date":"2025-10-04T08:40:48","date_gmt":"2025-10-04T08:40:48","guid":{"rendered":"https:\/\/xindasafety.com\/?post_type=product&#038;p=6425"},"modified":"2026-01-18T08:16:50","modified_gmt":"2026-01-18T08:16:50","slug":"grose-einzelrolle-2","status":"publish","type":"product","link":"https:\/\/xindasafety.com\/de\/product\/large-single-pulley-2\/","title":{"rendered":"XD8611"},"content":{"rendered":"<p><strong data-start=\"27\" data-end=\"37\">Marke:<\/strong> XINDA<br data-start=\"43\" data-end=\"46\" \/><strong data-start=\"46\" data-end=\"60\">Modell Nr.:<\/strong> XD-8611<br data-start=\"68\" data-end=\"71\" \/><strong data-start=\"71\" data-end=\"88\" data-is-only-node=\"\">Produktname:<\/strong> Gro\u00dfe Einzelrolle<br data-start=\"108\" data-end=\"111\" \/><strong data-start=\"111\" data-end=\"129\">Bruchlast:<\/strong> Statisch 28 kN \/ Dynamisch 14 kN<br data-start=\"158\" data-end=\"161\" \/><strong data-start=\"161\" data-end=\"174\">Material:<\/strong> Hochfeste Aluminiumlegierung<br data-start=\"203\" data-end=\"206\" \/><strong data-start=\"206\" data-end=\"215\">Gr\u00f6\u00dfe:<\/strong> L\u00e4nge 8,3 cm \u00d7 Breite 12,1 cm<br data-start=\"245\" data-end=\"248\" \/><strong data-start=\"248\" data-end=\"258\">Farbe:<\/strong> Blau, Schwarz<br data-start=\"270\" data-end=\"273\" \/><strong data-start=\"273\" data-end=\"284\">Gewicht:<\/strong> 233 \u00b1 5 g<br data-start=\"294\" data-end=\"297\" \/><strong data-start=\"297\" data-end=\"310\">Standard:<\/strong> Nationale Norm (China)<br data-start=\"336\" data-end=\"339\" \/><strong data-start=\"339\" data-end=\"356\">Anwendungen:<\/strong> Seilbahn\u00fcberquerungen im Freien, Seilaktivit\u00e4ten in der Luft, Frachttransport, Abseilen beim Klettern, Schutz, Transportsysteme, Flaschenzugsysteme usw.<\/p>","protected":false},"excerpt":{"rendered":"<p>XINDA Outdoor Mountaineering &amp; Rock Climbing Large Single Pulley - Effiziente Seilrolle f\u00fcr Seilbahn\u00fcberquerung, Heben in gro\u00dfer H\u00f6he und Transport<\/p>","protected":false},"featured_media":6426,"template":"","meta":{"_acf_changed":false},"product_brand":[],"product_cat":[126],"product_tag":[320,169],"class_list":{"0":"post-6425","1":"product","2":"type-product","3":"status-publish","4":"has-post-thumbnail","6":"product_cat-pulley-gen1","7":"product_tag-large-single-pulley","8":"product_tag-pulley","10":"first","11":"instock","12":"shipping-taxable","13":"product-type-variable"},"acf":[],"_links":{"self":[{"href":"https:\/\/xindasafety.com\/de\/wp-json\/wp\/v2\/product\/6425","targetHints":{"allow":["GET"]}}],"collection":[{"href":"https:\/\/xindasafety.com\/de\/wp-json\/wp\/v2\/product"}],"about":[{"href":"https:\/\/xindasafety.com\/de\/wp-json\/wp\/v2\/types\/product"}],"version-history":[{"count":2,"href":"https:\/\/xindasafety.com\/de\/wp-json\/wp\/v2\/product\/6425\/revisions"}],"predecessor-version":[{"id":6744,"href":"https:\/\/xindasafety.com\/de\/wp-json\/wp\/v2\/product\/6425\/revisions\/6744"}],"wp:featuredmedia":[{"embeddable":true,"href":"https:\/\/xindasafety.com\/de\/wp-json\/wp\/v2\/media\/6426"}],"wp:attachment":[{"href":"https:\/\/xindasafety.com\/de\/wp-json\/wp\/v2\/media?parent=6425"}],"wp:term":[{"taxonomy":"product_brand","embeddable":true,"href":"https:\/\/xindasafety.com\/de\/wp-json\/wp\/v2\/product_brand?post=6425"},{"taxonomy":"product_cat","embeddable":true,"href":"https:\/\/xindasafety.com\/de\/wp-json\/wp\/v2\/product_cat?post=6425"},{"taxonomy":"product_tag","embeddable":true,"href":"https:\/\/xindasafety.com\/de\/wp-json\/wp\/v2\/product_tag?post=6425"}],"curies":[{"name":"wp","href":"https:\/\/api.w.org\/{rel}","templated":true}]}}