{"id":6406,"date":"2025-10-04T08:37:06","date_gmt":"2025-10-04T08:37:06","guid":{"rendered":"https:\/\/xindasafety.com\/?post_type=product&#038;p=6406"},"modified":"2026-04-21T01:45:48","modified_gmt":"2026-04-21T01:45:48","slug":"einfache-riemenscheibe","status":"publish","type":"product","link":"https:\/\/xindasafety.com\/de\/product\/single-pulley\/","title":{"rendered":"XD8610"},"content":{"rendered":"<p data-start=\"36\" data-end=\"274\"><strong data-start=\"36\" data-end=\"46\">Marke:<\/strong> XINDA<br data-start=\"52\" data-end=\"55\" \/><strong data-start=\"55\" data-end=\"69\">Modell Nr.:<\/strong> XD-8610<br data-start=\"77\" data-end=\"80\" \/><strong data-start=\"80\" data-end=\"97\">Produktname:<\/strong> Einzelne Riemenscheibe<br data-start=\"111\" data-end=\"114\" data-is-only-node=\"\" \/><strong data-start=\"114\" data-end=\"136\">Bruchfestigkeit:<\/strong> Statisch 20 kN (\u2248 2000 kgf); Dynamisch 10 kN (\u2248 1000 kgf)<br data-start=\"190\" data-end=\"193\" \/><strong data-start=\"193\" data-end=\"202\">Gr\u00f6\u00dfe:<\/strong> 4,4 cm \u00d7 8,2 cm<br data-start=\"218\" data-end=\"221\" \/><strong data-start=\"221\" data-end=\"241\">Durchmesser des Ankers:<\/strong> 1,6 cm<br data-start=\"248\" data-end=\"251\" \/><strong data-start=\"251\" data-end=\"265\">Die Dicke:<\/strong> 2,8 cm<\/p>\n<div class=\"_tableContainer_1rjym_1\">\n<div class=\"group _tableWrapper_1rjym_13 flex w-fit flex-col-reverse\" tabindex=\"-1\">\n<table class=\"w-fit min-w-(--thread-content-width)\" data-start=\"276\" data-end=\"868\">\n<thead data-start=\"276\" data-end=\"319\">\n<tr data-start=\"276\" data-end=\"319\">\n<th data-start=\"276\" data-end=\"284\" data-col-size=\"sm\">Farbe<\/th>\n<th data-start=\"284\" data-end=\"293\" data-col-size=\"sm\">Gewicht<\/th>\n<th data-start=\"293\" data-end=\"304\" data-col-size=\"lg\">Material<\/th>\n<th data-start=\"304\" data-end=\"319\" data-col-size=\"lg\">Anmeldung<\/th>\n<\/tr>\n<\/thead>\n<tbody data-start=\"364\" data-end=\"868\">\n<tr data-start=\"364\" data-end=\"590\">\n<td data-start=\"364\" data-end=\"402\" data-col-size=\"sm\">Rot \/ Lila \/ Khaki \/ Blau \/ Gr\u00fcn<\/td>\n<td data-start=\"402\" data-end=\"409\" data-col-size=\"sm\">87 g<\/td>\n<td data-start=\"409\" data-end=\"440\" data-col-size=\"lg\">Hochfeste Aluminiumlegierung<\/td>\n<td data-start=\"440\" data-end=\"590\" data-col-size=\"lg\">Horizontale Kurzstreckenverschiebung, Indoor-Training, Frachttransport, Schutz f\u00fcr Entwicklungsaktivit\u00e4ten, Zugsysteme, Flaschenzugsysteme usw.<\/td>\n<\/tr>\n<tr data-start=\"591\" data-end=\"868\">\n<td data-start=\"591\" data-end=\"599\" data-col-size=\"sm\">Schwarz<\/td>\n<td data-start=\"599\" data-end=\"607\" data-col-size=\"sm\">140 g<\/td>\n<td data-start=\"607\" data-end=\"714\" data-col-size=\"lg\">Hauptk\u00f6rper: Hochfeste Aluminiumlegierung; Riemenscheibe: Edelstahl 316 (mit eingebauten Kugellagern)<\/td>\n<td data-start=\"714\" data-end=\"868\" data-col-size=\"lg\">Outdoor-Traversen, Seilbahnen, Frachttransport, Klettern und Abseilen, Schutz f\u00fcr Entwicklungsaktivit\u00e4ten, Transportsysteme, Flaschenzugsysteme usw.<\/td>\n<\/tr>\n<\/tbody>\n<\/table>\n<\/div>\n<\/div>","protected":false},"excerpt":{"rendered":"<p>XINDA Outdoor Fixed Single Pulley - Ausr\u00fcstung f\u00fcr Seilrutschen, Klettern, Seil\u00fcberg\u00e4nge und Rigging in gro\u00dfer H\u00f6he<\/p>","protected":false},"featured_media":6417,"template":"","meta":{"_acf_changed":false},"product_brand":[],"product_cat":[126],"product_tag":[169,319],"class_list":{"0":"post-6406","1":"product","2":"type-product","3":"status-publish","4":"has-post-thumbnail","6":"product_cat-pulley-gen1","7":"product_tag-pulley","8":"product_tag-single-pulley","10":"first","11":"instock","12":"shipping-taxable","13":"product-type-variable"},"acf":[],"_links":{"self":[{"href":"https:\/\/xindasafety.com\/de\/wp-json\/wp\/v2\/product\/6406","targetHints":{"allow":["GET"]}}],"collection":[{"href":"https:\/\/xindasafety.com\/de\/wp-json\/wp\/v2\/product"}],"about":[{"href":"https:\/\/xindasafety.com\/de\/wp-json\/wp\/v2\/types\/product"}],"version-history":[{"count":3,"href":"https:\/\/xindasafety.com\/de\/wp-json\/wp\/v2\/product\/6406\/revisions"}],"predecessor-version":[{"id":7245,"href":"https:\/\/xindasafety.com\/de\/wp-json\/wp\/v2\/product\/6406\/revisions\/7245"}],"wp:featuredmedia":[{"embeddable":true,"href":"https:\/\/xindasafety.com\/de\/wp-json\/wp\/v2\/media\/6417"}],"wp:attachment":[{"href":"https:\/\/xindasafety.com\/de\/wp-json\/wp\/v2\/media?parent=6406"}],"wp:term":[{"taxonomy":"product_brand","embeddable":true,"href":"https:\/\/xindasafety.com\/de\/wp-json\/wp\/v2\/product_brand?post=6406"},{"taxonomy":"product_cat","embeddable":true,"href":"https:\/\/xindasafety.com\/de\/wp-json\/wp\/v2\/product_cat?post=6406"},{"taxonomy":"product_tag","embeddable":true,"href":"https:\/\/xindasafety.com\/de\/wp-json\/wp\/v2\/product_tag?post=6406"}],"curies":[{"name":"wp","href":"https:\/\/api.w.org\/{rel}","templated":true}]}}