{"id":6346,"date":"2025-10-04T08:17:29","date_gmt":"2025-10-04T08:17:29","guid":{"rendered":"https:\/\/xindasafety.com\/?post_type=product&#038;p=6346"},"modified":"2026-01-18T08:25:50","modified_gmt":"2026-01-18T08:25:50","slug":"abbildung-8-abseilgerat","status":"publish","type":"product","link":"https:\/\/xindasafety.com\/de\/product\/figure-8-descender\/","title":{"rendered":"XD8601"},"content":{"rendered":"<p><strong data-start=\"24\" data-end=\"34\">Marke:<\/strong> XINDA<br data-start=\"40\" data-end=\"43\" \/><strong data-start=\"43\" data-end=\"57\">Modell Nr.:<\/strong> XD-8601<br data-start=\"65\" data-end=\"68\" \/><strong data-start=\"68\" data-end=\"77\" data-is-only-node=\"\">Name:<\/strong> Abbildung 8 Abseilger\u00e4t<br data-start=\"96\" data-end=\"99\" \/><strong data-start=\"99\" data-end=\"121\">Bruchfestigkeit:<\/strong> 35 kN (\u2248 3500 kg) \/ 45 kN (\u2248 4500 kg)<br data-start=\"159\" data-end=\"162\" \/><strong data-start=\"162\" data-end=\"175\">Material:<\/strong> Hochfeste Aluminiumlegierung<br data-start=\"204\" data-end=\"207\" \/><strong data-start=\"207\" data-end=\"216\">Gr\u00f6\u00dfe:<\/strong> L\u00e4nge 14,5 cm \u00d7 Breite 7,6 cm<br data-start=\"246\" data-end=\"249\" \/><strong data-start=\"249\" data-end=\"263\">Die Dicke:<\/strong> 12,8 mm<br data-start=\"271\" data-end=\"274\" \/><strong data-start=\"274\" data-end=\"285\">Gewicht:<\/strong> 120 g<br data-start=\"291\" data-end=\"294\" \/><strong data-start=\"294\" data-end=\"323\">Anwendbarer Seildurchmesser:<\/strong> 8 - 13 mm<br data-start=\"333\" data-end=\"336\" \/><strong data-start=\"336\" data-end=\"353\">Anwendungen:<\/strong> Outdoor-Klettern, Felsklettern, Entwicklungsaktivit\u00e4ten, H\u00f6hlenforschung, Abseilen, Rettung, H\u00f6henarbeit, Absturzsicherung, technischer Schutz und mehr.<\/p>","protected":false},"excerpt":{"rendered":"<p>XINDA Outdoor-H\u00f6henabseilger\u00e4t - Figure 8 Abseilger\u00e4t f\u00fcr Bergsteigen, Klettern, Rettung und Abseilen<\/p>","protected":false},"featured_media":6338,"template":"","meta":{"_acf_changed":false},"product_brand":[],"product_cat":[105],"product_tag":[92,315],"class_list":{"0":"post-6346","1":"product","2":"type-product","3":"status-publish","4":"has-post-thumbnail","6":"product_cat-descender-gen-1","7":"product_tag-descender","8":"product_tag-figure-8-descender","10":"first","11":"instock","12":"shipping-taxable","13":"product-type-variable"},"acf":[],"_links":{"self":[{"href":"https:\/\/xindasafety.com\/de\/wp-json\/wp\/v2\/product\/6346","targetHints":{"allow":["GET"]}}],"collection":[{"href":"https:\/\/xindasafety.com\/de\/wp-json\/wp\/v2\/product"}],"about":[{"href":"https:\/\/xindasafety.com\/de\/wp-json\/wp\/v2\/types\/product"}],"version-history":[{"count":2,"href":"https:\/\/xindasafety.com\/de\/wp-json\/wp\/v2\/product\/6346\/revisions"}],"predecessor-version":[{"id":6749,"href":"https:\/\/xindasafety.com\/de\/wp-json\/wp\/v2\/product\/6346\/revisions\/6749"}],"wp:featuredmedia":[{"embeddable":true,"href":"https:\/\/xindasafety.com\/de\/wp-json\/wp\/v2\/media\/6338"}],"wp:attachment":[{"href":"https:\/\/xindasafety.com\/de\/wp-json\/wp\/v2\/media?parent=6346"}],"wp:term":[{"taxonomy":"product_brand","embeddable":true,"href":"https:\/\/xindasafety.com\/de\/wp-json\/wp\/v2\/product_brand?post=6346"},{"taxonomy":"product_cat","embeddable":true,"href":"https:\/\/xindasafety.com\/de\/wp-json\/wp\/v2\/product_cat?post=6346"},{"taxonomy":"product_tag","embeddable":true,"href":"https:\/\/xindasafety.com\/de\/wp-json\/wp\/v2\/product_tag?post=6346"}],"curies":[{"name":"wp","href":"https:\/\/api.w.org\/{rel}","templated":true}]}}