{"id":6184,"date":"2025-10-04T04:09:21","date_gmt":"2025-10-04T04:09:21","guid":{"rendered":"https:\/\/xindasafety.com\/?post_type=product&#038;p=6184"},"modified":"2026-04-17T07:48:18","modified_gmt":"2026-04-17T07:48:18","slug":"d-formiger-karabinerhaken-2","status":"publish","type":"product","link":"https:\/\/xindasafety.com\/de\/product\/d-shaped-carabiner-2\/","title":{"rendered":"XD8121"},"content":{"rendered":"<p data-start=\"35\" data-end=\"437\"><strong data-start=\"35\" data-end=\"52\">Produktname:<\/strong> Klettern Main Lock Karabiner<br data-start=\"81\" data-end=\"84\" \/><strong data-start=\"84\" data-end=\"94\">Marke:<\/strong> XINDA<br data-start=\"100\" data-end=\"103\" data-is-only-node=\"\" \/><strong data-start=\"103\" data-end=\"117\">Modell Nr.:<\/strong> XD-8121N\/TN<br data-start=\"129\" data-end=\"132\" \/><strong data-start=\"132\" data-end=\"145\">Material:<\/strong> Hochfeste Aluminiumlegierung<br data-start=\"174\" data-end=\"177\" \/><strong data-start=\"177\" data-end=\"190\">St\u00e4rke:<\/strong> 28kN<br data-start=\"195\" data-end=\"198\" \/><strong data-start=\"198\" data-end=\"207\">Gr\u00f6\u00dfe:<\/strong> L\u00e4nge 11 cm \u00d7 Breite 7,2 cm, Tor\u00f6ffnung 2,3 cm<br data-start=\"253\" data-end=\"256\" \/><strong data-start=\"256\" data-end=\"274\">Zertifizierung:<\/strong> CE1019 EN12275<br data-start=\"289\" data-end=\"292\" \/><strong data-start=\"292\" data-end=\"309\">Anwendungen:<\/strong> Bergsteigen, H\u00f6hlenforschung, Klettern, Entwicklungstraining, Rettung, H\u00f6henarbeit, Absturzsicherung, Abseilen und mehr.<\/p>","protected":false},"excerpt":{"rendered":"<p>XINDA Auto-Locking D-Shaped Main Carabiner - Heavy-Duty Safety Locking Hook f\u00fcr Outdoor-Klettern, Bergsteigen, und Yoga Rigging<\/p>","protected":false},"featured_media":6169,"template":"","meta":{"_acf_changed":false},"product_brand":[],"product_cat":[102],"product_tag":[304],"class_list":{"0":"post-6184","1":"product","2":"type-product","3":"status-publish","4":"has-post-thumbnail","6":"product_cat-carabiner-generation-1","7":"product_tag-d-shaped-carabiner","9":"first","10":"instock","11":"shipping-taxable","12":"product-type-variable"},"acf":[],"_links":{"self":[{"href":"https:\/\/xindasafety.com\/de\/wp-json\/wp\/v2\/product\/6184","targetHints":{"allow":["GET"]}}],"collection":[{"href":"https:\/\/xindasafety.com\/de\/wp-json\/wp\/v2\/product"}],"about":[{"href":"https:\/\/xindasafety.com\/de\/wp-json\/wp\/v2\/types\/product"}],"version-history":[{"count":3,"href":"https:\/\/xindasafety.com\/de\/wp-json\/wp\/v2\/product\/6184\/revisions"}],"predecessor-version":[{"id":6986,"href":"https:\/\/xindasafety.com\/de\/wp-json\/wp\/v2\/product\/6184\/revisions\/6986"}],"wp:featuredmedia":[{"embeddable":true,"href":"https:\/\/xindasafety.com\/de\/wp-json\/wp\/v2\/media\/6169"}],"wp:attachment":[{"href":"https:\/\/xindasafety.com\/de\/wp-json\/wp\/v2\/media?parent=6184"}],"wp:term":[{"taxonomy":"product_brand","embeddable":true,"href":"https:\/\/xindasafety.com\/de\/wp-json\/wp\/v2\/product_brand?post=6184"},{"taxonomy":"product_cat","embeddable":true,"href":"https:\/\/xindasafety.com\/de\/wp-json\/wp\/v2\/product_cat?post=6184"},{"taxonomy":"product_tag","embeddable":true,"href":"https:\/\/xindasafety.com\/de\/wp-json\/wp\/v2\/product_tag?post=6184"}],"curies":[{"name":"wp","href":"https:\/\/api.w.org\/{rel}","templated":true}]}}