{"id":6117,"date":"2025-10-04T03:42:54","date_gmt":"2025-10-04T03:42:54","guid":{"rendered":"https:\/\/xindasafety.com\/?post_type=product&#038;p=6117"},"modified":"2026-04-18T05:29:52","modified_gmt":"2026-04-18T05:29:52","slug":"bruststeigklemme-4","status":"publish","type":"product","link":"https:\/\/xindasafety.com\/de\/product\/chest-ascender-4\/","title":{"rendered":"HXS03"},"content":{"rendered":"<p><strong data-start=\"33\" data-end=\"43\">Marke:<\/strong> XINDA<br data-start=\"49\" data-end=\"52\" \/><strong data-start=\"52\" data-end=\"66\">Modell Nr.:<\/strong> HXS03<br data-start=\"72\" data-end=\"75\" data-is-only-node=\"\" \/><strong data-start=\"75\" data-end=\"92\">Produktname:<\/strong> Bruststeigklemme<br data-start=\"107\" data-end=\"110\" \/><strong data-start=\"110\" data-end=\"123\">Material:<\/strong> Hochfeste Aluminiumlegierung<br data-start=\"152\" data-end=\"155\" \/><strong data-start=\"155\" data-end=\"165\">Farbe:<\/strong> Khaki, Schwarz, Blau<br data-start=\"184\" data-end=\"187\" \/><strong data-start=\"187\" data-end=\"198\">Gewicht:<\/strong> 150g<br data-start=\"203\" data-end=\"206\" \/><strong data-start=\"206\" data-end=\"228\">Anwendbares Gewicht:<\/strong> Maximal 150kg<br data-start=\"238\" data-end=\"241\" \/><strong data-start=\"241\" data-end=\"254\">Standard:<\/strong> Nationale Norm<br data-start=\"272\" data-end=\"275\" \/><strong data-start=\"275\" data-end=\"284\">Gr\u00f6\u00dfe:<\/strong> Wie gezeigt<br data-start=\"293\" data-end=\"296\" \/><strong data-start=\"296\" data-end=\"313\">Anwendungen:<\/strong> Bergsteigen, Felsklettern, Entwicklungstraining, H\u00f6hlenforschung, SRT, Rettung im Freien, Training mit Steigklemmen in der Halle, Arbeit in gro\u00dfen H\u00f6hen und verschiedene Aktivit\u00e4ten im Freien.<\/p>","protected":false},"excerpt":{"rendered":"<p>XINDA Chest Ascender - Seilkletterger\u00e4t f\u00fcr Outdoor-Bergsteigen, H\u00f6hlenforschung, Felsklettern und H\u00f6henarbeiten<\/p>","protected":false},"featured_media":6118,"template":"","meta":{"_acf_changed":false},"product_brand":[],"product_cat":[99],"product_tag":[198,210],"class_list":{"0":"post-6117","1":"product","2":"type-product","3":"status-publish","4":"has-post-thumbnail","6":"product_cat-ascender-generation-1","7":"product_tag-ascender","8":"product_tag-chest-ascender","10":"first","11":"instock","12":"shipping-taxable","13":"product-type-variable"},"acf":[],"_links":{"self":[{"href":"https:\/\/xindasafety.com\/de\/wp-json\/wp\/v2\/product\/6117","targetHints":{"allow":["GET"]}}],"collection":[{"href":"https:\/\/xindasafety.com\/de\/wp-json\/wp\/v2\/product"}],"about":[{"href":"https:\/\/xindasafety.com\/de\/wp-json\/wp\/v2\/types\/product"}],"version-history":[{"count":3,"href":"https:\/\/xindasafety.com\/de\/wp-json\/wp\/v2\/product\/6117\/revisions"}],"predecessor-version":[{"id":7040,"href":"https:\/\/xindasafety.com\/de\/wp-json\/wp\/v2\/product\/6117\/revisions\/7040"}],"wp:featuredmedia":[{"embeddable":true,"href":"https:\/\/xindasafety.com\/de\/wp-json\/wp\/v2\/media\/6118"}],"wp:attachment":[{"href":"https:\/\/xindasafety.com\/de\/wp-json\/wp\/v2\/media?parent=6117"}],"wp:term":[{"taxonomy":"product_brand","embeddable":true,"href":"https:\/\/xindasafety.com\/de\/wp-json\/wp\/v2\/product_brand?post=6117"},{"taxonomy":"product_cat","embeddable":true,"href":"https:\/\/xindasafety.com\/de\/wp-json\/wp\/v2\/product_cat?post=6117"},{"taxonomy":"product_tag","embeddable":true,"href":"https:\/\/xindasafety.com\/de\/wp-json\/wp\/v2\/product_tag?post=6117"}],"curies":[{"name":"wp","href":"https:\/\/api.w.org\/{rel}","templated":true}]}}