{"id":6057,"date":"2025-10-05T03:08:46","date_gmt":"2025-10-05T03:08:46","guid":{"rendered":"https:\/\/xindasafety.com\/?post_type=product&#038;p=6057"},"modified":"2026-01-18T08:12:42","modified_gmt":"2026-01-18T08:12:42","slug":"auffanggerat-aus-rostfreiem-stahl","status":"publish","type":"product","link":"https:\/\/xindasafety.com\/de\/product\/stainless-steel-fall-arrester\/","title":{"rendered":"XD9791"},"content":{"rendered":"<p data-start=\"21\" data-end=\"146\"><strong data-start=\"21\" data-end=\"38\">Produktname:<\/strong> Auffangger\u00e4t aus Edelstahl<br data-start=\"68\" data-end=\"71\" \/><strong data-start=\"71\" data-end=\"81\">Marke:<\/strong> XINDA<br data-start=\"87\" data-end=\"90\" \/><strong data-start=\"90\" data-end=\"104\">Modell Nr.:<\/strong> XD-9791<br data-start=\"112\" data-end=\"115\" \/><strong data-start=\"115\" data-end=\"128\">Material:<\/strong> Rostfreier Stahl<\/p>\n<p data-start=\"148\" data-end=\"159\"><strong data-start=\"148\" data-end=\"157\">Gr\u00f6\u00dfe:<\/strong><\/p>\n<ul data-start=\"160\" data-end=\"214\">\n<li data-start=\"160\" data-end=\"187\">\n<p data-start=\"162\" data-end=\"187\">16 mm: 110 \u00d7 75 \u00d7 50 mm<\/p>\n<\/li>\n<li data-start=\"188\" data-end=\"214\">\n<p data-start=\"190\" data-end=\"214\">12 mm: 94 \u00d7 70 \u00d7 42 mm<\/p>\n<\/li>\n<\/ul>\n<p data-start=\"216\" data-end=\"229\"><strong data-start=\"216\" data-end=\"227\">Gewicht:<\/strong><\/p>\n<ul data-start=\"230\" data-end=\"263\">\n<li data-start=\"230\" data-end=\"246\">\n<p data-start=\"232\" data-end=\"246\">16 mm: 448 g<\/p>\n<\/li>\n<li data-start=\"247\" data-end=\"263\">\n<p data-start=\"249\" data-end=\"263\">12 mm: 357 g<\/p>\n<\/li>\n<\/ul>\n<p data-start=\"265\" data-end=\"296\"><strong data-start=\"265\" data-end=\"294\">Anwendbarer Seildurchmesser:<\/strong><\/p>\n<ul data-start=\"297\" data-end=\"362\">\n<li data-start=\"297\" data-end=\"328\">\n<p data-start=\"299\" data-end=\"328\">Modell 16 mm: 14-16 mm Seile<\/p>\n<\/li>\n<li data-start=\"329\" data-end=\"362\">\n<p data-start=\"331\" data-end=\"362\">Modell 12 mm: 10,5-12 mm Seile<\/p>\n<\/li>\n<\/ul>\n<p data-start=\"364\" data-end=\"396\"><strong data-start=\"364\" data-end=\"381\">Arbeitsbelastung:<\/strong> Max \u2264 100 kg<\/p>\n<p data-start=\"398\" data-end=\"582\"><strong data-start=\"398\" data-end=\"415\">Anwendungen:<\/strong><br data-start=\"415\" data-end=\"418\" \/>Bergsteigen, Klettern, Abseilen, H\u00f6hlenforschung, Ausbildungs- und Entwicklungsaktivit\u00e4ten, Rettung in der freien Natur, Eins\u00e4tze in gro\u00dfen H\u00f6hen, Absturzsicherung und damit verbundene Arbeiten.<\/p>","protected":false},"excerpt":{"rendered":"<p>XINDA Beidouxing Auffangger\u00e4t aus Edelstahl (f\u00fcr 10,5-16 mm Seile) - Sicherheitsausr\u00fcstung f\u00fcr Arbeiten in gro\u00dfer H\u00f6he und an Au\u00dfenw\u00e4nden<\/p>","protected":false},"featured_media":6059,"template":"","meta":{"_acf_changed":false},"product_brand":[],"product_cat":[109],"product_tag":[202],"class_list":{"0":"post-6057","1":"product","2":"type-product","3":"status-publish","4":"has-post-thumbnail","6":"product_cat-full-arrestor-gen2","7":"product_tag-fall-arrester","9":"first","10":"instock","11":"shipping-taxable","12":"product-type-variable"},"acf":[],"_links":{"self":[{"href":"https:\/\/xindasafety.com\/de\/wp-json\/wp\/v2\/product\/6057","targetHints":{"allow":["GET"]}}],"collection":[{"href":"https:\/\/xindasafety.com\/de\/wp-json\/wp\/v2\/product"}],"about":[{"href":"https:\/\/xindasafety.com\/de\/wp-json\/wp\/v2\/types\/product"}],"version-history":[{"count":2,"href":"https:\/\/xindasafety.com\/de\/wp-json\/wp\/v2\/product\/6057\/revisions"}],"predecessor-version":[{"id":6737,"href":"https:\/\/xindasafety.com\/de\/wp-json\/wp\/v2\/product\/6057\/revisions\/6737"}],"wp:featuredmedia":[{"embeddable":true,"href":"https:\/\/xindasafety.com\/de\/wp-json\/wp\/v2\/media\/6059"}],"wp:attachment":[{"href":"https:\/\/xindasafety.com\/de\/wp-json\/wp\/v2\/media?parent=6057"}],"wp:term":[{"taxonomy":"product_brand","embeddable":true,"href":"https:\/\/xindasafety.com\/de\/wp-json\/wp\/v2\/product_brand?post=6057"},{"taxonomy":"product_cat","embeddable":true,"href":"https:\/\/xindasafety.com\/de\/wp-json\/wp\/v2\/product_cat?post=6057"},{"taxonomy":"product_tag","embeddable":true,"href":"https:\/\/xindasafety.com\/de\/wp-json\/wp\/v2\/product_tag?post=6057"}],"curies":[{"name":"wp","href":"https:\/\/api.w.org\/{rel}","templated":true}]}}