{"id":5831,"date":"2025-10-02T08:52:45","date_gmt":"2025-10-02T08:52:45","guid":{"rendered":"https:\/\/xindasafety.com\/?post_type=product&#038;p=5831"},"modified":"2026-04-22T06:06:45","modified_gmt":"2026-04-22T06:06:45","slug":"fussteigklemme","status":"publish","type":"product","link":"https:\/\/xindasafety.com\/de\/product\/foot-ascender\/","title":{"rendered":"XDQ9710"},"content":{"rendered":"<p><strong data-start=\"70\" data-end=\"87\">Produktname:<\/strong> Fu\u00dfaufstiegshilfe<br data-start=\"101\" data-end=\"104\" \/><strong data-start=\"104\" data-end=\"117\">Material:<\/strong> Hochfeste Aluminiumlegierung<br data-start=\"146\" data-end=\"149\" \/><strong data-start=\"149\" data-end=\"178\" data-is-only-node=\"\">Anwendbarer Seildurchmesser:<\/strong> 8-13mm<br data-start=\"185\" data-end=\"188\" \/><strong data-start=\"188\" data-end=\"199\">Gewicht:<\/strong> 123g<br data-start=\"204\" data-end=\"207\" \/><strong data-start=\"207\" data-end=\"224\">Maximale Belastung:<\/strong> 120kg<br data-start=\"230\" data-end=\"233\" \/><strong data-start=\"233\" data-end=\"249\">Anwendung:<\/strong> Seilaufstieg, H\u00f6hlenforschung, etc.<\/p>","protected":false},"excerpt":{"rendered":"<p>Xinda Outdoor Foot Ascender, Rechts Fu\u00df Step-Type Climbing Device, Rope Ascender, Foot Climbing Rope Ascender f\u00fcr Bergsteigen und Klettern Ausr\u00fcstung<\/p>","protected":false},"featured_media":5832,"template":"","meta":{"_acf_changed":false},"product_brand":[],"product_cat":[99],"product_tag":[198,303],"class_list":{"0":"post-5831","1":"product","2":"type-product","3":"status-publish","4":"has-post-thumbnail","6":"product_cat-ascender-generation-1","7":"product_tag-ascender","8":"product_tag-foot-ascender","10":"first","11":"instock","12":"shipping-taxable","13":"product-type-variable"},"acf":[],"_links":{"self":[{"href":"https:\/\/xindasafety.com\/de\/wp-json\/wp\/v2\/product\/5831","targetHints":{"allow":["GET"]}}],"collection":[{"href":"https:\/\/xindasafety.com\/de\/wp-json\/wp\/v2\/product"}],"about":[{"href":"https:\/\/xindasafety.com\/de\/wp-json\/wp\/v2\/types\/product"}],"version-history":[{"count":4,"href":"https:\/\/xindasafety.com\/de\/wp-json\/wp\/v2\/product\/5831\/revisions"}],"predecessor-version":[{"id":7399,"href":"https:\/\/xindasafety.com\/de\/wp-json\/wp\/v2\/product\/5831\/revisions\/7399"}],"wp:featuredmedia":[{"embeddable":true,"href":"https:\/\/xindasafety.com\/de\/wp-json\/wp\/v2\/media\/5832"}],"wp:attachment":[{"href":"https:\/\/xindasafety.com\/de\/wp-json\/wp\/v2\/media?parent=5831"}],"wp:term":[{"taxonomy":"product_brand","embeddable":true,"href":"https:\/\/xindasafety.com\/de\/wp-json\/wp\/v2\/product_brand?post=5831"},{"taxonomy":"product_cat","embeddable":true,"href":"https:\/\/xindasafety.com\/de\/wp-json\/wp\/v2\/product_cat?post=5831"},{"taxonomy":"product_tag","embeddable":true,"href":"https:\/\/xindasafety.com\/de\/wp-json\/wp\/v2\/product_tag?post=5831"}],"curies":[{"name":"wp","href":"https:\/\/api.w.org\/{rel}","templated":true}]}}