{"id":5689,"date":"2025-10-02T07:45:58","date_gmt":"2025-10-02T07:45:58","guid":{"rendered":"https:\/\/xindasafety.com\/?post_type=product&#038;p=5689"},"modified":"2026-01-18T09:06:00","modified_gmt":"2026-01-18T09:06:00","slug":"federungsarbeit-sitz-2","status":"publish","type":"product","link":"https:\/\/xindasafety.com\/de\/product\/suspension-work-seat-2\/","title":{"rendered":"HZB01"},"content":{"rendered":"<p>Marke:Xinda<br data-start=\"41\" data-end=\"44\" \/>Produktname:Hochgelegenes Arbeitssitzbrett<br data-start=\"86\" data-end=\"89\" \/>Gr\u00f6\u00dfe:L:56\u00d755\u00d721cm \/ S:56\u00d755\u00d716cm<br data-start=\"121\" data-end=\"124\" \/>Material: Aluminiumlegierung, Nylon<br data-start=\"153\" data-end=\"156\" \/>Farbe:Rot-Schwarz<br data-start=\"171\" data-end=\"174\" \/>Gewicht:L:1667g \/ S:1200g<br data-start=\"198\" data-end=\"201\" \/>Anwendung: H\u00f6henarbeiten, Fensterreinigung, Installation von Klimaanlagen, technische Arbeiten<br data-start=\"299\" data-end=\"302\" \/>\u26a0\ufe0fNote:Diese Ausr\u00fcstung ist nicht als pers\u00f6nliche Schutzausr\u00fcstung klassifiziert und darf nicht zur Absturzsicherung verwendet werden.<\/p>","protected":false},"excerpt":{"rendered":"<p>XINDA Hua Serie H\u00f6henarbeit Sicherheitsgeschirr Sitzbrett, Suspension Bosun Stuhl mit Fallschutz f\u00fcr Outdoor-Seil Zugang und Fensterreinigung<\/p>","protected":false},"featured_media":5690,"template":"","meta":{"_acf_changed":false},"product_brand":[],"product_cat":[109],"product_tag":[300],"class_list":{"0":"post-5689","1":"product","2":"type-product","3":"status-publish","4":"has-post-thumbnail","6":"product_cat-full-arrestor-gen2","7":"product_tag-work-seat","9":"first","10":"instock","11":"shipping-taxable","12":"product-type-variable"},"acf":[],"_links":{"self":[{"href":"https:\/\/xindasafety.com\/de\/wp-json\/wp\/v2\/product\/5689","targetHints":{"allow":["GET"]}}],"collection":[{"href":"https:\/\/xindasafety.com\/de\/wp-json\/wp\/v2\/product"}],"about":[{"href":"https:\/\/xindasafety.com\/de\/wp-json\/wp\/v2\/types\/product"}],"version-history":[{"count":2,"href":"https:\/\/xindasafety.com\/de\/wp-json\/wp\/v2\/product\/5689\/revisions"}],"predecessor-version":[{"id":6818,"href":"https:\/\/xindasafety.com\/de\/wp-json\/wp\/v2\/product\/5689\/revisions\/6818"}],"wp:featuredmedia":[{"embeddable":true,"href":"https:\/\/xindasafety.com\/de\/wp-json\/wp\/v2\/media\/5690"}],"wp:attachment":[{"href":"https:\/\/xindasafety.com\/de\/wp-json\/wp\/v2\/media?parent=5689"}],"wp:term":[{"taxonomy":"product_brand","embeddable":true,"href":"https:\/\/xindasafety.com\/de\/wp-json\/wp\/v2\/product_brand?post=5689"},{"taxonomy":"product_cat","embeddable":true,"href":"https:\/\/xindasafety.com\/de\/wp-json\/wp\/v2\/product_cat?post=5689"},{"taxonomy":"product_tag","embeddable":true,"href":"https:\/\/xindasafety.com\/de\/wp-json\/wp\/v2\/product_tag?post=5689"}],"curies":[{"name":"wp","href":"https:\/\/api.w.org\/{rel}","templated":true}]}}