{"id":5628,"date":"2025-10-02T05:45:41","date_gmt":"2025-10-02T05:45:41","guid":{"rendered":"https:\/\/xindasafety.com\/?post_type=product&#038;p=5628"},"modified":"2026-01-18T09:06:12","modified_gmt":"2026-01-18T09:06:12","slug":"handtragetasche-fur-ausrustung","status":"publish","type":"product","link":"https:\/\/xindasafety.com\/de\/product\/hand-carry-gear-storage-bag\/","title":{"rendered":"XDBAG23BH"},"content":{"rendered":"<p>Marke:Xinda<br data-start=\"44\" data-end=\"47\" \/>Modell-Nr.:XD-BAG23<br data-start=\"65\" data-end=\"68\" \/>Produktname:Handgetragener Gear Storage Bag<br data-start=\"108\" data-end=\"111\" \/>Material:Nylon,PVC<br data-start=\"129\" data-end=\"132\" \/>Gr\u00f6\u00dfe:37\u00d715\u00d718cm<br data-start=\"147\" data-end=\"150\" \/>Gewicht:720g<br data-start=\"161\" data-end=\"164\" \/>Eigenschaften:Speziell f\u00fcr Kletter- und H\u00f6hlenausr\u00fcstungen entwickelt, kann ein komplettes Ausr\u00fcstungsset verstaut werden, mit F\u00e4chern f\u00fcr Hauptschloss, Abseilger\u00e4t und ID-Kartenschlitz<\/p>","protected":false},"excerpt":{"rendered":"<p>XINDA Outdoor Klettern und Bergsteigen Aufbewahrungstasche, Caving SRT Gear Tool Bag, Hand-Carry wasserdicht und verschlei\u00dffest tragbare Ausr\u00fcstung Tasche<\/p>","protected":false},"featured_media":5636,"template":"","meta":{"_acf_changed":false},"product_brand":[],"product_cat":[124],"product_tag":[242],"class_list":{"0":"post-5628","1":"product","2":"type-product","3":"status-publish","4":"has-post-thumbnail","6":"product_cat-packs-gen2","7":"product_tag-storage-bag","9":"first","10":"instock","11":"shipping-taxable","12":"product-type-simple"},"acf":[],"_links":{"self":[{"href":"https:\/\/xindasafety.com\/de\/wp-json\/wp\/v2\/product\/5628","targetHints":{"allow":["GET"]}}],"collection":[{"href":"https:\/\/xindasafety.com\/de\/wp-json\/wp\/v2\/product"}],"about":[{"href":"https:\/\/xindasafety.com\/de\/wp-json\/wp\/v2\/types\/product"}],"version-history":[{"count":2,"href":"https:\/\/xindasafety.com\/de\/wp-json\/wp\/v2\/product\/5628\/revisions"}],"predecessor-version":[{"id":6819,"href":"https:\/\/xindasafety.com\/de\/wp-json\/wp\/v2\/product\/5628\/revisions\/6819"}],"wp:featuredmedia":[{"embeddable":true,"href":"https:\/\/xindasafety.com\/de\/wp-json\/wp\/v2\/media\/5636"}],"wp:attachment":[{"href":"https:\/\/xindasafety.com\/de\/wp-json\/wp\/v2\/media?parent=5628"}],"wp:term":[{"taxonomy":"product_brand","embeddable":true,"href":"https:\/\/xindasafety.com\/de\/wp-json\/wp\/v2\/product_brand?post=5628"},{"taxonomy":"product_cat","embeddable":true,"href":"https:\/\/xindasafety.com\/de\/wp-json\/wp\/v2\/product_cat?post=5628"},{"taxonomy":"product_tag","embeddable":true,"href":"https:\/\/xindasafety.com\/de\/wp-json\/wp\/v2\/product_tag?post=5628"}],"curies":[{"name":"wp","href":"https:\/\/api.w.org\/{rel}","templated":true}]}}