{"id":5597,"date":"2025-10-02T05:31:50","date_gmt":"2025-10-02T05:31:50","guid":{"rendered":"https:\/\/xindasafety.com\/?post_type=product&#038;p=5597"},"modified":"2026-01-18T09:09:00","modified_gmt":"2026-01-18T09:09:00","slug":"tragbare-werkzeugtasche-3","status":"publish","type":"product","link":"https:\/\/xindasafety.com\/de\/product\/portable-tool-bag-2\/","title":{"rendered":"XDBAG29"},"content":{"rendered":"<p>Marke:Xinda<br data-start=\"42\" data-end=\"45\" \/>Modell-Nr.:XD-BAG29<br data-start=\"63\" data-end=\"66\" \/>Produktname:Outdoor Gear Bag<br data-start=\"95\" data-end=\"98\" \/>Material:PVC-Mesh-Gewebe, beschichtetes Gewebe<br data-start=\"136\" data-end=\"139\" \/>Gr\u00f6\u00dfe:17\u00d79\u00d723,5cm<br data-start=\"155\" data-end=\"158\" \/>Fassungsverm\u00f6gen:4L<br data-start=\"169\" data-end=\"172\" \/>Gewicht:200g<br data-start=\"183\" data-end=\"186\" \/>Farbe:Khaki<br data-start=\"197\" data-end=\"200\" \/>Anwendung: Felsklettern, Baumklettern, H\u00f6henarbeit<br data-start=\"258\" data-end=\"261\" \/>Standard:QB\/T1333-2018<br data-start=\"283\" data-end=\"286\" \/>Eigenschaften:Langlebig und abriebfest,Nahtloser Pressvorgang,Mehrere Befestigungspunkte,Ausgestattet mit Kordelzugverschluss<\/p>","protected":false},"excerpt":{"rendered":"<p>XINDA Outdoor-Werkzeugtasche, tragbare G\u00fcrteltasche f\u00fcr H\u00f6henarbeiten, Baumklettern, Kurzseil-H\u00f6hlenforschung, Verschraubungen, Expansionsanker, Elektrobohrer und Felsklettern<\/p>","protected":false},"featured_media":5598,"template":"","meta":{"_acf_changed":false},"product_brand":[],"product_cat":[124],"product_tag":[162],"class_list":{"0":"post-5597","1":"product","2":"type-product","3":"status-publish","4":"has-post-thumbnail","6":"product_cat-packs-gen2","7":"product_tag-tool-bag","9":"first","10":"instock","11":"shipping-taxable","12":"product-type-variable"},"acf":[],"_links":{"self":[{"href":"https:\/\/xindasafety.com\/de\/wp-json\/wp\/v2\/product\/5597","targetHints":{"allow":["GET"]}}],"collection":[{"href":"https:\/\/xindasafety.com\/de\/wp-json\/wp\/v2\/product"}],"about":[{"href":"https:\/\/xindasafety.com\/de\/wp-json\/wp\/v2\/types\/product"}],"version-history":[{"count":2,"href":"https:\/\/xindasafety.com\/de\/wp-json\/wp\/v2\/product\/5597\/revisions"}],"predecessor-version":[{"id":6823,"href":"https:\/\/xindasafety.com\/de\/wp-json\/wp\/v2\/product\/5597\/revisions\/6823"}],"wp:featuredmedia":[{"embeddable":true,"href":"https:\/\/xindasafety.com\/de\/wp-json\/wp\/v2\/media\/5598"}],"wp:attachment":[{"href":"https:\/\/xindasafety.com\/de\/wp-json\/wp\/v2\/media?parent=5597"}],"wp:term":[{"taxonomy":"product_brand","embeddable":true,"href":"https:\/\/xindasafety.com\/de\/wp-json\/wp\/v2\/product_brand?post=5597"},{"taxonomy":"product_cat","embeddable":true,"href":"https:\/\/xindasafety.com\/de\/wp-json\/wp\/v2\/product_cat?post=5597"},{"taxonomy":"product_tag","embeddable":true,"href":"https:\/\/xindasafety.com\/de\/wp-json\/wp\/v2\/product_tag?post=5597"}],"curies":[{"name":"wp","href":"https:\/\/api.w.org\/{rel}","templated":true}]}}