{"id":5129,"date":"2025-09-19T06:47:54","date_gmt":"2025-09-19T06:47:54","guid":{"rendered":"https:\/\/xindasafety.com\/?post_type=product&#038;p=5129"},"modified":"2026-04-21T01:56:36","modified_gmt":"2026-04-21T01:56:36","slug":"flying-eagle-air-halbkorpergurtzeug","status":"publish","type":"product","link":"https:\/\/xindasafety.com\/de\/product\/flying-eagle-air-half-body-harness\/","title":{"rendered":"HA9559B"},"content":{"rendered":"<p data-start=\"0\" data-end=\"253\"><strong data-start=\"0\" data-end=\"17\">Produktname:<\/strong> Halbk\u00f6rpergurtzeug AIR<br data-start=\"39\" data-end=\"42\" data-is-only-node=\"\" \/><strong data-start=\"42\" data-end=\"52\">Marke:<\/strong> Xinda<br data-start=\"58\" data-end=\"61\" \/><strong data-start=\"61\" data-end=\"75\">Modell Nr.:<\/strong> H-A9559-B (EAGLE)<br data-start=\"93\" data-end=\"96\" \/><strong data-start=\"96\" data-end=\"109\">Material:<\/strong> Beschichtung, Hochfestes Aluminium, Hochfester Stahl, PP, PVC<br data-start=\"171\" data-end=\"174\" \/><strong data-start=\"174\" data-end=\"184\">Farbe:<\/strong> Ganz Schwarz, Schwarz + Gr\u00fcn<br data-start=\"209\" data-end=\"212\" \/><strong data-start=\"212\" data-end=\"225\">Standard:<\/strong> CE EN358:2018, EN813:2008<\/p>\n<div class=\"_tableContainer_1rjym_1\">\n<div class=\"group _tableWrapper_1rjym_13 flex w-fit flex-col-reverse\" tabindex=\"-1\">\n<table class=\"w-fit min-w-(--thread-content-width)\" data-start=\"255\" data-end=\"641\" data-is-last-node=\"\" data-is-only-node=\"\">\n<thead data-start=\"255\" data-end=\"331\">\n<tr data-start=\"255\" data-end=\"331\">\n<th data-start=\"255\" data-end=\"262\" data-col-size=\"sm\">Gr\u00f6\u00dfe<\/th>\n<th data-start=\"262\" data-end=\"271\" data-col-size=\"sm\">Gewicht<\/th>\n<th data-start=\"271\" data-end=\"286\" data-col-size=\"sm\">H\u00f6he Bereich<\/th>\n<th data-start=\"286\" data-end=\"308\" data-col-size=\"sm\">Umfang der Taille<\/th>\n<th data-start=\"308\" data-end=\"331\" data-col-size=\"sm\">Umfang der Oberschenkel<\/th>\n<\/tr>\n<\/thead>\n<tbody data-start=\"409\" data-end=\"641\" data-is-last-node=\"\">\n<tr data-start=\"409\" data-end=\"485\">\n<td data-start=\"409\" data-end=\"416\" data-col-size=\"sm\">M<\/td>\n<td data-start=\"416\" data-end=\"425\" data-col-size=\"sm\">1065 g<\/td>\n<td data-start=\"425\" data-end=\"440\" data-col-size=\"sm\">165-175 cm<\/td>\n<td data-start=\"440\" data-end=\"462\" data-col-size=\"sm\">74-108 cm<\/td>\n<td data-start=\"462\" data-end=\"485\" data-col-size=\"sm\">45-65 cm<\/td>\n<\/tr>\n<tr data-start=\"486\" data-end=\"562\">\n<td data-start=\"486\" data-end=\"493\" data-col-size=\"sm\">L<\/td>\n<td data-start=\"493\" data-end=\"502\" data-col-size=\"sm\">1100 g<\/td>\n<td data-start=\"502\" data-end=\"517\" data-col-size=\"sm\">170-185 cm<\/td>\n<td data-start=\"517\" data-end=\"539\" data-col-size=\"sm\">80-120 cm<\/td>\n<td data-start=\"539\" data-end=\"562\" data-col-size=\"sm\">55-85 cm<\/td>\n<\/tr>\n<tr data-start=\"563\" data-end=\"641\" data-is-last-node=\"\">\n<td data-start=\"563\" data-end=\"570\" data-col-size=\"sm\">XL<\/td>\n<td data-start=\"570\" data-end=\"579\" data-col-size=\"sm\">1135 g<\/td>\n<td data-start=\"579\" data-end=\"594\" data-col-size=\"sm\">175-200 cm<\/td>\n<td data-start=\"594\" data-end=\"616\" data-col-size=\"sm\">86-132 cm<\/td>\n<td data-start=\"616\" data-end=\"641\" data-is-last-node=\"\" data-col-size=\"sm\">55-85 cm<\/td>\n<\/tr>\n<\/tbody>\n<\/table>\n<\/div>\n<\/div>","protected":false},"excerpt":{"rendered":"<p>Xinda Hua Serie Flying Eagle Harness AIR - Multifunktionaler, komfortabler Halbk\u00f6rpergurt zum Bergsteigen, Klettern, Abseilen und Arbeiten in gro\u00dfer H\u00f6he<\/p>","protected":false},"featured_media":5119,"template":"","meta":{"_acf_changed":false},"product_brand":[],"product_cat":[115],"product_tag":[226],"class_list":{"0":"post-5129","1":"product","2":"type-product","3":"status-publish","4":"has-post-thumbnail","6":"product_cat-harness-gen2","7":"product_tag-half-body-harness","9":"first","10":"instock","11":"shipping-taxable","12":"product-type-variable"},"acf":[],"_links":{"self":[{"href":"https:\/\/xindasafety.com\/de\/wp-json\/wp\/v2\/product\/5129","targetHints":{"allow":["GET"]}}],"collection":[{"href":"https:\/\/xindasafety.com\/de\/wp-json\/wp\/v2\/product"}],"about":[{"href":"https:\/\/xindasafety.com\/de\/wp-json\/wp\/v2\/types\/product"}],"version-history":[{"count":3,"href":"https:\/\/xindasafety.com\/de\/wp-json\/wp\/v2\/product\/5129\/revisions"}],"predecessor-version":[{"id":7252,"href":"https:\/\/xindasafety.com\/de\/wp-json\/wp\/v2\/product\/5129\/revisions\/7252"}],"wp:featuredmedia":[{"embeddable":true,"href":"https:\/\/xindasafety.com\/de\/wp-json\/wp\/v2\/media\/5119"}],"wp:attachment":[{"href":"https:\/\/xindasafety.com\/de\/wp-json\/wp\/v2\/media?parent=5129"}],"wp:term":[{"taxonomy":"product_brand","embeddable":true,"href":"https:\/\/xindasafety.com\/de\/wp-json\/wp\/v2\/product_brand?post=5129"},{"taxonomy":"product_cat","embeddable":true,"href":"https:\/\/xindasafety.com\/de\/wp-json\/wp\/v2\/product_cat?post=5129"},{"taxonomy":"product_tag","embeddable":true,"href":"https:\/\/xindasafety.com\/de\/wp-json\/wp\/v2\/product_tag?post=5129"}],"curies":[{"name":"wp","href":"https:\/\/api.w.org\/{rel}","templated":true}]}}