{"id":4846,"date":"2025-09-08T08:13:24","date_gmt":"2025-09-08T08:13:24","guid":{"rendered":"https:\/\/xindasafety.com\/?post_type=product&#038;p=4846"},"modified":"2026-04-17T07:36:40","modified_gmt":"2026-04-17T07:36:40","slug":"halbkorpergurt-2","status":"publish","type":"product","link":"https:\/\/xindasafety.com\/de\/product\/half-body-harness-2\/","title":{"rendered":"HA9526"},"content":{"rendered":"<p data-start=\"39\" data-end=\"299\"><strong data-start=\"39\" data-end=\"56\">Produktname:<\/strong> Halbk\u00f6rper-Gurtzeug<br data-start=\"74\" data-end=\"77\" \/><strong data-start=\"77\" data-end=\"87\">Marke:<\/strong> Xinda<br data-start=\"93\" data-end=\"96\" \/><strong data-start=\"96\" data-end=\"110\">Modell Nr.:<\/strong> H-A9526<br data-start=\"118\" data-end=\"121\" data-is-only-node=\"\" \/><strong data-start=\"121\" data-end=\"134\">Material:<\/strong> Hochfestes Polyester + Aluminiumlegierung<br data-start=\"175\" data-end=\"178\" \/><strong data-start=\"178\" data-end=\"187\">Gr\u00f6\u00dfe:<\/strong> M \/ L \/ XL<br data-start=\"198\" data-end=\"201\" \/><strong data-start=\"201\" data-end=\"212\">Gewicht:<\/strong> 492 g \/ 650 g \/ 770 g<br data-start=\"234\" data-end=\"237\" \/><strong data-start=\"237\" data-end=\"247\">Farbe:<\/strong> Rot, Blau, Schwarz<br data-start=\"264\" data-end=\"267\" \/><strong data-start=\"267\" data-end=\"280\">Standard:<\/strong> CE 1019, EN12277<\/p>\n<p data-start=\"301\" data-end=\"452\"><strong data-start=\"301\" data-end=\"323\">Anwendungsbereich:<\/strong><br data-start=\"323\" data-end=\"326\" \/>Bergsteigen, Klettern, Expansions\u00fcbungen, Brandbek\u00e4mpfung, Arbeiten in der Luft, technischer Schutz, H\u00f6hlenforschung, Abseilen, usw.<\/p>\n<table style=\"height: 165px;\" width=\"585\">\n<thead>\n<tr>\n<th>Gr\u00f6\u00dfe<\/th>\n<th>Gewicht<\/th>\n<th>A (Taillenumfang)<\/th>\n<th>B (Beinumfang)<\/th>\n<\/tr>\n<\/thead>\n<tbody>\n<tr>\n<td>M<\/td>\n<td>492 g<\/td>\n<td>65-85 cm (25-33 Zoll)<\/td>\n<td>55-65 cm (21-25 Zoll)<\/td>\n<\/tr>\n<tr>\n<td>L<\/td>\n<td>650 g<\/td>\n<td>75-95 cm (29-37 in)<\/td>\n<td>58-68 cm (22-26 Zoll)<\/td>\n<\/tr>\n<tr>\n<td>XL<\/td>\n<td>770 g<\/td>\n<td>85-105 cm (33-41 Zoll)<\/td>\n<td>63-73 cm (24-28 Zoll)<\/td>\n<\/tr>\n<\/tbody>\n<\/table>","protected":false},"excerpt":{"rendered":"<p>Xinda Hua Serie Komfortabler Klettergurt f\u00fcr den halben K\u00f6rper - Multifunktionaler, verstellbarer Sicherheitsgurt zum Bergsteigen, Klettern und Abseilen<\/p>","protected":false},"featured_media":4847,"template":"","meta":{"_acf_changed":false},"product_brand":[],"product_cat":[115],"product_tag":[226],"class_list":{"0":"post-4846","1":"product","2":"type-product","3":"status-publish","4":"has-post-thumbnail","6":"product_cat-harness-gen2","7":"product_tag-half-body-harness","9":"first","10":"instock","11":"shipping-taxable","12":"product-type-variable"},"acf":[],"_links":{"self":[{"href":"https:\/\/xindasafety.com\/de\/wp-json\/wp\/v2\/product\/4846","targetHints":{"allow":["GET"]}}],"collection":[{"href":"https:\/\/xindasafety.com\/de\/wp-json\/wp\/v2\/product"}],"about":[{"href":"https:\/\/xindasafety.com\/de\/wp-json\/wp\/v2\/types\/product"}],"version-history":[{"count":3,"href":"https:\/\/xindasafety.com\/de\/wp-json\/wp\/v2\/product\/4846\/revisions"}],"predecessor-version":[{"id":6977,"href":"https:\/\/xindasafety.com\/de\/wp-json\/wp\/v2\/product\/4846\/revisions\/6977"}],"wp:featuredmedia":[{"embeddable":true,"href":"https:\/\/xindasafety.com\/de\/wp-json\/wp\/v2\/media\/4847"}],"wp:attachment":[{"href":"https:\/\/xindasafety.com\/de\/wp-json\/wp\/v2\/media?parent=4846"}],"wp:term":[{"taxonomy":"product_brand","embeddable":true,"href":"https:\/\/xindasafety.com\/de\/wp-json\/wp\/v2\/product_brand?post=4846"},{"taxonomy":"product_cat","embeddable":true,"href":"https:\/\/xindasafety.com\/de\/wp-json\/wp\/v2\/product_cat?post=4846"},{"taxonomy":"product_tag","embeddable":true,"href":"https:\/\/xindasafety.com\/de\/wp-json\/wp\/v2\/product_tag?post=4846"}],"curies":[{"name":"wp","href":"https:\/\/api.w.org\/{rel}","templated":true}]}}