{"id":4793,"date":"2025-09-08T07:29:11","date_gmt":"2025-09-08T07:29:11","guid":{"rendered":"https:\/\/xindasafety.com\/?post_type=product&#038;p=4793"},"modified":"2026-01-19T05:20:02","modified_gmt":"2026-01-19T05:20:02","slug":"seilrutsche","status":"publish","type":"product","link":"https:\/\/xindasafety.com\/de\/product\/zipline-pulley\/","title":{"rendered":"H9751"},"content":{"rendered":"<p data-start=\"41\" data-end=\"248\"><strong data-start=\"41\" data-end=\"58\">Produktname:<\/strong> Eule Double Pulley<br data-start=\"76\" data-end=\"79\" \/><strong data-start=\"79\" data-end=\"89\">Marke:<\/strong> Xinda<br data-start=\"95\" data-end=\"98\" \/><strong data-start=\"98\" data-end=\"112\">Modell Nr.:<\/strong> H-9751<br data-start=\"119\" data-end=\"122\" \/><strong data-start=\"122\" data-end=\"133\">Gewicht:<\/strong> 410 g<br data-start=\"139\" data-end=\"142\" data-is-only-node=\"\" \/><strong data-start=\"142\" data-end=\"169\">Geeigneter Seildurchmesser:<\/strong> 8-13 mm<br data-start=\"177\" data-end=\"180\" \/><strong data-start=\"180\" data-end=\"203\">Geeigneter Seiltyp:<\/strong> Stahlseil \/ Normalseil<br data-start=\"230\" data-end=\"233\" \/><strong data-start=\"233\" data-end=\"246\">Material:<\/strong><\/p>\n<ul data-start=\"249\" data-end=\"315\">\n<li data-start=\"249\" data-end=\"277\">\n<p data-start=\"251\" data-end=\"277\"><strong data-start=\"251\" data-end=\"260\">K\u00f6rper:<\/strong> Aluminium-Legierung<\/p>\n<\/li>\n<li data-start=\"278\" data-end=\"315\">\n<p data-start=\"280\" data-end=\"315\"><strong data-start=\"280\" data-end=\"297\">Riemenscheibe:<\/strong> Rostfreier Stahl<\/p>\n<\/li>\n<\/ul>\n<p data-start=\"317\" data-end=\"473\"><strong data-start=\"317\" data-end=\"332\">Effizienz:<\/strong> 0.92<br data-start=\"337\" data-end=\"340\" \/><strong data-start=\"340\" data-end=\"362\">Bruchfestigkeit:<\/strong> 22 kN (ca. 2200 kg)<br data-start=\"386\" data-end=\"389\" \/><strong data-start=\"389\" data-end=\"406\">Typ des Lagers:<\/strong> Kugellager<br data-start=\"419\" data-end=\"422\" \/><strong data-start=\"422\" data-end=\"435\">Standard:<\/strong> CE0082, EN17109<br data-start=\"451\" data-end=\"454\" data-is-only-node=\"\" \/><strong data-start=\"454\" data-end=\"465\">Herkunft:<\/strong> China<\/p>\n<p data-start=\"475\" data-end=\"592\"><strong data-start=\"475\" data-end=\"497\">Anwendungsbereich:<\/strong> \u00dcberquerung, Seilrutsche, Ausbildung, Transport, Dschungelabenteuer, Hebezeuge, usw.<\/p>","protected":false},"excerpt":{"rendered":"<p>Xinda Hua Series Open Owl Double Pulley - Zipline in gro\u00dfer H\u00f6he, Seilbahn, Dschungel\u00fcberquerung und Aerial Adventure Zipline Pulley<\/p>","protected":false},"featured_media":4794,"template":"","meta":{"_acf_changed":false},"product_brand":[],"product_cat":[127],"product_tag":[268],"class_list":{"0":"post-4793","1":"product","2":"type-product","3":"status-publish","4":"has-post-thumbnail","6":"product_cat-pulley-gen2","7":"product_tag-zipline-pulley","9":"first","10":"instock","11":"shipping-taxable","12":"product-type-variable"},"acf":[],"_links":{"self":[{"href":"https:\/\/xindasafety.com\/de\/wp-json\/wp\/v2\/product\/4793","targetHints":{"allow":["GET"]}}],"collection":[{"href":"https:\/\/xindasafety.com\/de\/wp-json\/wp\/v2\/product"}],"about":[{"href":"https:\/\/xindasafety.com\/de\/wp-json\/wp\/v2\/types\/product"}],"version-history":[{"count":2,"href":"https:\/\/xindasafety.com\/de\/wp-json\/wp\/v2\/product\/4793\/revisions"}],"predecessor-version":[{"id":6857,"href":"https:\/\/xindasafety.com\/de\/wp-json\/wp\/v2\/product\/4793\/revisions\/6857"}],"wp:featuredmedia":[{"embeddable":true,"href":"https:\/\/xindasafety.com\/de\/wp-json\/wp\/v2\/media\/4794"}],"wp:attachment":[{"href":"https:\/\/xindasafety.com\/de\/wp-json\/wp\/v2\/media?parent=4793"}],"wp:term":[{"taxonomy":"product_brand","embeddable":true,"href":"https:\/\/xindasafety.com\/de\/wp-json\/wp\/v2\/product_brand?post=4793"},{"taxonomy":"product_cat","embeddable":true,"href":"https:\/\/xindasafety.com\/de\/wp-json\/wp\/v2\/product_cat?post=4793"},{"taxonomy":"product_tag","embeddable":true,"href":"https:\/\/xindasafety.com\/de\/wp-json\/wp\/v2\/product_tag?post=4793"}],"curies":[{"name":"wp","href":"https:\/\/api.w.org\/{rel}","templated":true}]}}