{"id":4552,"date":"2025-09-05T05:46:28","date_gmt":"2025-09-05T05:46:28","guid":{"rendered":"https:\/\/xindasafety.com\/?post_type=product&#038;p=4552"},"modified":"2026-01-19T05:25:33","modified_gmt":"2026-01-19T05:25:33","slug":"karabiner-in-ohrform-2","status":"publish","type":"product","link":"https:\/\/xindasafety.com\/de\/product\/ear-shaped-carabiner-2\/","title":{"rendered":"A-3106"},"content":{"rendered":"<p><strong data-start=\"0\" data-end=\"10\" data-is-only-node=\"\">Marke:<\/strong> Xinda<br data-start=\"16\" data-end=\"19\" \/><strong data-start=\"19\" data-end=\"32\">Artikel Nr.:<\/strong> A-3106<br data-start=\"39\" data-end=\"42\" \/><strong data-start=\"42\" data-end=\"59\">Produktname:<\/strong> Karabiner in Ohrform<br data-start=\"80\" data-end=\"83\" \/><strong data-start=\"83\" data-end=\"96\">Material:<\/strong> 7075-Aluminium-Legierung<br data-start=\"116\" data-end=\"119\" \/><strong data-start=\"119\" data-end=\"130\">Gewicht:<\/strong> 76g \/ 83g \/ 83g<br data-start=\"146\" data-end=\"149\" \/><strong data-start=\"149\" data-end=\"173\">Die St\u00e4rke der Hauptachse:<\/strong> 25kN<br data-start=\"178\" data-end=\"181\" \/><strong data-start=\"181\" data-end=\"205\">Geringere Achsenst\u00e4rke:<\/strong> 8kN<br data-start=\"209\" data-end=\"212\" \/><strong data-start=\"212\" data-end=\"235\">Tor \u00f6ffnen St\u00e4rke:<\/strong> 7kN<br data-start=\"239\" data-end=\"242\" \/><strong data-start=\"242\" data-end=\"252\">Farbe:<\/strong> Grau-Rot, Grau-Gr\u00fcn, Schwarz<br data-start=\"280\" data-end=\"283\" \/><strong data-start=\"283\" data-end=\"297\">Normen:<\/strong> UIAA, CE 1019, EN 362, EN 12275<\/p>","protected":false},"excerpt":{"rendered":"<p>Xinda Hua Serie kleiner ohrf\u00f6rmiger Karabiner f\u00fcr Outdoor-Bergsteigen, Kletterausr\u00fcstung und Lanyard-Verbindungen<\/p>","protected":false},"featured_media":4553,"template":"","meta":{"_acf_changed":false},"product_brand":[],"product_cat":[103],"product_tag":[69],"class_list":{"0":"post-4552","1":"product","2":"type-product","3":"status-publish","4":"has-post-thumbnail","6":"product_cat-carabiner-generation-3","7":"product_tag-carabiner","9":"first","10":"instock","11":"shipping-taxable","12":"product-type-variable"},"acf":[],"_links":{"self":[{"href":"https:\/\/xindasafety.com\/de\/wp-json\/wp\/v2\/product\/4552","targetHints":{"allow":["GET"]}}],"collection":[{"href":"https:\/\/xindasafety.com\/de\/wp-json\/wp\/v2\/product"}],"about":[{"href":"https:\/\/xindasafety.com\/de\/wp-json\/wp\/v2\/types\/product"}],"version-history":[{"count":2,"href":"https:\/\/xindasafety.com\/de\/wp-json\/wp\/v2\/product\/4552\/revisions"}],"predecessor-version":[{"id":6872,"href":"https:\/\/xindasafety.com\/de\/wp-json\/wp\/v2\/product\/4552\/revisions\/6872"}],"wp:featuredmedia":[{"embeddable":true,"href":"https:\/\/xindasafety.com\/de\/wp-json\/wp\/v2\/media\/4553"}],"wp:attachment":[{"href":"https:\/\/xindasafety.com\/de\/wp-json\/wp\/v2\/media?parent=4552"}],"wp:term":[{"taxonomy":"product_brand","embeddable":true,"href":"https:\/\/xindasafety.com\/de\/wp-json\/wp\/v2\/product_brand?post=4552"},{"taxonomy":"product_cat","embeddable":true,"href":"https:\/\/xindasafety.com\/de\/wp-json\/wp\/v2\/product_cat?post=4552"},{"taxonomy":"product_tag","embeddable":true,"href":"https:\/\/xindasafety.com\/de\/wp-json\/wp\/v2\/product_tag?post=4552"}],"curies":[{"name":"wp","href":"https:\/\/api.w.org\/{rel}","templated":true}]}}