{"id":4539,"date":"2025-09-05T05:41:53","date_gmt":"2025-09-05T05:41:53","guid":{"rendered":"https:\/\/xindasafety.com\/?post_type=product&#038;p=4539"},"modified":"2026-01-19T05:25:10","modified_gmt":"2026-01-19T05:25:10","slug":"karabiner-in-ohrform","status":"publish","type":"product","link":"https:\/\/xindasafety.com\/de\/product\/ear-shaped-carabiner\/","title":{"rendered":"A3107"},"content":{"rendered":"<p><strong data-start=\"0\" data-end=\"10\" data-is-only-node=\"\">Marke:<\/strong> Xinda<br data-start=\"16\" data-end=\"19\" \/><strong data-start=\"19\" data-end=\"32\">Artikel Nr.:<\/strong> A-3107<br data-start=\"39\" data-end=\"42\" \/><strong data-start=\"42\" data-end=\"59\">Produktname:<\/strong> Karabiner in Ohrform<br data-start=\"80\" data-end=\"83\" \/><strong data-start=\"83\" data-end=\"96\">Material:<\/strong> 7075-Aluminium-Legierung<br data-start=\"116\" data-end=\"119\" \/><strong data-start=\"119\" data-end=\"130\">Gewicht:<\/strong> 97g \/ 104g \/ 104g<br data-start=\"148\" data-end=\"151\" \/><strong data-start=\"151\" data-end=\"175\">Die St\u00e4rke der Hauptachse:<\/strong> 24kN<br data-start=\"180\" data-end=\"183\" \/><strong data-start=\"183\" data-end=\"207\">Geringere Achsenst\u00e4rke:<\/strong> 8kN<br data-start=\"211\" data-end=\"214\" \/><strong data-start=\"214\" data-end=\"237\">Tor \u00f6ffnen St\u00e4rke:<\/strong> 7kN<br data-start=\"241\" data-end=\"244\" \/><strong data-start=\"244\" data-end=\"254\">Farbe:<\/strong> Graugr\u00fcn<br data-start=\"265\" data-end=\"268\" \/><strong data-start=\"268\" data-end=\"282\">Normen:<\/strong> UIAA, CE 1019, EN 362, EN 12275<\/p>","protected":false},"excerpt":{"rendered":"<p>Xinda Outdoor Bergsteigen und Klettern Birnenf\u00f6rmiger Tragkarabiner f\u00fcr H\u00f6hensicherung und Kletterausr\u00fcstung<\/p>","protected":false},"featured_media":4540,"template":"","meta":{"_acf_changed":false},"product_brand":[],"product_cat":[103],"product_tag":[69],"class_list":{"0":"post-4539","1":"product","2":"type-product","3":"status-publish","4":"has-post-thumbnail","6":"product_cat-carabiner-generation-3","7":"product_tag-carabiner","9":"first","10":"instock","11":"shipping-taxable","12":"product-type-variable"},"acf":[],"_links":{"self":[{"href":"https:\/\/xindasafety.com\/de\/wp-json\/wp\/v2\/product\/4539","targetHints":{"allow":["GET"]}}],"collection":[{"href":"https:\/\/xindasafety.com\/de\/wp-json\/wp\/v2\/product"}],"about":[{"href":"https:\/\/xindasafety.com\/de\/wp-json\/wp\/v2\/types\/product"}],"version-history":[{"count":2,"href":"https:\/\/xindasafety.com\/de\/wp-json\/wp\/v2\/product\/4539\/revisions"}],"predecessor-version":[{"id":6871,"href":"https:\/\/xindasafety.com\/de\/wp-json\/wp\/v2\/product\/4539\/revisions\/6871"}],"wp:featuredmedia":[{"embeddable":true,"href":"https:\/\/xindasafety.com\/de\/wp-json\/wp\/v2\/media\/4540"}],"wp:attachment":[{"href":"https:\/\/xindasafety.com\/de\/wp-json\/wp\/v2\/media?parent=4539"}],"wp:term":[{"taxonomy":"product_brand","embeddable":true,"href":"https:\/\/xindasafety.com\/de\/wp-json\/wp\/v2\/product_brand?post=4539"},{"taxonomy":"product_cat","embeddable":true,"href":"https:\/\/xindasafety.com\/de\/wp-json\/wp\/v2\/product_cat?post=4539"},{"taxonomy":"product_tag","embeddable":true,"href":"https:\/\/xindasafety.com\/de\/wp-json\/wp\/v2\/product_tag?post=4539"}],"curies":[{"name":"wp","href":"https:\/\/api.w.org\/{rel}","templated":true}]}}