{"id":4406,"date":"2025-09-02T06:01:18","date_gmt":"2025-09-02T06:01:18","guid":{"rendered":"https:\/\/xindasafety.com\/?post_type=product&#038;p=4406"},"modified":"2026-04-18T05:35:55","modified_gmt":"2026-04-18T05:35:55","slug":"bruststeigklemme-3","status":"publish","type":"product","link":"https:\/\/xindasafety.com\/de\/product\/chest-ascender-3\/","title":{"rendered":"HXS02"},"content":{"rendered":"<p><strong data-start=\"38\" data-end=\"48\">Marke:<\/strong> Xinda<br data-start=\"54\" data-end=\"57\" \/><strong data-start=\"57\" data-end=\"71\">Modell Nr.:<\/strong> H-XS02<br data-start=\"78\" data-end=\"81\" \/><strong data-start=\"81\" data-end=\"98\" data-is-only-node=\"\">Produktname:<\/strong> PCA-Bruststeigklemme<br data-start=\"117\" data-end=\"120\" \/><strong data-start=\"120\" data-end=\"133\">Material:<\/strong> Hochfeste Aluminiumlegierung<br data-start=\"162\" data-end=\"165\" \/><strong data-start=\"165\" data-end=\"176\">Gewicht:<\/strong> 147 g<br data-start=\"182\" data-end=\"185\" \/><strong data-start=\"185\" data-end=\"214\">Anwendbarer Seildurchmesser:<\/strong> 8-13 mm<br data-start=\"222\" data-end=\"225\" \/><strong data-start=\"225\" data-end=\"238\">Standard:<\/strong> CE1019, EN12841<\/p>","protected":false},"excerpt":{"rendered":"<p>XINDA Chest Rope Ascender, Seilkletterger\u00e4t f\u00fcr den Aufstieg, Outdoor-Bergsteigen, Felskletterausr\u00fcstung, und Kletterwerkzeug<\/p>","protected":false},"featured_media":4407,"template":"","meta":{"_acf_changed":false},"product_brand":[],"product_cat":[100],"product_tag":[210],"class_list":{"0":"post-4406","1":"product","2":"type-product","3":"status-publish","4":"has-post-thumbnail","6":"product_cat-asender-generation-2","7":"product_tag-chest-ascender","9":"first","10":"instock","11":"shipping-taxable","12":"product-type-variable"},"acf":[],"_links":{"self":[{"href":"https:\/\/xindasafety.com\/de\/wp-json\/wp\/v2\/product\/4406","targetHints":{"allow":["GET"]}}],"collection":[{"href":"https:\/\/xindasafety.com\/de\/wp-json\/wp\/v2\/product"}],"about":[{"href":"https:\/\/xindasafety.com\/de\/wp-json\/wp\/v2\/types\/product"}],"version-history":[{"count":5,"href":"https:\/\/xindasafety.com\/de\/wp-json\/wp\/v2\/product\/4406\/revisions"}],"predecessor-version":[{"id":7044,"href":"https:\/\/xindasafety.com\/de\/wp-json\/wp\/v2\/product\/4406\/revisions\/7044"}],"wp:featuredmedia":[{"embeddable":true,"href":"https:\/\/xindasafety.com\/de\/wp-json\/wp\/v2\/media\/4407"}],"wp:attachment":[{"href":"https:\/\/xindasafety.com\/de\/wp-json\/wp\/v2\/media?parent=4406"}],"wp:term":[{"taxonomy":"product_brand","embeddable":true,"href":"https:\/\/xindasafety.com\/de\/wp-json\/wp\/v2\/product_brand?post=4406"},{"taxonomy":"product_cat","embeddable":true,"href":"https:\/\/xindasafety.com\/de\/wp-json\/wp\/v2\/product_cat?post=4406"},{"taxonomy":"product_tag","embeddable":true,"href":"https:\/\/xindasafety.com\/de\/wp-json\/wp\/v2\/product_tag?post=4406"}],"curies":[{"name":"wp","href":"https:\/\/api.w.org\/{rel}","templated":true}]}}