{"id":4401,"date":"2025-09-02T05:56:33","date_gmt":"2025-09-02T05:56:33","guid":{"rendered":"https:\/\/xindasafety.com\/?post_type=product&#038;p=4401"},"modified":"2026-04-18T05:37:29","modified_gmt":"2026-04-18T05:37:29","slug":"grifflose-handsteigklemme-2","status":"publish","type":"product","link":"https:\/\/xindasafety.com\/de\/product\/handleless-hand-ascender-2\/","title":{"rendered":"H9760"},"content":{"rendered":"<p><strong data-start=\"38\" data-end=\"52\">Modell Nr.:<\/strong> H-9760<br data-start=\"59\" data-end=\"62\" \/><strong data-start=\"62\" data-end=\"75\">Material:<\/strong> Hochfeste Aluminiumlegierung, rostfreier Stahl<br data-start=\"121\" data-end=\"124\" \/><strong data-start=\"124\" data-end=\"133\" data-is-only-node=\"\">Gr\u00f6\u00dfe:<\/strong> 73 mm \u00d7 110 mm \u00d7 23 mm<br data-start=\"156\" data-end=\"159\" \/><strong data-start=\"159\" data-end=\"170\">Gewicht:<\/strong> 151 g<br data-start=\"176\" data-end=\"179\" \/><strong data-start=\"179\" data-end=\"197\">Tragf\u00e4higkeit:<\/strong> 100 kg<br data-start=\"204\" data-end=\"207\" \/><strong data-start=\"207\" data-end=\"236\">Anwendbarer Seildurchmesser:<\/strong> 8-13 mm<\/p>","protected":false},"excerpt":{"rendered":"<p>XINDA Hua-Series Handleless Hand Ascender, Seilkletterger\u00e4t f\u00fcr Felsklettern, Bergsteigen, Rettung, Arbeiten in der Luft und SRT Ausr\u00fcstung<\/p>","protected":false},"featured_media":4393,"template":"","meta":{"_acf_changed":false},"product_brand":[],"product_cat":[100],"product_tag":[199],"class_list":{"0":"post-4401","1":"product","2":"type-product","3":"status-publish","4":"has-post-thumbnail","6":"product_cat-asender-generation-2","7":"product_tag-handleless-hand-ascender","9":"first","10":"instock","11":"shipping-taxable","12":"product-type-variable"},"acf":[],"_links":{"self":[{"href":"https:\/\/xindasafety.com\/de\/wp-json\/wp\/v2\/product\/4401","targetHints":{"allow":["GET"]}}],"collection":[{"href":"https:\/\/xindasafety.com\/de\/wp-json\/wp\/v2\/product"}],"about":[{"href":"https:\/\/xindasafety.com\/de\/wp-json\/wp\/v2\/types\/product"}],"version-history":[{"count":3,"href":"https:\/\/xindasafety.com\/de\/wp-json\/wp\/v2\/product\/4401\/revisions"}],"predecessor-version":[{"id":7045,"href":"https:\/\/xindasafety.com\/de\/wp-json\/wp\/v2\/product\/4401\/revisions\/7045"}],"wp:featuredmedia":[{"embeddable":true,"href":"https:\/\/xindasafety.com\/de\/wp-json\/wp\/v2\/media\/4393"}],"wp:attachment":[{"href":"https:\/\/xindasafety.com\/de\/wp-json\/wp\/v2\/media?parent=4401"}],"wp:term":[{"taxonomy":"product_brand","embeddable":true,"href":"https:\/\/xindasafety.com\/de\/wp-json\/wp\/v2\/product_brand?post=4401"},{"taxonomy":"product_cat","embeddable":true,"href":"https:\/\/xindasafety.com\/de\/wp-json\/wp\/v2\/product_cat?post=4401"},{"taxonomy":"product_tag","embeddable":true,"href":"https:\/\/xindasafety.com\/de\/wp-json\/wp\/v2\/product_tag?post=4401"}],"curies":[{"name":"wp","href":"https:\/\/api.w.org\/{rel}","templated":true}]}}