{"id":4320,"date":"2025-09-02T05:24:44","date_gmt":"2025-09-02T05:24:44","guid":{"rendered":"https:\/\/xindasafety.com\/?post_type=product&#038;p=4320"},"modified":"2026-04-17T07:32:45","modified_gmt":"2026-04-17T07:32:45","slug":"handgesteuertes-abseilgerat","status":"publish","type":"product","link":"https:\/\/xindasafety.com\/de\/product\/hand-controlled-descender\/","title":{"rendered":"HSKXJ01"},"content":{"rendered":"<p><strong data-start=\"38\" data-end=\"48\">Marke:<\/strong> Xinda<br data-start=\"54\" data-end=\"57\" \/><strong data-start=\"57\" data-end=\"71\">Modell Nr.:<\/strong> H-SKXJ01<br data-start=\"80\" data-end=\"83\" \/><strong data-start=\"83\" data-end=\"100\" data-is-only-node=\"\">Produktname:<\/strong> Handgesteuertes Abseilger\u00e4t<br data-start=\"126\" data-end=\"129\" \/><strong data-start=\"129\" data-end=\"142\">Material:<\/strong> Hochfeste Aluminiumlegierung<br data-start=\"171\" data-end=\"174\" \/><strong data-start=\"174\" data-end=\"185\">Gewicht:<\/strong> 314 g<br data-start=\"191\" data-end=\"194\" \/><strong data-start=\"194\" data-end=\"223\">Anwendbarer Seildurchmesser:<\/strong> 9-12 mm<br data-start=\"231\" data-end=\"234\" \/><strong data-start=\"234\" data-end=\"251\">Arbeitsbelastung:<\/strong> 150 kg<br data-start=\"258\" data-end=\"261\" \/><strong data-start=\"261\" data-end=\"274\">Standard:<\/strong> CE1019, EN15151-1<\/p>","protected":false},"excerpt":{"rendered":"<p>XINDA Hua-Series Handgesteuertes Abseilger\u00e4t mit Selbstverriegelung f\u00fcr Arbeiten in der Luft, Klettern, Auf- und Abseilen, STOP Abseilger\u00e4t<\/p>","protected":false},"featured_media":4312,"template":"","meta":{"_acf_changed":false},"product_brand":[],"product_cat":[106],"product_tag":[92],"class_list":{"0":"post-4320","1":"product","2":"type-product","3":"status-publish","4":"has-post-thumbnail","6":"product_cat-descender-gen-2","7":"product_tag-descender","9":"first","10":"instock","11":"shipping-taxable","12":"product-type-variable"},"acf":[],"_links":{"self":[{"href":"https:\/\/xindasafety.com\/de\/wp-json\/wp\/v2\/product\/4320","targetHints":{"allow":["GET"]}}],"collection":[{"href":"https:\/\/xindasafety.com\/de\/wp-json\/wp\/v2\/product"}],"about":[{"href":"https:\/\/xindasafety.com\/de\/wp-json\/wp\/v2\/types\/product"}],"version-history":[{"count":3,"href":"https:\/\/xindasafety.com\/de\/wp-json\/wp\/v2\/product\/4320\/revisions"}],"predecessor-version":[{"id":6973,"href":"https:\/\/xindasafety.com\/de\/wp-json\/wp\/v2\/product\/4320\/revisions\/6973"}],"wp:featuredmedia":[{"embeddable":true,"href":"https:\/\/xindasafety.com\/de\/wp-json\/wp\/v2\/media\/4312"}],"wp:attachment":[{"href":"https:\/\/xindasafety.com\/de\/wp-json\/wp\/v2\/media?parent=4320"}],"wp:term":[{"taxonomy":"product_brand","embeddable":true,"href":"https:\/\/xindasafety.com\/de\/wp-json\/wp\/v2\/product_brand?post=4320"},{"taxonomy":"product_cat","embeddable":true,"href":"https:\/\/xindasafety.com\/de\/wp-json\/wp\/v2\/product_cat?post=4320"},{"taxonomy":"product_tag","embeddable":true,"href":"https:\/\/xindasafety.com\/de\/wp-json\/wp\/v2\/product_tag?post=4320"}],"curies":[{"name":"wp","href":"https:\/\/api.w.org\/{rel}","templated":true}]}}