{"id":4202,"date":"2025-08-26T02:50:29","date_gmt":"2025-08-26T02:50:29","guid":{"rendered":"https:\/\/xindasafety.com\/?post_type=product&#038;p=4202"},"modified":"2026-04-21T02:16:50","modified_gmt":"2026-04-21T02:16:50","slug":"rettungstrage","status":"publish","type":"product","link":"https:\/\/xindasafety.com\/de\/product\/rescue-stretcher\/","title":{"rendered":"XDPJ270"},"content":{"rendered":"<p data-start=\"47\" data-end=\"102\"><strong data-start=\"47\" data-end=\"64\">Produktname:<\/strong> Rettungstrage<br data-start=\"81\" data-end=\"84\" \/><strong data-start=\"84\" data-end=\"94\">Marke:<\/strong> Xinda<\/p>\n<p data-start=\"104\" data-end=\"242\"><strong data-start=\"104\" data-end=\"117\">Material:<\/strong> PVC-Mesh-Gewebe, XPE, Aluminium, Polyester, EVA, etc.<br data-start=\"170\" data-end=\"173\" \/><strong data-start=\"173\" data-end=\"190\">Maximale Belastung:<\/strong> 150 kg<br data-start=\"197\" data-end=\"200\" \/><strong data-start=\"200\" data-end=\"211\">Gewicht:<\/strong> 11450 g<br data-start=\"219\" data-end=\"222\" \/><strong data-start=\"222\" data-end=\"233\">L\u00e4nge:<\/strong> 198 cm<\/p>\n<p data-start=\"244\" data-end=\"260\"><strong data-start=\"244\" data-end=\"258\">Funktionen:<\/strong><\/p>\n<ul data-start=\"261\" data-end=\"624\">\n<li data-start=\"261\" data-end=\"362\">\n<p data-start=\"263\" data-end=\"362\">W\u00e4hrend der Rettung kann der Verungl\u00fcckte horizontal, vertikal oder in einem Winkel transportiert werden.<\/p>\n<\/li>\n<li data-start=\"363\" data-end=\"431\">\n<p data-start=\"365\" data-end=\"431\">Einfach zu bedienen und vereinfacht die Installation des Unfallfahrzeugs.<\/p>\n<\/li>\n<li data-start=\"432\" data-end=\"506\">\n<p data-start=\"434\" data-end=\"506\">Geeignet f\u00fcr alle technischen Seilrettungen, insbesondere in engen R\u00e4umen.<\/p>\n<\/li>\n<li data-start=\"507\" data-end=\"624\">\n<p data-start=\"509\" data-end=\"624\">Stellt sicher, dass das Unfallopfer horizontal, vertikal oder schr\u00e4g bewegt werden kann, um sich an unregelm\u00e4\u00dfiges oder enges Gel\u00e4nde anzupassen.<\/p>\n<\/li>\n<\/ul>\n<p data-start=\"626\" data-end=\"644\"><strong data-start=\"626\" data-end=\"642\">Einfach zu bedienen:<\/strong><\/p>\n<ol data-start=\"645\" data-end=\"1068\">\n<li data-start=\"645\" data-end=\"731\">\n<p data-start=\"648\" data-end=\"731\">Die Trage verf\u00fcgt \u00fcber einen vollst\u00e4ndig integrierten Auffanggurt, der das Unfallopfer sch\u00fctzt.<\/p>\n<\/li>\n<li data-start=\"732\" data-end=\"778\">\n<p data-start=\"735\" data-end=\"778\">Farbcodierte B\u00e4nder vereinfachen die Installation.<\/p>\n<\/li>\n<li data-start=\"779\" data-end=\"852\">\n<p data-start=\"782\" data-end=\"852\">Die seitlichen Verbindungspunkte sind so ausgerichtet, dass sie sich leicht automatisch schlie\u00dfen lassen.<\/p>\n<\/li>\n<li data-start=\"853\" data-end=\"944\">\n<p data-start=\"856\" data-end=\"944\">Schnelles und einfaches Einstellen der Gurte; das Verschlusssystem verhindert ein versehentliches L\u00f6sen.<\/p>\n<\/li>\n<li data-start=\"945\" data-end=\"998\">\n<p data-start=\"948\" data-end=\"998\">Flexible Griffe f\u00fcr eine einfache Handhabung, auch mit Handschuhen.<\/p>\n<\/li>\n<li data-start=\"999\" data-end=\"1068\">\n<p data-start=\"1002\" data-end=\"1068\">Herausnehmbare Polsterung und Querverkleidungen verringern das Gewicht beim Transport.<\/p>\n<\/li>\n<\/ol>\n<p data-start=\"1070\" data-end=\"1087\"><strong data-start=\"1070\" data-end=\"1085\">Langlebigkeit:<\/strong><\/p>\n<ol data-start=\"1088\" data-end=\"1498\">\n<li data-start=\"1088\" data-end=\"1181\">\n<p data-start=\"1091\" data-end=\"1181\">Mit hochfestem Polyethylen (IPE) verst\u00e4rkte Griffe f\u00fcr bessere Griffigkeit und Haltbarkeit.<\/p>\n<\/li>\n<li data-start=\"1182\" data-end=\"1247\">\n<p data-start=\"1185\" data-end=\"1247\">Die glatte, starre Kunststoffbasis gew\u00e4hrleistet eine gute Gleitf\u00e4higkeit.<\/p>\n<\/li>\n<li data-start=\"1248\" data-end=\"1338\">\n<p data-start=\"1251\" data-end=\"1338\">Die beidseitige, komfortable Schaumstoffpolsterung auf dem R\u00fccken des Verungl\u00fcckten begrenzt die Wasseraufnahme.<\/p>\n<\/li>\n<li data-start=\"1339\" data-end=\"1406\">\n<p data-start=\"1342\" data-end=\"1406\">Schaumstoffpolster an den Oberschenkeln und Beinen f\u00fcr alle K\u00f6rpertypen geeignet.<\/p>\n<\/li>\n<li data-start=\"1407\" data-end=\"1498\">\n<p data-start=\"1410\" data-end=\"1498\">Solide und dauerhafte Struktur dank integrierter Schultergurte an den Verbindungspunkten.<\/p>\n<\/li>\n<\/ol>","protected":false},"excerpt":{"rendered":"<p>XINDA Outdoor-Rettungstrage f\u00fcr Bergsteigen, Klettern, Arbeiten in der Luft, Brandbek\u00e4mpfung, Notfallrettung und multifunktionale Sicherheitsausr\u00fcstung<\/p>","protected":false},"featured_media":4198,"template":"","meta":{"_acf_changed":false},"product_brand":[],"product_cat":[135],"product_tag":[248],"class_list":{"0":"post-4202","1":"product","2":"type-product","3":"status-publish","4":"has-post-thumbnail","6":"product_cat-rescue","7":"product_tag-rescue-stretcher","9":"first","10":"instock","11":"shipping-taxable","12":"product-type-simple"},"acf":[],"_links":{"self":[{"href":"https:\/\/xindasafety.com\/de\/wp-json\/wp\/v2\/product\/4202","targetHints":{"allow":["GET"]}}],"collection":[{"href":"https:\/\/xindasafety.com\/de\/wp-json\/wp\/v2\/product"}],"about":[{"href":"https:\/\/xindasafety.com\/de\/wp-json\/wp\/v2\/types\/product"}],"version-history":[{"count":3,"href":"https:\/\/xindasafety.com\/de\/wp-json\/wp\/v2\/product\/4202\/revisions"}],"predecessor-version":[{"id":7265,"href":"https:\/\/xindasafety.com\/de\/wp-json\/wp\/v2\/product\/4202\/revisions\/7265"}],"wp:featuredmedia":[{"embeddable":true,"href":"https:\/\/xindasafety.com\/de\/wp-json\/wp\/v2\/media\/4198"}],"wp:attachment":[{"href":"https:\/\/xindasafety.com\/de\/wp-json\/wp\/v2\/media?parent=4202"}],"wp:term":[{"taxonomy":"product_brand","embeddable":true,"href":"https:\/\/xindasafety.com\/de\/wp-json\/wp\/v2\/product_brand?post=4202"},{"taxonomy":"product_cat","embeddable":true,"href":"https:\/\/xindasafety.com\/de\/wp-json\/wp\/v2\/product_cat?post=4202"},{"taxonomy":"product_tag","embeddable":true,"href":"https:\/\/xindasafety.com\/de\/wp-json\/wp\/v2\/product_tag?post=4202"}],"curies":[{"name":"wp","href":"https:\/\/api.w.org\/{rel}","templated":true}]}}