{"id":4156,"date":"2025-08-26T02:15:53","date_gmt":"2025-08-26T02:15:53","guid":{"rendered":"https:\/\/xindasafety.com\/?post_type=product&#038;p=4156"},"modified":"2026-01-19T05:30:21","modified_gmt":"2026-01-19T05:30:21","slug":"kletterhandschuhe","status":"publish","type":"product","link":"https:\/\/xindasafety.com\/de\/product\/climbing-gloves\/","title":{"rendered":"HST08"},"content":{"rendered":"<p data-start=\"52\" data-end=\"124\"><strong data-start=\"52\" data-end=\"69\">Produktname:<\/strong> Multifunktionale fingerlose Handschuhe<br data-start=\"103\" data-end=\"106\" \/><strong data-start=\"106\" data-end=\"116\">Marke:<\/strong> Xinda<\/p>\n<p data-start=\"126\" data-end=\"185\"><strong data-start=\"126\" data-end=\"140\">Modell Nr.:<\/strong> H-ST08<br data-start=\"147\" data-end=\"150\" \/><strong data-start=\"150\" data-end=\"163\">Material:<\/strong> Ziegenleder, Polyester<\/p>\n<p data-start=\"187\" data-end=\"233\"><strong data-start=\"187\" data-end=\"196\">Gr\u00f6\u00dfe:<\/strong> L \/ XL<br data-start=\"203\" data-end=\"206\" \/><strong data-start=\"206\" data-end=\"217\">Gewicht:<\/strong> 103 g \/ 125 g<\/p>\n<p data-start=\"235\" data-end=\"262\"><strong data-start=\"235\" data-end=\"248\">Standard:<\/strong> EN 388-2003<\/p>\n<p data-start=\"264\" data-end=\"345\"><strong data-start=\"264\" data-end=\"277\">Merkmale:<\/strong><br data-start=\"277\" data-end=\"280\" \/>Klettern \/ Bergsteigen \/ Arbeit \/ Radfahren \/ Expansionstraining<\/p>\n<hr data-start=\"347\" data-end=\"350\" \/>\n<p data-start=\"352\" data-end=\"382\"><strong data-start=\"352\" data-end=\"380\">Gr\u00f6\u00dfentabelle (Handfl\u00e4chenbreite):<\/strong><\/p>\n<ul data-start=\"383\" data-end=\"558\">\n<li data-start=\"383\" data-end=\"558\">\n<p data-start=\"385\" data-end=\"404\">Empfohlene Gr\u00f6\u00dfe:<\/p>\n<ul data-start=\"407\" data-end=\"558\">\n<li data-start=\"407\" data-end=\"480\">\n<p data-start=\"409\" data-end=\"480\"><strong data-start=\"409\" data-end=\"415\">L:<\/strong> Handfl\u00e4chenbreite 9,5-10 cm \u2192 Handschuhbreite 11 cm, Handschuhl\u00e4nge 22,5 cm<\/p>\n<\/li>\n<li data-start=\"483\" data-end=\"558\">\n<p data-start=\"485\" data-end=\"558\"><strong data-start=\"485\" data-end=\"492\">XL:<\/strong> Handfl\u00e4chenbreite 10,5-11 cm \u2192 Handschuhbreite 11,5 cm, Handschuhl\u00e4nge 23 cm<\/p>\n<\/li>\n<\/ul>\n<\/li>\n<\/ul>\n<p data-start=\"560\" data-end=\"872\"><strong data-start=\"560\" data-end=\"569\">Anmerkung:<\/strong><br data-start=\"569\" data-end=\"572\" \/>Um sicherzustellen, dass Sie die richtige Gr\u00f6\u00dfe kaufen, sehen Sie sich bitte vor dem Kauf die Gr\u00f6\u00dfentabelle an.<br data-start=\"656\" data-end=\"659\" \/>Wenn das Messen unpraktisch ist, k\u00f6nnen Sie mit einer Standard-Bankkarte (L\u00e4nge 8,5 cm) vergleichen.<br data-start=\"748\" data-end=\"751\" \/>Im Allgemeinen passt eine Handfl\u00e4chenbreite von 8,5 cm bequem zur Gr\u00f6\u00dfe M.<br data-start=\"809\" data-end=\"812\" \/>(Aufgrund pers\u00f6nlicher Bequemlichkeitsunterschiede, nur als Hinweis).<\/p>","protected":false},"excerpt":{"rendered":"<p>XINDA H-Series Multifunktionale fingerlose Handschuhe, Vollfinger- und Halbfinger-Schafsfellhandschuhe f\u00fcr Bergsteigen, Klettern, Arbeit, Training und Schutz<\/p>","protected":false},"featured_media":4151,"template":"","meta":{"_acf_changed":false},"product_brand":[],"product_cat":[113],"product_tag":[82],"class_list":{"0":"post-4156","1":"product","2":"type-product","3":"status-publish","4":"has-post-thumbnail","6":"product_cat-glove-gen3","7":"product_tag-gloves","9":"first","10":"instock","11":"shipping-taxable","12":"product-type-variable"},"acf":[],"_links":{"self":[{"href":"https:\/\/xindasafety.com\/de\/wp-json\/wp\/v2\/product\/4156","targetHints":{"allow":["GET"]}}],"collection":[{"href":"https:\/\/xindasafety.com\/de\/wp-json\/wp\/v2\/product"}],"about":[{"href":"https:\/\/xindasafety.com\/de\/wp-json\/wp\/v2\/types\/product"}],"version-history":[{"count":2,"href":"https:\/\/xindasafety.com\/de\/wp-json\/wp\/v2\/product\/4156\/revisions"}],"predecessor-version":[{"id":6883,"href":"https:\/\/xindasafety.com\/de\/wp-json\/wp\/v2\/product\/4156\/revisions\/6883"}],"wp:featuredmedia":[{"embeddable":true,"href":"https:\/\/xindasafety.com\/de\/wp-json\/wp\/v2\/media\/4151"}],"wp:attachment":[{"href":"https:\/\/xindasafety.com\/de\/wp-json\/wp\/v2\/media?parent=4156"}],"wp:term":[{"taxonomy":"product_brand","embeddable":true,"href":"https:\/\/xindasafety.com\/de\/wp-json\/wp\/v2\/product_brand?post=4156"},{"taxonomy":"product_cat","embeddable":true,"href":"https:\/\/xindasafety.com\/de\/wp-json\/wp\/v2\/product_cat?post=4156"},{"taxonomy":"product_tag","embeddable":true,"href":"https:\/\/xindasafety.com\/de\/wp-json\/wp\/v2\/product_tag?post=4156"}],"curies":[{"name":"wp","href":"https:\/\/api.w.org\/{rel}","templated":true}]}}