{"id":4078,"date":"2025-08-26T01:26:54","date_gmt":"2025-08-26T01:26:54","guid":{"rendered":"https:\/\/xindasafety.com\/?post_type=product&#038;p=4078"},"modified":"2026-01-19T05:33:06","modified_gmt":"2026-01-19T05:33:06","slug":"energieabsorbierendes-verbindungsmittel-2","status":"publish","type":"product","link":"https:\/\/xindasafety.com\/de\/product\/energy-absorbing-lanyard-2\/","title":{"rendered":"HH9372"},"content":{"rendered":"<p data-start=\"79\" data-end=\"297\"><strong data-start=\"79\" data-end=\"96\">Produktname:<\/strong> Xinda Verstellbares BEAL-Dynamik-Seilverbindungsmittel mit Energieabsorber und Positionierungsversteller<br data-start=\"185\" data-end=\"188\" \/><strong data-start=\"188\" data-end=\"198\">Marke:<\/strong> Xinda<br data-start=\"204\" data-end=\"207\" \/><strong data-start=\"207\" data-end=\"221\">Modell Nr.:<\/strong> HH-9372<br data-start=\"229\" data-end=\"232\" \/><strong data-start=\"232\" data-end=\"245\">Material:<\/strong> Nylon, Aluminium-Legierung<br data-start=\"267\" data-end=\"270\" \/><strong data-start=\"270\" data-end=\"283\">Standard:<\/strong> XF 494-2004<\/p>\n<p data-start=\"299\" data-end=\"325\"><strong data-start=\"299\" data-end=\"323\">Abmessungen des Verstellers:<\/strong><\/p>\n<ul data-start=\"326\" data-end=\"393\">\n<li data-start=\"326\" data-end=\"344\">\n<p data-start=\"328\" data-end=\"344\">L\u00e4nge: 6,7 cm<\/p>\n<\/li>\n<li data-start=\"345\" data-end=\"364\">\n<p data-start=\"347\" data-end=\"364\">H\u00f6he: 3,85 cm<\/p>\n<\/li>\n<li data-start=\"365\" data-end=\"393\">\n<p data-start=\"367\" data-end=\"393\">Innere Schlitzbreite: 2,9 cm<\/p>\n<\/li>\n<\/ul>\n<p data-start=\"395\" data-end=\"414\"><strong data-start=\"395\" data-end=\"406\">Herkunft:<\/strong> China<\/p>\n<p data-start=\"416\" data-end=\"445\"><strong data-start=\"416\" data-end=\"437\">Zugfestigkeit:<\/strong> 22 kN<\/p>\n<p data-start=\"447\" data-end=\"472\"><strong data-start=\"447\" data-end=\"470\">Spezifikation des Seils:<\/strong><\/p>\n<ul data-start=\"473\" data-end=\"650\">\n<li data-start=\"473\" data-end=\"499\">\n<p data-start=\"475\" data-end=\"499\">Seildurchmesser: 10,5 mm<\/p>\n<\/li>\n<li data-start=\"500\" data-end=\"650\">\n<p data-start=\"502\" data-end=\"522\">Seiltyp-Optionen:<\/p>\n<ul data-start=\"525\" data-end=\"650\">\n<li data-start=\"525\" data-end=\"560\">\n<p data-start=\"527\" data-end=\"560\"><strong data-start=\"527\" data-end=\"538\">I Typ:<\/strong> Gesamtl\u00e4nge 0,95 m<\/p>\n<\/li>\n<li data-start=\"563\" data-end=\"614\">\n<p data-start=\"565\" data-end=\"614\"><strong data-start=\"565\" data-end=\"576\">Y Typ:<\/strong> Lange Seite 0,95 m, kurze Seite 0,45 m<\/p>\n<\/li>\n<li data-start=\"617\" data-end=\"650\">\n<p data-start=\"619\" data-end=\"650\"><strong data-start=\"619\" data-end=\"630\">V Typ:<\/strong> Doppelseitig 0,95 m<\/p>\n<\/li>\n<\/ul>\n<\/li>\n<\/ul>\n<p data-start=\"652\" data-end=\"671\"><strong data-start=\"652\" data-end=\"669\">Wesentliche Merkmale:<\/strong><\/p>\n<ul data-start=\"672\" data-end=\"822\">\n<li data-start=\"672\" data-end=\"733\">\n<p data-start=\"674\" data-end=\"733\">Ausgestattet mit <strong data-start=\"688\" data-end=\"731\">10,5 mm BEAL WALL MASTER 6 dynamisches Seil<\/strong><\/p>\n<\/li>\n<li data-start=\"734\" data-end=\"822\">\n<p data-start=\"736\" data-end=\"822\">Seil trifft <strong data-start=\"747\" data-end=\"768\">CE EN892-Norm<\/strong>, <strong data-start=\"770\" data-end=\"792\">UIAA-Zertifizierung<\/strong>und <strong data-start=\"798\" data-end=\"820\">UNICORE-Technologie<\/strong><\/p>\n<\/li>\n<\/ul>\n<p data-start=\"824\" data-end=\"957\"><strong data-start=\"824\" data-end=\"846\">Anwendungsbereich:<\/strong><br data-start=\"846\" data-end=\"849\" \/>Bergsteigen, Felsklettern, H\u00f6hlenforschung und Abseilen, Expansions\u00fcbungen, Arbeiten in der Luft, Absturzsicherung usw.<\/p>","protected":false},"excerpt":{"rendered":"<p>XINDA Outdoor Adjustable Lanyard mit Beal Dynamic Rope f\u00fcr Auf- und Abstieg, Mobilit\u00e4t, Ankerausl\u00f6sung und Positionierung<\/p>","protected":false},"featured_media":4062,"template":"","meta":{"_acf_changed":false},"product_brand":[],"product_cat":[146],"product_tag":[227],"class_list":{"0":"post-4078","1":"product","2":"type-product","3":"status-publish","4":"has-post-thumbnail","6":"product_cat-lanyard","7":"product_tag-lanyard","9":"first","10":"instock","11":"shipping-taxable","12":"product-type-variable"},"acf":[],"_links":{"self":[{"href":"https:\/\/xindasafety.com\/de\/wp-json\/wp\/v2\/product\/4078","targetHints":{"allow":["GET"]}}],"collection":[{"href":"https:\/\/xindasafety.com\/de\/wp-json\/wp\/v2\/product"}],"about":[{"href":"https:\/\/xindasafety.com\/de\/wp-json\/wp\/v2\/types\/product"}],"version-history":[{"count":2,"href":"https:\/\/xindasafety.com\/de\/wp-json\/wp\/v2\/product\/4078\/revisions"}],"predecessor-version":[{"id":6885,"href":"https:\/\/xindasafety.com\/de\/wp-json\/wp\/v2\/product\/4078\/revisions\/6885"}],"wp:featuredmedia":[{"embeddable":true,"href":"https:\/\/xindasafety.com\/de\/wp-json\/wp\/v2\/media\/4062"}],"wp:attachment":[{"href":"https:\/\/xindasafety.com\/de\/wp-json\/wp\/v2\/media?parent=4078"}],"wp:term":[{"taxonomy":"product_brand","embeddable":true,"href":"https:\/\/xindasafety.com\/de\/wp-json\/wp\/v2\/product_brand?post=4078"},{"taxonomy":"product_cat","embeddable":true,"href":"https:\/\/xindasafety.com\/de\/wp-json\/wp\/v2\/product_cat?post=4078"},{"taxonomy":"product_tag","embeddable":true,"href":"https:\/\/xindasafety.com\/de\/wp-json\/wp\/v2\/product_tag?post=4078"}],"curies":[{"name":"wp","href":"https:\/\/api.w.org\/{rel}","templated":true}]}}