{"id":3974,"date":"2025-08-25T08:11:53","date_gmt":"2025-08-25T08:11:53","guid":{"rendered":"https:\/\/xindasafety.com\/?post_type=product&#038;p=3974"},"modified":"2026-01-19T05:42:45","modified_gmt":"2026-01-19T05:42:45","slug":"prusikkordel","status":"publish","type":"product","link":"https:\/\/xindasafety.com\/de\/product\/prusik-cord\/","title":{"rendered":"HH9868"},"content":{"rendered":"<p><strong data-start=\"47\" data-end=\"64\">Produktname:<\/strong> Nylon Prusik Schnur<br data-start=\"82\" data-end=\"85\" \/><strong data-start=\"85\" data-end=\"98\">Material:<\/strong> Nylon<br data-start=\"104\" data-end=\"107\" \/><strong data-start=\"107\" data-end=\"127\" data-is-only-node=\"\">Durchmesser und Belastung:<\/strong> \u00d8 6 mm (Bruchlast: 10 kN)<br data-start=\"157\" data-end=\"160\" \/><strong data-start=\"160\" data-end=\"171\">Gewicht:<\/strong> 24 g\/m<br data-start=\"178\" data-end=\"181\" \/><strong data-start=\"181\" data-end=\"191\">Farbe:<\/strong> Blau, Rot<br data-start=\"201\" data-end=\"204\" \/><strong data-start=\"204\" data-end=\"226\">Anwendungsbereich:<\/strong> Abseilen im Freien, Dehnungstraining, H\u00f6hlenklettern, Absturzsicherung, kann als Prusikschlaufe, Anh\u00e4ngeschnur oder Zubeh\u00f6rschnur verwendet werden.<\/p>","protected":false},"excerpt":{"rendered":"<p>Xinda 3. Generation H-Serie Nylon Prusik Seil - 6mm Reibung Hitch Loop Seil f\u00fcr Outdoor-Klettern, Abseilen, H\u00f6hlenforschung, und Abstieg<\/p>","protected":false},"featured_media":3968,"template":"","meta":{"_acf_changed":false},"product_brand":[],"product_cat":[134],"product_tag":[212],"class_list":{"0":"post-3974","1":"product","2":"type-product","3":"status-publish","4":"has-post-thumbnail","6":"product_cat-rope-gen3","7":"product_tag-rope","9":"first","10":"instock","11":"shipping-taxable","12":"product-type-variable"},"acf":[],"_links":{"self":[{"href":"https:\/\/xindasafety.com\/de\/wp-json\/wp\/v2\/product\/3974","targetHints":{"allow":["GET"]}}],"collection":[{"href":"https:\/\/xindasafety.com\/de\/wp-json\/wp\/v2\/product"}],"about":[{"href":"https:\/\/xindasafety.com\/de\/wp-json\/wp\/v2\/types\/product"}],"version-history":[{"count":2,"href":"https:\/\/xindasafety.com\/de\/wp-json\/wp\/v2\/product\/3974\/revisions"}],"predecessor-version":[{"id":6900,"href":"https:\/\/xindasafety.com\/de\/wp-json\/wp\/v2\/product\/3974\/revisions\/6900"}],"wp:featuredmedia":[{"embeddable":true,"href":"https:\/\/xindasafety.com\/de\/wp-json\/wp\/v2\/media\/3968"}],"wp:attachment":[{"href":"https:\/\/xindasafety.com\/de\/wp-json\/wp\/v2\/media?parent=3974"}],"wp:term":[{"taxonomy":"product_brand","embeddable":true,"href":"https:\/\/xindasafety.com\/de\/wp-json\/wp\/v2\/product_brand?post=3974"},{"taxonomy":"product_cat","embeddable":true,"href":"https:\/\/xindasafety.com\/de\/wp-json\/wp\/v2\/product_cat?post=3974"},{"taxonomy":"product_tag","embeddable":true,"href":"https:\/\/xindasafety.com\/de\/wp-json\/wp\/v2\/product_tag?post=3974"}],"curies":[{"name":"wp","href":"https:\/\/api.w.org\/{rel}","templated":true}]}}