{"id":3959,"date":"2025-08-25T08:05:56","date_gmt":"2025-08-25T08:05:56","guid":{"rendered":"https:\/\/xindasafety.com\/?post_type=product&#038;p=3959"},"modified":"2026-01-18T09:24:34","modified_gmt":"2026-01-18T09:24:34","slug":"flaschenzugkarabiner","status":"publish","type":"product","link":"https:\/\/xindasafety.com\/de\/product\/pulley-carabiner\/","title":{"rendered":"HH9782TN"},"content":{"rendered":"<p data-start=\"114\" data-end=\"278\"><strong data-start=\"114\" data-end=\"131\">Produktname:<\/strong> Umlenkrolle Karabinerhaken\u00a0<br data-start=\"166\" data-end=\"169\" \/><strong data-start=\"169\" data-end=\"179\">Marke:<\/strong> Xinda<br data-start=\"185\" data-end=\"188\" \/><strong data-start=\"188\" data-end=\"202\">Modell Nr.:<\/strong> HH-9782TN<br data-start=\"212\" data-end=\"215\" \/><strong data-start=\"215\" data-end=\"228\">Material:<\/strong> Aluminiumlegierung, Stahl<br data-start=\"250\" data-end=\"253\" \/><strong data-start=\"253\" data-end=\"263\">Farbe:<\/strong> Gr\u00fcn+Grau<\/p>\n<p data-start=\"280\" data-end=\"291\"><strong data-start=\"280\" data-end=\"289\">Gr\u00f6\u00dfe:<\/strong><\/p>\n<ul data-start=\"292\" data-end=\"396\">\n<li data-start=\"292\" data-end=\"353\">\n<p data-start=\"294\" data-end=\"353\">Mit Verankerungspunkt: 65 \u00d7 150 \u00d7 32 mm (Tor\u00f6ffnung: 21 mm)<\/p>\n<\/li>\n<li data-start=\"354\" data-end=\"396\">\n<p data-start=\"356\" data-end=\"396\">Ohne Verankerungspunkt: 65 \u00d7 150 \u00d7 27 mm<\/p>\n<\/li>\n<\/ul>\n<p data-start=\"398\" data-end=\"425\"><strong data-start=\"398\" data-end=\"409\">Gewicht:<\/strong> 137 g \/ 110 g<\/p>\n<p data-start=\"427\" data-end=\"493\"><strong data-start=\"427\" data-end=\"456\">Anwendbarer Seildurchmesser:<\/strong> \u00d8 7-13 mm<br data-start=\"466\" data-end=\"469\" \/><strong data-start=\"469\" data-end=\"485\">Gr\u00f6\u00dfe der Riemenscheibe:<\/strong> 17 mm<\/p>\n<p data-start=\"495\" data-end=\"515\"><strong data-start=\"495\" data-end=\"513\">Bruchlast:<\/strong><\/p>\n<ul data-start=\"516\" data-end=\"602\">\n<li data-start=\"516\" data-end=\"537\">\n<p data-start=\"518\" data-end=\"537\">Hauptachse: 20 kN<\/p>\n<\/li>\n<li data-start=\"538\" data-end=\"558\">\n<p data-start=\"540\" data-end=\"558\">Nebenachse: 8 kN<\/p>\n<\/li>\n<li data-start=\"559\" data-end=\"578\">\n<p data-start=\"561\" data-end=\"578\">Offenes Tor: 7 kN<\/p>\n<\/li>\n<li data-start=\"579\" data-end=\"602\">\n<p data-start=\"581\" data-end=\"602\">Verankerungspunkt: 22 kN<\/p>\n<\/li>\n<\/ul>\n<p data-start=\"604\" data-end=\"630\"><strong data-start=\"604\" data-end=\"617\">Standard:<\/strong> XF494-2023<\/p>\n<p data-start=\"632\" data-end=\"733\"><strong data-start=\"632\" data-end=\"654\">Anwendungsbereich:<\/strong> Bergsteigen, Felsklettern, Schleppen, Abspannsysteme, Flaschenz\u00fcge usw.<\/p>","protected":false},"excerpt":{"rendered":"<p>Xinda 3. Generation H-Serie Flaschenzugkarabiner mit Ankerpunkt zum Klettern, Bergsteigen, Traversieren, Zipline, Bearing Hauling, und Locking Systems<\/p>","protected":false},"featured_media":3960,"template":"","meta":{"_acf_changed":false},"product_brand":[],"product_cat":[104],"product_tag":[69],"class_list":{"0":"post-3959","1":"product","2":"type-product","3":"status-publish","4":"has-post-thumbnail","6":"product_cat-carabiner-generation-3-carabiner","7":"product_tag-carabiner","9":"first","10":"instock","11":"shipping-taxable","12":"product-type-variable"},"acf":[],"_links":{"self":[{"href":"https:\/\/xindasafety.com\/de\/wp-json\/wp\/v2\/product\/3959","targetHints":{"allow":["GET"]}}],"collection":[{"href":"https:\/\/xindasafety.com\/de\/wp-json\/wp\/v2\/product"}],"about":[{"href":"https:\/\/xindasafety.com\/de\/wp-json\/wp\/v2\/types\/product"}],"version-history":[{"count":2,"href":"https:\/\/xindasafety.com\/de\/wp-json\/wp\/v2\/product\/3959\/revisions"}],"predecessor-version":[{"id":6843,"href":"https:\/\/xindasafety.com\/de\/wp-json\/wp\/v2\/product\/3959\/revisions\/6843"}],"wp:featuredmedia":[{"embeddable":true,"href":"https:\/\/xindasafety.com\/de\/wp-json\/wp\/v2\/media\/3960"}],"wp:attachment":[{"href":"https:\/\/xindasafety.com\/de\/wp-json\/wp\/v2\/media?parent=3959"}],"wp:term":[{"taxonomy":"product_brand","embeddable":true,"href":"https:\/\/xindasafety.com\/de\/wp-json\/wp\/v2\/product_brand?post=3959"},{"taxonomy":"product_cat","embeddable":true,"href":"https:\/\/xindasafety.com\/de\/wp-json\/wp\/v2\/product_cat?post=3959"},{"taxonomy":"product_tag","embeddable":true,"href":"https:\/\/xindasafety.com\/de\/wp-json\/wp\/v2\/product_tag?post=3959"}],"curies":[{"name":"wp","href":"https:\/\/api.w.org\/{rel}","templated":true}]}}