{"id":3818,"date":"2025-08-25T06:07:01","date_gmt":"2025-08-25T06:07:01","guid":{"rendered":"https:\/\/xindasafety.com\/?post_type=product&#038;p=3818"},"modified":"2026-04-21T02:05:21","modified_gmt":"2026-04-21T02:05:21","slug":"baumklettergurt","status":"publish","type":"product","link":"https:\/\/xindasafety.com\/de\/product\/tree-climbing-harness\/","title":{"rendered":"HH9593"},"content":{"rendered":"<p data-start=\"37\" data-end=\"264\"><strong data-start=\"37\" data-end=\"54\">Produktname:<\/strong> Baumklettergurt<br data-start=\"76\" data-end=\"79\" \/><strong data-start=\"79\" data-end=\"89\">Marke:<\/strong> Xinda<br data-start=\"95\" data-end=\"98\" \/><strong data-start=\"98\" data-end=\"112\">Modell Nr.:<\/strong> HH-9593<br data-start=\"120\" data-end=\"123\" \/><strong data-start=\"123\" data-end=\"136\">Material:<\/strong> Stahl, Aluminiumlegierung, XPE, Gurtband, usw.<br data-start=\"178\" data-end=\"181\" data-is-only-node=\"\" \/><strong data-start=\"181\" data-end=\"199\">Spezifikation:<\/strong> S \/ L<br data-start=\"205\" data-end=\"208\" \/><strong data-start=\"208\" data-end=\"219\">Gewicht:<\/strong> 1400 g \/ 1465 g<br data-start=\"235\" data-end=\"238\" \/><strong data-start=\"238\" data-end=\"248\">Farbe:<\/strong> Gr\u00fcn &amp; Schwarz<\/p>\n<p data-start=\"266\" data-end=\"277\"><strong data-start=\"266\" data-end=\"275\">Gr\u00f6\u00dfe:<\/strong><\/p>\n<ul data-start=\"278\" data-end=\"400\">\n<li data-start=\"278\" data-end=\"338\">\n<p data-start=\"280\" data-end=\"338\"><strong data-start=\"280\" data-end=\"286\">S:<\/strong> Taille 73-93 cm \/ Bein 60-72 cm \/ H\u00f6he 160-175 cm<\/p>\n<\/li>\n<li data-start=\"339\" data-end=\"400\">\n<p data-start=\"341\" data-end=\"400\"><strong data-start=\"341\" data-end=\"347\">L:<\/strong> Taille 83-103 cm \/ Bein 67-82 cm \/ H\u00f6he 170-185 cm<\/p>\n<\/li>\n<\/ul>\n<p data-start=\"402\" data-end=\"546\"><strong data-start=\"402\" data-end=\"424\">Anwendungsbereich:<\/strong> In erster Linie f\u00fcr das Klettern in B\u00e4umen, aber auch f\u00fcr Bergsteigen, Klettern, Expansions\u00fcbungen und Notfallrettung geeignet.<\/p>","protected":false},"excerpt":{"rendered":"<p>Xinda 3. Generation H-Serie Baumklettergurt<\/p>","protected":false},"featured_media":3813,"template":"","meta":{"_acf_changed":false},"product_brand":[],"product_cat":[116],"product_tag":[80],"class_list":{"0":"post-3818","1":"product","2":"type-product","3":"status-publish","4":"has-post-thumbnail","6":"product_cat-harness-gen3","7":"product_tag-harness","9":"first","10":"instock","11":"shipping-taxable","12":"product-type-variable"},"acf":[],"_links":{"self":[{"href":"https:\/\/xindasafety.com\/de\/wp-json\/wp\/v2\/product\/3818","targetHints":{"allow":["GET"]}}],"collection":[{"href":"https:\/\/xindasafety.com\/de\/wp-json\/wp\/v2\/product"}],"about":[{"href":"https:\/\/xindasafety.com\/de\/wp-json\/wp\/v2\/types\/product"}],"version-history":[{"count":3,"href":"https:\/\/xindasafety.com\/de\/wp-json\/wp\/v2\/product\/3818\/revisions"}],"predecessor-version":[{"id":7261,"href":"https:\/\/xindasafety.com\/de\/wp-json\/wp\/v2\/product\/3818\/revisions\/7261"}],"wp:featuredmedia":[{"embeddable":true,"href":"https:\/\/xindasafety.com\/de\/wp-json\/wp\/v2\/media\/3813"}],"wp:attachment":[{"href":"https:\/\/xindasafety.com\/de\/wp-json\/wp\/v2\/media?parent=3818"}],"wp:term":[{"taxonomy":"product_brand","embeddable":true,"href":"https:\/\/xindasafety.com\/de\/wp-json\/wp\/v2\/product_brand?post=3818"},{"taxonomy":"product_cat","embeddable":true,"href":"https:\/\/xindasafety.com\/de\/wp-json\/wp\/v2\/product_cat?post=3818"},{"taxonomy":"product_tag","embeddable":true,"href":"https:\/\/xindasafety.com\/de\/wp-json\/wp\/v2\/product_tag?post=3818"}],"curies":[{"name":"wp","href":"https:\/\/api.w.org\/{rel}","templated":true}]}}