{"id":3806,"date":"2025-10-05T06:01:42","date_gmt":"2025-10-05T06:01:42","guid":{"rendered":"https:\/\/xindasafety.com\/?post_type=product&#038;p=3806"},"modified":"2026-04-17T08:12:30","modified_gmt":"2026-04-17T08:12:30","slug":"rechte-handsteigklemme","status":"publish","type":"product","link":"https:\/\/xindasafety.com\/de\/product\/right-hand-ascender\/","title":{"rendered":"HHSS01GL"},"content":{"rendered":"<p><strong data-start=\"52\" data-end=\"69\">Produktname:<\/strong> Handaufstiegshilfe<br data-start=\"83\" data-end=\"86\" \/><strong data-start=\"86\" data-end=\"96\">Marke:<\/strong> Xinda<br data-start=\"102\" data-end=\"105\" \/><strong data-start=\"105\" data-end=\"119\" data-is-only-node=\"\">Modell Nr.:<\/strong> HH-SS01<br data-start=\"127\" data-end=\"130\" \/><strong data-start=\"130\" data-end=\"143\">Material:<\/strong> Aluminium-Legierung<br data-start=\"158\" data-end=\"161\" \/><strong data-start=\"161\" data-end=\"178\">Arbeitsbelastung:<\/strong> 150 kg<br data-start=\"185\" data-end=\"188\" \/><strong data-start=\"188\" data-end=\"199\">Gewicht:<\/strong> 210 g<br data-start=\"205\" data-end=\"208\" \/><strong data-start=\"208\" data-end=\"237\">Anwendbarer Seildurchmesser:<\/strong> 8-13 mm<br data-start=\"245\" data-end=\"248\" \/><strong data-start=\"248\" data-end=\"257\">Gr\u00f6\u00dfe:<\/strong> 19 \u00d7 9 cm<br data-start=\"267\" data-end=\"270\" \/><strong data-start=\"270\" data-end=\"292\">Anwendungsbereich:<\/strong> Bergsteigen, Felsklettern, Expansionstraining, H\u00f6hlenforschung, SRT, Indoor-Seilklettertraining, Luftarbeit und andere Aktivit\u00e4ten<\/p>","protected":false},"excerpt":{"rendered":"<p>Xinda 3. Generation H-Serie Handsteigklemme SRT Rechtsh\u00e4nder-Seilkletterger\u00e4t f\u00fcr Arbeiten in der Luft, Bergsteigen und Klettern Ausr\u00fcstung<\/p>","protected":false},"featured_media":3807,"template":"","meta":{"_acf_changed":false},"product_brand":[],"product_cat":[101],"product_tag":[198],"class_list":{"0":"post-3806","1":"product","2":"type-product","3":"status-publish","4":"has-post-thumbnail","6":"product_cat-asender-generation-3","7":"product_tag-ascender","9":"first","10":"instock","11":"shipping-taxable","12":"product-type-simple"},"acf":[],"_links":{"self":[{"href":"https:\/\/xindasafety.com\/de\/wp-json\/wp\/v2\/product\/3806","targetHints":{"allow":["GET"]}}],"collection":[{"href":"https:\/\/xindasafety.com\/de\/wp-json\/wp\/v2\/product"}],"about":[{"href":"https:\/\/xindasafety.com\/de\/wp-json\/wp\/v2\/types\/product"}],"version-history":[{"count":4,"href":"https:\/\/xindasafety.com\/de\/wp-json\/wp\/v2\/product\/3806\/revisions"}],"predecessor-version":[{"id":6991,"href":"https:\/\/xindasafety.com\/de\/wp-json\/wp\/v2\/product\/3806\/revisions\/6991"}],"wp:featuredmedia":[{"embeddable":true,"href":"https:\/\/xindasafety.com\/de\/wp-json\/wp\/v2\/media\/3807"}],"wp:attachment":[{"href":"https:\/\/xindasafety.com\/de\/wp-json\/wp\/v2\/media?parent=3806"}],"wp:term":[{"taxonomy":"product_brand","embeddable":true,"href":"https:\/\/xindasafety.com\/de\/wp-json\/wp\/v2\/product_brand?post=3806"},{"taxonomy":"product_cat","embeddable":true,"href":"https:\/\/xindasafety.com\/de\/wp-json\/wp\/v2\/product_cat?post=3806"},{"taxonomy":"product_tag","embeddable":true,"href":"https:\/\/xindasafety.com\/de\/wp-json\/wp\/v2\/product_tag?post=3806"}],"curies":[{"name":"wp","href":"https:\/\/api.w.org\/{rel}","templated":true}]}}