{"id":3483,"date":"2025-08-23T06:33:32","date_gmt":"2025-08-23T06:33:32","guid":{"rendered":"https:\/\/xindasafety.com\/?post_type=product&#038;p=3483"},"modified":"2026-01-19T05:51:30","modified_gmt":"2026-01-19T05:51:30","slug":"ankerausbauplatte","status":"publish","type":"product","link":"https:\/\/xindasafety.com\/de\/product\/anchor-rigging-plate\/","title":{"rendered":"HHFL01"},"content":{"rendered":"<table style=\"height: 235px;\" width=\"863\">\n<thead>\n<tr>\n<th>L\u00f6cher<\/th>\n<th>Material<\/th>\n<th>Gewicht<\/th>\n<th>Dicke<\/th>\n<th>Gr\u00f6\u00dfe (cm)<\/th>\n<th>Loch-Durchmesser<\/th>\n<th>Arbeitsbelastung<\/th>\n<\/tr>\n<\/thead>\n<tbody>\n<tr>\n<td>4 L\u00f6cher<\/td>\n<td>Hochfeste Aluminiumlegierung<\/td>\n<td>75 g<\/td>\n<td>8 mm<\/td>\n<td>9 \u00d7 8.7<\/td>\n<td>2 cm<\/td>\n<td>35 kN<\/td>\n<\/tr>\n<tr>\n<td>8 L\u00f6cher<\/td>\n<td>Hochfeste Aluminiumlegierung<\/td>\n<td>218 g<\/td>\n<td>10 mm<\/td>\n<td>16.5 \u00d7 9<\/td>\n<td>2 cm<\/td>\n<td>45 kN<\/td>\n<\/tr>\n<tr>\n<td>12 L\u00f6cher<\/td>\n<td>Hochfeste Aluminiumlegierung<\/td>\n<td>425 g<\/td>\n<td>10 mm<\/td>\n<td>23 \u00d7 12.5<\/td>\n<td>2 cm<\/td>\n<td>45 kN<\/td>\n<\/tr>\n<\/tbody>\n<\/table>","protected":false},"excerpt":{"rendered":"<p>Xinda H-Series 8-Loch Rigging Plate - Ankerplatte \/ Seilverteilungsger\u00e4t f\u00fcr Luftsicherheit, Seilbefestigung, Bergsteigen, Felsklettern und Rettungsausr\u00fcstung<\/p>","protected":false},"featured_media":3476,"template":"","meta":{"_acf_changed":false},"product_brand":[],"product_cat":[122],"product_tag":[163],"class_list":{"0":"post-3483","1":"product","2":"type-product","3":"status-publish","4":"has-post-thumbnail","6":"product_cat-multianchor-gen3","7":"product_tag-anchor-rigging-plate","9":"first","10":"instock","11":"shipping-taxable","12":"product-type-variable"},"acf":[],"_links":{"self":[{"href":"https:\/\/xindasafety.com\/de\/wp-json\/wp\/v2\/product\/3483","targetHints":{"allow":["GET"]}}],"collection":[{"href":"https:\/\/xindasafety.com\/de\/wp-json\/wp\/v2\/product"}],"about":[{"href":"https:\/\/xindasafety.com\/de\/wp-json\/wp\/v2\/types\/product"}],"version-history":[{"count":2,"href":"https:\/\/xindasafety.com\/de\/wp-json\/wp\/v2\/product\/3483\/revisions"}],"predecessor-version":[{"id":6912,"href":"https:\/\/xindasafety.com\/de\/wp-json\/wp\/v2\/product\/3483\/revisions\/6912"}],"wp:featuredmedia":[{"embeddable":true,"href":"https:\/\/xindasafety.com\/de\/wp-json\/wp\/v2\/media\/3476"}],"wp:attachment":[{"href":"https:\/\/xindasafety.com\/de\/wp-json\/wp\/v2\/media?parent=3483"}],"wp:term":[{"taxonomy":"product_brand","embeddable":true,"href":"https:\/\/xindasafety.com\/de\/wp-json\/wp\/v2\/product_brand?post=3483"},{"taxonomy":"product_cat","embeddable":true,"href":"https:\/\/xindasafety.com\/de\/wp-json\/wp\/v2\/product_cat?post=3483"},{"taxonomy":"product_tag","embeddable":true,"href":"https:\/\/xindasafety.com\/de\/wp-json\/wp\/v2\/product_tag?post=3483"}],"curies":[{"name":"wp","href":"https:\/\/api.w.org\/{rel}","templated":true}]}}