{"id":3362,"date":"2025-10-05T03:21:07","date_gmt":"2025-10-05T03:21:07","guid":{"rendered":"https:\/\/xindasafety.com\/?post_type=product&#038;p=3362"},"modified":"2026-01-18T08:12:17","modified_gmt":"2026-01-18T08:12:17","slug":"seilschutzpolster","status":"publish","type":"product","link":"https:\/\/xindasafety.com\/de\/product\/rope-protector-pad\/","title":{"rendered":"XDPJ289"},"content":{"rendered":"<p data-start=\"39\" data-end=\"432\"><strong data-start=\"39\" data-end=\"56\">Produktname:<\/strong> Beschichtete Baumwolle, verdicktes Seilschutzkissen<br data-start=\"99\" data-end=\"102\" \/><strong data-start=\"102\" data-end=\"112\">Marke:<\/strong> Xinda<br data-start=\"118\" data-end=\"121\" \/><strong data-start=\"121\" data-end=\"135\">Modell Nr.:<\/strong> XD-PJ289<br data-start=\"144\" data-end=\"147\" \/><strong data-start=\"147\" data-end=\"160\" data-is-only-node=\"\">Material:<\/strong> Beschichtete Baumwolle<br data-start=\"174\" data-end=\"177\" \/><strong data-start=\"177\" data-end=\"186\">Gr\u00f6\u00dfe:<\/strong> S (69 \u00d7 83 cm), L (83 \u00d7 143 cm)<br data-start=\"218\" data-end=\"221\" \/><strong data-start=\"221\" data-end=\"232\">Gewicht:<\/strong> 570 g \/ 1100 g<br data-start=\"247\" data-end=\"250\" \/><strong data-start=\"250\" data-end=\"260\">Farbe:<\/strong> Gr\u00fcn + Dunkelgrau<br data-start=\"278\" data-end=\"281\" \/><strong data-start=\"281\" data-end=\"304\">Dicke des Materials:<\/strong> 16A<br data-start=\"308\" data-end=\"311\" \/><strong data-start=\"311\" data-end=\"333\">Anwendungsbereich:<\/strong> Bergsteigen, H\u00f6hlenwandern, Outdoor-Training, Rettung, Arbeiten in der Luft, Outdoor-Vergn\u00fcgungsger\u00e4te usw.<\/p>\n<p data-start=\"434\" data-end=\"457\"><strong data-start=\"434\" data-end=\"455\">Produktmerkmale:<\/strong><\/p>\n<ol data-start=\"458\" data-end=\"972\">\n<li data-start=\"458\" data-end=\"582\">\n<p data-start=\"461\" data-end=\"582\">Konzipiert f\u00fcr den Einsatz im Rettungswesen - auf den Boden gelegt, um die Ausr\u00fcstung wirksam vor direktem Abrieb durch raue Oberfl\u00e4chen zu sch\u00fctzen.<\/p>\n<\/li>\n<li data-start=\"583\" data-end=\"739\">\n<p data-start=\"586\" data-end=\"739\">Aus beschichteter Baumwolle, hochtemperaturbest\u00e4ndig; doppellagiges, dichtes 16A-Gewebe mit gen\u00e4hter Struktur sorgt f\u00fcr hohe Haltbarkeit und Verschlei\u00dffestigkeit.<\/p>\n<\/li>\n<li data-start=\"740\" data-end=\"972\">\n<p data-start=\"743\" data-end=\"972\">Ausgestattet mit sechs \u00d6sen aus rostfreiem Stahl 304 (17 mm Durchmesser), die eine direkte Verbindung mit den Hauptverriegelungskarabinern f\u00fcr eine schnelle Verbindung mehrerer Pads erm\u00f6glichen und einen erweiterten Schutzbereich bieten, besonders geeignet f\u00fcr unregelm\u00e4\u00dfiges Terrain.<\/p>\n<\/li>\n<\/ol>","protected":false},"excerpt":{"rendered":"<p>Xinda Outdoor Klettern und Bergsteigen Rope Protector Pad - Gear Storage Mat, Rope Anti-Abrasion Kissen, vergr\u00f6\u00dfert und verdickt Design<\/p>","protected":false},"featured_media":3356,"template":"","meta":{"_acf_changed":false},"product_brand":[],"product_cat":[15],"product_tag":[148],"class_list":{"0":"post-3362","1":"product","2":"type-product","3":"status-publish","4":"has-post-thumbnail","6":"product_cat-uncategorized","7":"product_tag-rope-protector-pad","9":"first","10":"instock","11":"shipping-taxable","12":"product-type-variable"},"acf":[],"_links":{"self":[{"href":"https:\/\/xindasafety.com\/de\/wp-json\/wp\/v2\/product\/3362","targetHints":{"allow":["GET"]}}],"collection":[{"href":"https:\/\/xindasafety.com\/de\/wp-json\/wp\/v2\/product"}],"about":[{"href":"https:\/\/xindasafety.com\/de\/wp-json\/wp\/v2\/types\/product"}],"version-history":[{"count":2,"href":"https:\/\/xindasafety.com\/de\/wp-json\/wp\/v2\/product\/3362\/revisions"}],"predecessor-version":[{"id":6736,"href":"https:\/\/xindasafety.com\/de\/wp-json\/wp\/v2\/product\/3362\/revisions\/6736"}],"wp:featuredmedia":[{"embeddable":true,"href":"https:\/\/xindasafety.com\/de\/wp-json\/wp\/v2\/media\/3356"}],"wp:attachment":[{"href":"https:\/\/xindasafety.com\/de\/wp-json\/wp\/v2\/media?parent=3362"}],"wp:term":[{"taxonomy":"product_brand","embeddable":true,"href":"https:\/\/xindasafety.com\/de\/wp-json\/wp\/v2\/product_brand?post=3362"},{"taxonomy":"product_cat","embeddable":true,"href":"https:\/\/xindasafety.com\/de\/wp-json\/wp\/v2\/product_cat?post=3362"},{"taxonomy":"product_tag","embeddable":true,"href":"https:\/\/xindasafety.com\/de\/wp-json\/wp\/v2\/product_tag?post=3362"}],"curies":[{"name":"wp","href":"https:\/\/api.w.org\/{rel}","templated":true}]}}