{"id":3317,"date":"2025-08-23T02:44:15","date_gmt":"2025-08-23T02:44:15","guid":{"rendered":"https:\/\/xindasafety.com\/?post_type=product&#038;p=3317"},"modified":"2026-04-18T05:32:25","modified_gmt":"2026-04-18T05:32:25","slug":"bruststeigklemme-2","status":"publish","type":"product","link":"https:\/\/xindasafety.com\/de\/product\/chest-ascender-2\/","title":{"rendered":"HXS08OJ"},"content":{"rendered":"<p><strong data-start=\"36\" data-end=\"53\">Produktname:<\/strong> Bruststeigklemme<br data-start=\"68\" data-end=\"71\" \/><strong data-start=\"71\" data-end=\"81\">Marke:<\/strong> Xinda<br data-start=\"87\" data-end=\"90\" \/><strong data-start=\"90\" data-end=\"104\" data-is-only-node=\"\">Modell Nr.:<\/strong> XD-XS08<br data-start=\"112\" data-end=\"115\" \/><strong data-start=\"115\" data-end=\"128\">Material:<\/strong> Aluminium-Legierung<br data-start=\"143\" data-end=\"146\" \/><strong data-start=\"146\" data-end=\"175\">Anwendbarer Seildurchmesser:<\/strong> 8-13 mm<br data-start=\"183\" data-end=\"186\" \/><strong data-start=\"186\" data-end=\"197\">Gewicht:<\/strong> 143 g<br data-start=\"203\" data-end=\"206\" \/><strong data-start=\"206\" data-end=\"216\">Farbe:<\/strong> Orange<br data-start=\"222\" data-end=\"225\" \/><strong data-start=\"225\" data-end=\"234\">Gr\u00f6\u00dfe:<\/strong> 75 \u00d7 100 \u00d7 38 mm<br data-start=\"251\" data-end=\"254\" \/><strong data-start=\"254\" data-end=\"275\">Produktstandard:<\/strong> XF494-2023<br data-start=\"286\" data-end=\"289\" \/><strong data-start=\"289\" data-end=\"306\">Arbeitsbelastung:<\/strong> 100 kg<br data-start=\"313\" data-end=\"316\" \/><strong data-start=\"316\" data-end=\"338\">Anwendungsbereich:<\/strong> Arbeiten aus der Luft, Fassadenreinigung, Installation von Klimaanlagen, Bergsteigen, Klettern, H\u00f6hlenklettern, Abseilen, Notausstieg usw.<\/p>","protected":false},"excerpt":{"rendered":"<p><strong>Xinda Outdoor-Bruststeigklemme - Bergsteigen, Felsklettern, Seilaufstiegsger\u00e4t, Absturzsicherung f\u00fcr Arbeiten in der Luft, Klettern, Abenteuertraining und H\u00f6hlenausr\u00fcstung<\/strong><\/p>","protected":false},"featured_media":3316,"template":"","meta":{"_acf_changed":false},"product_brand":[],"product_cat":[100],"product_tag":[],"class_list":{"0":"post-3317","1":"product","2":"type-product","3":"status-publish","4":"has-post-thumbnail","6":"product_cat-asender-generation-2","8":"first","9":"instock","10":"shipping-taxable","11":"product-type-simple"},"acf":[],"_links":{"self":[{"href":"https:\/\/xindasafety.com\/de\/wp-json\/wp\/v2\/product\/3317","targetHints":{"allow":["GET"]}}],"collection":[{"href":"https:\/\/xindasafety.com\/de\/wp-json\/wp\/v2\/product"}],"about":[{"href":"https:\/\/xindasafety.com\/de\/wp-json\/wp\/v2\/types\/product"}],"version-history":[{"count":3,"href":"https:\/\/xindasafety.com\/de\/wp-json\/wp\/v2\/product\/3317\/revisions"}],"predecessor-version":[{"id":7042,"href":"https:\/\/xindasafety.com\/de\/wp-json\/wp\/v2\/product\/3317\/revisions\/7042"}],"wp:featuredmedia":[{"embeddable":true,"href":"https:\/\/xindasafety.com\/de\/wp-json\/wp\/v2\/media\/3316"}],"wp:attachment":[{"href":"https:\/\/xindasafety.com\/de\/wp-json\/wp\/v2\/media?parent=3317"}],"wp:term":[{"taxonomy":"product_brand","embeddable":true,"href":"https:\/\/xindasafety.com\/de\/wp-json\/wp\/v2\/product_brand?post=3317"},{"taxonomy":"product_cat","embeddable":true,"href":"https:\/\/xindasafety.com\/de\/wp-json\/wp\/v2\/product_cat?post=3317"},{"taxonomy":"product_tag","embeddable":true,"href":"https:\/\/xindasafety.com\/de\/wp-json\/wp\/v2\/product_tag?post=3317"}],"curies":[{"name":"wp","href":"https:\/\/api.w.org\/{rel}","templated":true}]}}