{"id":7085,"date":"2026-04-20T03:12:37","date_gmt":"2026-04-20T03:12:37","guid":{"rendered":"https:\/\/xindasafety.com\/?post_type=product&#038;p=7085"},"modified":"2026-04-20T03:12:37","modified_gmt":"2026-04-20T03:12:37","slug":"xd8652","status":"publish","type":"product","link":"https:\/\/xindasafety.com\/ar\/product\/xd8652\/","title":{"rendered":"XD8652"},"content":{"rendered":"<p class=\"ds-markdown-paragraph\"><strong>\u0627\u0633\u0645 \u0627\u0644\u0645\u0646\u062a\u062c:<\/strong>\u00a0\u0627\u0644\u0634\u0643\u0644 8 \u0627\u0644\u0646\u0627\u0632\u0644 (\u063a\u064a\u0631 \u0645\u062a\u0645\u0627\u062b\u0644)<br \/>\n<strong>\u0627\u0644\u0639\u0644\u0627\u0645\u0629 \u0627\u0644\u062a\u062c\u0627\u0631\u064a\u0629:<\/strong>\u00a0\u0632\u064a\u0646\u062f\u0627<\/p>\n<p class=\"ds-markdown-paragraph\"><strong>\u0631\u0642\u0645 \u0627\u0644\u0645\u0648\u062f\u064a\u0644:<\/strong>\u00a0XD-8652<\/p>\n<p class=\"ds-markdown-paragraph\"><strong>\u0627\u0644\u0645\u0627\u062f\u0629:<\/strong>\u00a0\u0633\u0628\u0627\u0626\u0643 \u0623\u0644\u0648\u0645\u0646\u064a\u0648\u0645 \u0639\u0627\u0644\u064a\u0629 \u0627\u0644\u0642\u0648\u0629<\/p>\n<p class=\"ds-markdown-paragraph\"><strong>\u0643\u0633\u0631 \u0627\u0644\u062d\u0645\u0644:<\/strong>\u00a030 \u0643\u064a\u0644\u0648 \u0646\u064a\u0648\u062a\u0646 (3000 \u0643\u062c\u0645 \u062a\u0642\u0631\u064a\u0628\u0627\u064b)<\/p>\n<p class=\"ds-markdown-paragraph\"><strong>\u0627\u0644\u0648\u0632\u0646:<\/strong>\u00a0134 g<\/p>\n<p class=\"ds-markdown-paragraph\"><strong>\u0642\u0637\u0631 \u0627\u0644\u062d\u0628\u0644 \u0627\u0644\u0642\u0627\u0628\u0644 \u0644\u0644\u062a\u0637\u0628\u064a\u0642:<\/strong>\u00a08-13 \u0645\u0645<\/p>\n<p class=\"ds-markdown-paragraph\"><strong>\u0642\u064a\u0627\u0633\u064a:<\/strong>\u00a0XF 494-2023<\/p>\n<p class=\"ds-markdown-paragraph\"><strong>\u0627\u0644\u062d\u062c\u0645:<\/strong>\u00a013 \u00d7 9.7 \u00d7 9.7 \u00d7 4.8 \u0633\u0645<\/p>\n<p class=\"ds-markdown-paragraph\"><strong>\u0646\u0637\u0627\u0642 \u0627\u0644\u062a\u0637\u0628\u064a\u0642:<\/strong><br \/>\n\u0627\u0644\u062a\u0633\u0644\u0642 \u0641\u064a \u0627\u0644\u0647\u0648\u0627\u0621 \u0627\u0644\u0637\u0644\u0642 \u0648\u062a\u0633\u0644\u0642 \u0627\u0644\u0635\u062e\u0648\u0631 \u0648\u0627\u0644\u0631\u062d\u0644\u0627\u062a \u0627\u0644\u0627\u0633\u062a\u0643\u0634\u0627\u0641\u064a\u0629 \u0648\u0627\u0644\u0631\u062d\u0644\u0627\u062a \u0627\u0644\u0627\u0633\u062a\u0643\u0634\u0627\u0641\u064a\u0629 \u0648\u0627\u0644\u0643\u0647\u0648\u0641 \u0648\u0627\u0644\u062a\u0633\u0644\u0642 \u0641\u064a \u0627\u0644\u0647\u0648\u0627\u0621 \u0627\u0644\u0637\u0644\u0642 \u0648\u0627\u0644\u0639\u0645\u0644 \u0639\u0644\u0649 \u0627\u0631\u062a\u0641\u0627\u0639\u0627\u062a \u0639\u0627\u0644\u064a\u0629 \u0648\u0627\u0644\u062d\u0645\u0627\u064a\u0629 \u0627\u0644\u0635\u0646\u0627\u0639\u064a\u0629 \u0648\u063a\u064a\u0631\u0647\u0627 \u0645\u0646 \u0627\u0644\u0623\u0646\u0634\u0637\u0629 \u0627\u0644\u062e\u0627\u0631\u062c\u064a\u0629.<\/p>","protected":false},"excerpt":{"rendered":"<p><strong>\u0645\u064f\u0646\u0632\u0644 Xinda Figure 8 (\u0645\u062a\u0639\u062f\u062f \u0627\u0644\u0623\u063a\u0631\u0627\u0636: \u0627\u0644\u062a\u0633\u0644\u0642 \u0648\u0627\u0644\u062a\u0633\u0644\u0642 \u0648\u0627\u0644\u0639\u0645\u0644 \u0639\u0644\u0649 \u0627\u0631\u062a\u0641\u0627\u0639\u0627\u062a \u0639\u0627\u0644\u064a\u0629 \u0648\u0627\u0644\u0646\u0632\u0648\u0644 \u0645\u0646 \u0623\u0639\u0644\u0649\u060c \u0648\u0627\u0644\u062a\u0632\u062d\u0644\u0642 \u0639\u0644\u0649 \u0627\u0644\u0633\u0644\u0627\u0644\u0645 \u0648\u0627\u0644\u0646\u0632\u0648\u0644 \u0627\u0644\u0628\u0637\u064a\u0621)<\/strong><\/p>","protected":false},"featured_media":7080,"template":"","meta":{"_acf_changed":false},"product_brand":[],"product_cat":[56,105],"product_tag":[92,315,212,338,340,345,326],"class_list":{"0":"post-7085","1":"product","2":"type-product","3":"status-publish","4":"has-post-thumbnail","6":"product_cat-descebder","7":"product_cat-descender-gen-1","8":"product_tag-descender","9":"product_tag-figure-8-descender","10":"product_tag-rope","11":"product_tag-ropeaccess","12":"product_tag-ropedevice-ropeequipment","13":"product_tag-ropeequipment","14":"product_tag-xinda","16":"first","17":"instock","18":"shipping-taxable","19":"product-type-variable"},"acf":[],"_links":{"self":[{"href":"https:\/\/xindasafety.com\/ar\/wp-json\/wp\/v2\/product\/7085","targetHints":{"allow":["GET"]}}],"collection":[{"href":"https:\/\/xindasafety.com\/ar\/wp-json\/wp\/v2\/product"}],"about":[{"href":"https:\/\/xindasafety.com\/ar\/wp-json\/wp\/v2\/types\/product"}],"version-history":[{"count":1,"href":"https:\/\/xindasafety.com\/ar\/wp-json\/wp\/v2\/product\/7085\/revisions"}],"predecessor-version":[{"id":7089,"href":"https:\/\/xindasafety.com\/ar\/wp-json\/wp\/v2\/product\/7085\/revisions\/7089"}],"wp:featuredmedia":[{"embeddable":true,"href":"https:\/\/xindasafety.com\/ar\/wp-json\/wp\/v2\/media\/7080"}],"wp:attachment":[{"href":"https:\/\/xindasafety.com\/ar\/wp-json\/wp\/v2\/media?parent=7085"}],"wp:term":[{"taxonomy":"product_brand","embeddable":true,"href":"https:\/\/xindasafety.com\/ar\/wp-json\/wp\/v2\/product_brand?post=7085"},{"taxonomy":"product_cat","embeddable":true,"href":"https:\/\/xindasafety.com\/ar\/wp-json\/wp\/v2\/product_cat?post=7085"},{"taxonomy":"product_tag","embeddable":true,"href":"https:\/\/xindasafety.com\/ar\/wp-json\/wp\/v2\/product_tag?post=7085"}],"curies":[{"name":"wp","href":"https:\/\/api.w.org\/{rel}","templated":true}]}}