{"id":6086,"date":"2025-10-04T03:20:08","date_gmt":"2025-10-04T03:20:08","guid":{"rendered":"https:\/\/xindasafety.com\/?post_type=product&#038;p=6086"},"modified":"2026-01-18T08:44:11","modified_gmt":"2026-01-18T08:44:11","slug":"%d9%88%d8%a7%d9%82%d9%8a-%d8%ad%d8%a8%d9%84-%d9%85%d9%86-%d8%a7%d9%84%d9%81%d9%88%d9%84%d8%a7%d8%b0-%d8%a7%d9%84%d9%85%d9%82%d8%a7%d9%88%d9%85-%d9%84%d9%84%d8%b5%d8%af%d8%a3","status":"publish","type":"product","link":"https:\/\/xindasafety.com\/ar\/product\/stainless-steel-rope-protector\/","title":{"rendered":"HH9784"},"content":{"rendered":"<p data-start=\"33\" data-end=\"336\"><strong data-start=\"33\" data-end=\"50\">\u0627\u0633\u0645 \u0627\u0644\u0645\u0646\u062a\u062c:<\/strong> \u0648\u0627\u0642\u064a \u062d\u0628\u0644 \u0645\u0646 \u0627\u0644\u0641\u0648\u0644\u0627\u0630 \u0627\u0644\u0645\u0642\u0627\u0648\u0645 \u0644\u0644\u0635\u062f\u0623<br data-start=\"81\" data-end=\"84\" \/><strong data-start=\"84\" data-end=\"94\">\u0627\u0644\u0639\u0644\u0627\u0645\u0629 \u0627\u0644\u062a\u062c\u0627\u0631\u064a\u0629:<\/strong> \u0632\u064a\u0646\u062f\u0627<br data-start=\"100\" data-end=\"103\" data-is-only-node=\"\" \/><strong data-start=\"103\" data-end=\"117\">\u0631\u0642\u0645 \u0627\u0644\u0645\u0648\u062f\u064a\u0644:<\/strong> HH-9784<br data-start=\"125\" data-end=\"128\" \/><strong data-start=\"128\" data-end=\"141\">\u0627\u0644\u0645\u0627\u062f\u0629:<\/strong> \u0627\u0644\u0641\u0648\u0644\u0627\u0630 \u0627\u0644\u0645\u0642\u0627\u0648\u0645 \u0644\u0644\u0635\u062f\u0623<br data-start=\"157\" data-end=\"160\" \/><strong data-start=\"160\" data-end=\"169\">\u0627\u0644\u062d\u062c\u0645:<\/strong> 10\u00d710\u00d710\u00d710.6 \u0633\u0645<br data-start=\"182\" data-end=\"185\" \/><strong data-start=\"185\" data-end=\"196\">\u0627\u0644\u0648\u0632\u0646:<\/strong> 225g<br data-start=\"201\" data-end=\"204\" \/><strong data-start=\"204\" data-end=\"221\">\u0627\u0644\u062a\u0637\u0628\u064a\u0642\u0627\u062a:<\/strong> \u0627\u0644\u0639\u0645\u0644 \u0639\u0644\u0649 \u0627\u0631\u062a\u0641\u0627\u0639\u0627\u062a \u0639\u0627\u0644\u064a\u0629\u060c \u0648\u0627\u0644\u062d\u0645\u0627\u064a\u0629 \u0645\u0646 \u0627\u0644\u0633\u0642\u0648\u0637\u060c \u0648\u0627\u0644\u062a\u062f\u0631\u064a\u0628 \u0639\u0644\u0649 \u0627\u0644\u062a\u0637\u0648\u064a\u0631\u060c \u0648\u0627\u0644\u0625\u0646\u0642\u0627\u0630 - \u064a\u0633\u062a\u062e\u062f\u0645 \u0644\u0644\u062d\u0645\u0627\u064a\u0629 \u0628\u0627\u0644\u062d\u0628\u0627\u0644 \u0639\u0646\u062f \u0627\u0644\u0632\u0648\u0627\u064a\u0627 \u0627\u0644\u062d\u0627\u062f\u0629.<\/p>","protected":false},"excerpt":{"rendered":"<p>\u0648\u0627\u0642\u064a \u062d\u0628\u0644 \u0645\u0646 \u0627\u0644\u0641\u0648\u0644\u0627\u0630 \u0627\u0644\u0645\u0642\u0627\u0648\u0645 \u0644\u0644\u0635\u062f\u0623 \u0645\u0646 \u0627\u0644\u062c\u064a\u0644 \u0627\u0644\u062b\u0627\u0644\u062b \u0645\u0646 \u0633\u0644\u0633\u0644\u0629 H \u0645\u0646 XINDA - \u062c\u0647\u0627\u0632 \u062d\u0645\u0627\u064a\u0629 \u062d\u0628\u0644 \u0627\u0644\u0639\u0645\u0644 \u0639\u0644\u0649 \u0627\u0631\u062a\u0641\u0627\u0639\u0627\u062a \u0639\u0627\u0644\u064a\u0629\u060c \u0648\u0627\u0642\u064a \u0627\u0644\u0632\u0627\u0648\u064a\u0629 \u0627\u0644\u0645\u0636\u0627\u062f \u0644\u0644\u062a\u0622\u0643\u0644<\/p>","protected":false},"featured_media":6087,"template":"","meta":{"_acf_changed":false},"product_brand":[],"product_cat":[68],"product_tag":[290],"class_list":{"0":"post-6086","1":"product","2":"type-product","3":"status-publish","4":"has-post-thumbnail","6":"product_cat-auxiliary-tools","7":"product_tag-rope-protector","9":"first","10":"instock","11":"shipping-taxable","12":"product-type-simple"},"acf":[],"_links":{"self":[{"href":"https:\/\/xindasafety.com\/ar\/wp-json\/wp\/v2\/product\/6086","targetHints":{"allow":["GET"]}}],"collection":[{"href":"https:\/\/xindasafety.com\/ar\/wp-json\/wp\/v2\/product"}],"about":[{"href":"https:\/\/xindasafety.com\/ar\/wp-json\/wp\/v2\/types\/product"}],"version-history":[{"count":2,"href":"https:\/\/xindasafety.com\/ar\/wp-json\/wp\/v2\/product\/6086\/revisions"}],"predecessor-version":[{"id":6767,"href":"https:\/\/xindasafety.com\/ar\/wp-json\/wp\/v2\/product\/6086\/revisions\/6767"}],"wp:featuredmedia":[{"embeddable":true,"href":"https:\/\/xindasafety.com\/ar\/wp-json\/wp\/v2\/media\/6087"}],"wp:attachment":[{"href":"https:\/\/xindasafety.com\/ar\/wp-json\/wp\/v2\/media?parent=6086"}],"wp:term":[{"taxonomy":"product_brand","embeddable":true,"href":"https:\/\/xindasafety.com\/ar\/wp-json\/wp\/v2\/product_brand?post=6086"},{"taxonomy":"product_cat","embeddable":true,"href":"https:\/\/xindasafety.com\/ar\/wp-json\/wp\/v2\/product_cat?post=6086"},{"taxonomy":"product_tag","embeddable":true,"href":"https:\/\/xindasafety.com\/ar\/wp-json\/wp\/v2\/product_tag?post=6086"}],"curies":[{"name":"wp","href":"https:\/\/api.w.org\/{rel}","templated":true}]}}