{"id":5597,"date":"2025-10-02T05:31:50","date_gmt":"2025-10-02T05:31:50","guid":{"rendered":"https:\/\/xindasafety.com\/?post_type=product&#038;p=5597"},"modified":"2026-01-18T09:09:00","modified_gmt":"2026-01-18T09:09:00","slug":"%d8%ad%d9%82%d9%8a%d8%a8%d8%a9-%d8%a7%d9%84%d8%a3%d8%af%d9%88%d8%a7%d8%aa-%d8%a7%d9%84%d9%85%d8%ad%d9%85%d9%88%d9%84%d8%a9-2","status":"publish","type":"product","link":"https:\/\/xindasafety.com\/ar\/product\/portable-tool-bag-2\/","title":{"rendered":"XDBAG29"},"content":{"rendered":"<p>\u0627\u0644\u0639\u0644\u0627\u0645\u0629 \u0627\u0644\u062a\u062c\u0627\u0631\u064a\u0629:\u0632\u064a\u0646\u062f\u0627<br data-start=\"42\" data-end=\"45\" \/>\u0631\u0642\u0645 \u0627\u0644\u0645\u0648\u062f\u064a\u0644: XD-BAG29<br data-start=\"63\" data-end=\"66\" \/>\u0627\u0633\u0645 \u0627\u0644\u0645\u0646\u062a\u062c:\u062d\u0642\u064a\u0628\u0629 \u0627\u0644\u0639\u062a\u0627\u062f \u0627\u0644\u062e\u0627\u0631\u062c\u064a<br data-start=\"95\" data-end=\"98\" \/>\u0627\u0644\u0645\u0648\u0627\u062f: \u0642\u0645\u0627\u0634 \u0634\u0628\u0643\u064a PVC\u060c \u0642\u0645\u0627\u0634 \u0645\u0637\u0644\u064a<br data-start=\"136\" data-end=\"139\" \/>\u0627\u0644\u062d\u062c\u0645:17 \u00d7 9 \u00d7 23.5 \u0633\u0645 \u00d7 17 \u00d7 9 \u00d7 23.5 \u0633\u0645<br data-start=\"155\" data-end=\"158\" \/>\u0627\u0644\u0633\u0639\u0629:4 \u0644\u062a\u0631<br data-start=\"169\" data-end=\"172\" \/>\u0627\u0644\u0648\u0632\u0646:200 \u062c\u0645<br data-start=\"183\" data-end=\"186\" \/>\u0627\u0644\u0644\u0648\u0646:\u0643\u0627\u0643\u064a<br data-start=\"197\" data-end=\"200\" \/>\u0627\u0644\u0627\u0633\u062a\u062e\u062f\u0627\u0645:\u062a\u0633\u0644\u0642 \u0627\u0644\u0635\u062e\u0648\u0631 \u0648\u062a\u0633\u0644\u0642 \u0627\u0644\u0623\u0634\u062c\u0627\u0631 \u0648\u0627\u0644\u0639\u0645\u0644 \u0639\u0644\u0649 \u0627\u0631\u062a\u0641\u0627\u0639\u0627\u062a \u0639\u0627\u0644\u064a\u0629<br data-start=\"258\" data-end=\"261\" \/>Standard:QB\/T1333-2018<br data-start=\"283\" data-end=\"286\" \/>\u0627\u0644\u0645\u064a\u0632\u0627\u062a:\u0645\u062a\u064a\u0646 \u0648\u0645\u0642\u0627\u0648\u0645 \u0644\u0644\u062a\u0622\u0643\u0644,\u0639\u0645\u0644\u064a\u0629 \u0636\u063a\u0637 \u063a\u064a\u0631 \u0645\u0644\u062d\u0648\u0645\u0629,\u0646\u0642\u0627\u0637 \u0631\u0628\u0637 \u0645\u062a\u0639\u062f\u062f\u0629,\u0645\u0632\u0648\u062f \u0628\u0631\u0628\u0627\u0637 \u0644\u0644\u0625\u063a\u0644\u0627\u0642<\/p>","protected":false},"excerpt":{"rendered":"<p>\u062d\u0642\u064a\u0628\u0629 \u0627\u0644\u0623\u062f\u0648\u0627\u062a \u0627\u0644\u062e\u0627\u0631\u062c\u064a\u0629 \u0645\u0646 XINDA\u060c \u062d\u0642\u064a\u0628\u0629 \u0645\u062d\u0645\u0648\u0644\u0629 \u0639\u0644\u0649 \u0627\u0644\u062e\u0635\u0631 \u0644\u0644\u0623\u0639\u0645\u0627\u0644 \u0639\u0644\u0649 \u0627\u0631\u062a\u0641\u0627\u0639\u0627\u062a \u0639\u0627\u0644\u064a\u0629\u060c \u0648\u062a\u0633\u0644\u0642 \u0627\u0644\u0623\u0634\u062c\u0627\u0631\u060c \u0648\u062a\u0633\u0644\u0642 \u0627\u0644\u0623\u0634\u062c\u0627\u0631\u060c \u0648\u0643\u0647\u0648\u0641 \u0627\u0644\u062d\u0628\u0627\u0644 \u0627\u0644\u0642\u0635\u064a\u0631\u0629\u060c \u0648\u0627\u0644\u062a\u0631\u0628\u0627\u0633\u060c \u0648\u0645\u0633\u0627\u0645\u064a\u0631 \u0627\u0644\u062a\u0645\u062f\u062f\u060c \u0648\u0645\u062b\u0628\u062a\u0627\u062a \u0627\u0644\u062a\u0645\u062f\u062f\u060c \u0648\u0627\u0644\u062d\u0641\u0631 \u0627\u0644\u0643\u0647\u0631\u0628\u0627\u0626\u064a\u060c \u0648\u062a\u0633\u0644\u0642 \u0627\u0644\u0635\u062e\u0648\u0631<\/p>","protected":false},"featured_media":5598,"template":"","meta":{"_acf_changed":false},"product_brand":[],"product_cat":[124],"product_tag":[162],"class_list":{"0":"post-5597","1":"product","2":"type-product","3":"status-publish","4":"has-post-thumbnail","6":"product_cat-packs-gen2","7":"product_tag-tool-bag","9":"first","10":"instock","11":"shipping-taxable","12":"product-type-variable"},"acf":[],"_links":{"self":[{"href":"https:\/\/xindasafety.com\/ar\/wp-json\/wp\/v2\/product\/5597","targetHints":{"allow":["GET"]}}],"collection":[{"href":"https:\/\/xindasafety.com\/ar\/wp-json\/wp\/v2\/product"}],"about":[{"href":"https:\/\/xindasafety.com\/ar\/wp-json\/wp\/v2\/types\/product"}],"version-history":[{"count":2,"href":"https:\/\/xindasafety.com\/ar\/wp-json\/wp\/v2\/product\/5597\/revisions"}],"predecessor-version":[{"id":6823,"href":"https:\/\/xindasafety.com\/ar\/wp-json\/wp\/v2\/product\/5597\/revisions\/6823"}],"wp:featuredmedia":[{"embeddable":true,"href":"https:\/\/xindasafety.com\/ar\/wp-json\/wp\/v2\/media\/5598"}],"wp:attachment":[{"href":"https:\/\/xindasafety.com\/ar\/wp-json\/wp\/v2\/media?parent=5597"}],"wp:term":[{"taxonomy":"product_brand","embeddable":true,"href":"https:\/\/xindasafety.com\/ar\/wp-json\/wp\/v2\/product_brand?post=5597"},{"taxonomy":"product_cat","embeddable":true,"href":"https:\/\/xindasafety.com\/ar\/wp-json\/wp\/v2\/product_cat?post=5597"},{"taxonomy":"product_tag","embeddable":true,"href":"https:\/\/xindasafety.com\/ar\/wp-json\/wp\/v2\/product_tag?post=5597"}],"curies":[{"name":"wp","href":"https:\/\/api.w.org\/{rel}","templated":true}]}}