{"id":5572,"date":"2025-10-02T05:22:09","date_gmt":"2025-10-02T05:22:09","guid":{"rendered":"https:\/\/xindasafety.com\/?post_type=product&#038;p=5572"},"modified":"2026-01-18T09:10:37","modified_gmt":"2026-01-18T09:10:37","slug":"%d8%ad%d9%82%d9%8a%d8%a8%d8%a9-%d8%ae%d8%b5%d8%b1-%d8%a5%d8%ba%d8%b1%d8%a7%d8%a1","status":"publish","type":"product","link":"https:\/\/xindasafety.com\/ar\/product\/lure-waist-bag\/","title":{"rendered":"XDBAG36"},"content":{"rendered":"<p>\u0627\u0644\u0639\u0644\u0627\u0645\u0629 \u0627\u0644\u062a\u062c\u0627\u0631\u064a\u0629:\u0632\u064a\u0646\u062f\u0627<br data-start=\"41\" data-end=\"44\" \/>\u0631\u0642\u0645 \u0627\u0644\u0645\u0648\u062f\u064a\u0644: XD-BAG36<br data-start=\"62\" data-end=\"65\" \/>\u0627\u0633\u0645 \u0627\u0644\u0645\u0646\u062a\u062c:\u062d\u0642\u064a\u0628\u0629 \u0623\u062f\u0648\u0627\u062a \u0627\u0644\u062e\u0635\u0631<br data-start=\"92\" data-end=\"95\" \/>\u0627\u0644\u062e\u0627\u0645\u0629:\u062a\u064a \u0628\u064a \u064a\u0648\u060c \u0642\u0645\u0627\u0634 \u0645\u0637\u0644\u064a<br data-start=\"121\" data-end=\"124\" \/>\u0627\u0644\u0644\u0648\u0646:\u0623\u0635\u0641\u0631+\u0623\u0633\u0648\u062f<br data-start=\"142\" data-end=\"145\" \/>\u0627\u0644\u0633\u0639\u0629: 2.3 \u0644\u062a\u0631<br data-start=\"158\" data-end=\"161\" \/>\u0627\u0644\u0648\u0632\u0646:360 \u062c\u0645 \u062a\u0642\u0631\u064a\u0628\u064b\u0627<br data-start=\"179\" data-end=\"182\" \/>\u0627\u0644\u062d\u062c\u0645:22 \u00d7 13.5 \u00d7 8 \u0633\u0645 \u00d7 22 \u00d7 13.5 \u00d7 8 \u0633\u0645<br data-start=\"198\" data-end=\"201\" \/>\u0627\u0644\u0627\u0633\u062a\u062e\u062f\u0627\u0645: \u0623\u0639\u0645\u0627\u0644 \u0627\u0644\u0645\u0631\u062a\u0641\u0639\u0627\u062a\u060c \u062a\u0633\u0644\u0642 \u0627\u0644\u062c\u0628\u0627\u0644\u060c \u062a\u0633\u0644\u0642 \u0627\u0644\u062c\u0628\u0627\u0644\u060c \u062a\u0633\u0644\u0642 \u0627\u0644\u0635\u062e\u0648\u0631\u060c \u0627\u0644\u0635\u064a\u0627\u0646\u0629\u060c \u0627\u0644\u0623\u0639\u0645\u0627\u0644 \u0627\u0644\u0643\u0647\u0631\u0628\u0627\u0626\u064a\u0629\u060c \u0627\u0644\u0628\u0633\u062a\u0646\u0629<\/p>","protected":false},"excerpt":{"rendered":"<p>\u062d\u0642\u064a\u0628\u0629 \u062e\u0635\u0631 \u0643\u0628\u064a\u0631\u0629 \u0627\u0644\u0633\u0639\u0629 2.3 \u0644\u062a\u0631 \u0645\u0646 XINDA\u060c \u062d\u0642\u064a\u0628\u0629 \u0645\u0639\u062f\u0627\u062a \u0627\u0644\u0639\u0645\u0644 \u0639\u0644\u0649 \u0627\u0631\u062a\u0641\u0627\u0639\u0627\u062a \u0639\u0627\u0644\u064a\u0629\u060c \u062d\u0642\u064a\u0628\u0629 \u0623\u062f\u0648\u0627\u062a \u0627\u0644\u0625\u0646\u0642\u0627\u0630 \u0648\u062a\u0633\u0644\u0642 \u0627\u0644\u062c\u0628\u0627\u0644 \u0627\u0644\u062e\u0627\u0631\u062c\u064a\u0629 \u0627\u0644\u0645\u0642\u0627\u0648\u0645\u0629 \u0644\u0644\u0645\u0627\u0621 TPU<\/p>","protected":false},"featured_media":5573,"template":"","meta":{"_acf_changed":false},"product_brand":[],"product_cat":[124],"product_tag":[162],"class_list":{"0":"post-5572","1":"product","2":"type-product","3":"status-publish","4":"has-post-thumbnail","6":"product_cat-packs-gen2","7":"product_tag-tool-bag","9":"first","10":"instock","11":"shipping-taxable","12":"product-type-simple"},"acf":[],"_links":{"self":[{"href":"https:\/\/xindasafety.com\/ar\/wp-json\/wp\/v2\/product\/5572","targetHints":{"allow":["GET"]}}],"collection":[{"href":"https:\/\/xindasafety.com\/ar\/wp-json\/wp\/v2\/product"}],"about":[{"href":"https:\/\/xindasafety.com\/ar\/wp-json\/wp\/v2\/types\/product"}],"version-history":[{"count":2,"href":"https:\/\/xindasafety.com\/ar\/wp-json\/wp\/v2\/product\/5572\/revisions"}],"predecessor-version":[{"id":6825,"href":"https:\/\/xindasafety.com\/ar\/wp-json\/wp\/v2\/product\/5572\/revisions\/6825"}],"wp:featuredmedia":[{"embeddable":true,"href":"https:\/\/xindasafety.com\/ar\/wp-json\/wp\/v2\/media\/5573"}],"wp:attachment":[{"href":"https:\/\/xindasafety.com\/ar\/wp-json\/wp\/v2\/media?parent=5572"}],"wp:term":[{"taxonomy":"product_brand","embeddable":true,"href":"https:\/\/xindasafety.com\/ar\/wp-json\/wp\/v2\/product_brand?post=5572"},{"taxonomy":"product_cat","embeddable":true,"href":"https:\/\/xindasafety.com\/ar\/wp-json\/wp\/v2\/product_cat?post=5572"},{"taxonomy":"product_tag","embeddable":true,"href":"https:\/\/xindasafety.com\/ar\/wp-json\/wp\/v2\/product_tag?post=5572"}],"curies":[{"name":"wp","href":"https:\/\/api.w.org\/{rel}","templated":true}]}}