{"id":3861,"date":"2025-10-06T06:41:10","date_gmt":"2025-10-06T06:41:10","guid":{"rendered":"https:\/\/xindasafety.com\/?post_type=product&#038;p=3861"},"modified":"2026-01-18T08:09:21","modified_gmt":"2026-01-18T08:09:21","slug":"%d9%86%d8%a7%d8%b2%d9%84-h5","status":"publish","type":"product","link":"https:\/\/xindasafety.com\/ar\/product\/h5-descender\/","title":{"rendered":"HH8636"},"content":{"rendered":"<p data-start=\"68\" data-end=\"331\"><strong data-start=\"68\" data-end=\"85\">\u0627\u0633\u0645 \u0627\u0644\u0645\u0646\u062a\u062c:<\/strong> H5 \u062f\u064a\u0632\u0646\u062f\u0631 H5 (\u0627\u0644\u062c\u064a\u0644 \u0627\u0644\u062b\u0627\u0644\u062b \u0645\u0646 \u0627\u0644\u0633\u0644\u0633\u0644\u0629 H)<br data-start=\"117\" data-end=\"120\" \/><strong data-start=\"120\" data-end=\"130\">\u0627\u0644\u0639\u0644\u0627\u0645\u0629 \u0627\u0644\u062a\u062c\u0627\u0631\u064a\u0629:<\/strong> \u0632\u064a\u0646\u062f\u0627<br data-start=\"136\" data-end=\"139\" \/><strong data-start=\"139\" data-end=\"153\">\u0631\u0642\u0645 \u0627\u0644\u0645\u0648\u062f\u064a\u0644:<\/strong> HH-8636<br data-start=\"161\" data-end=\"164\" \/><strong data-start=\"164\" data-end=\"177\">\u0627\u0644\u0645\u0627\u062f\u0629:<\/strong> \u0623\u0644\u0648\u0645\u0646\u064a\u0648\u0645 \u0639\u0627\u0644\u064a \u0627\u0644\u0642\u0648\u0629 + \u0641\u0648\u0644\u0627\u0630 \u0645\u0642\u0627\u0648\u0645 \u0644\u0644\u0635\u062f\u0623<br data-start=\"218\" data-end=\"221\" \/><strong data-start=\"221\" data-end=\"254\">\u062d\u0645\u0648\u0644\u0629 \u0627\u0644\u0643\u0633\u0631\/\u062d\u0645\u0648\u0644\u0629 \u0627\u0644\u062a\u0634\u063a\u064a\u0644:<\/strong> \u0641\u0631\u062f\u064a: 150 \u0643\u062c\u0645 | \u0645\u0632\u062f\u0648\u062c: 200 \u0643\u062c\u0645<br data-start=\"286\" data-end=\"289\" data-is-only-node=\"\" \/><strong data-start=\"289\" data-end=\"318\">\u0642\u0637\u0631 \u0627\u0644\u062d\u0628\u0644 \u0627\u0644\u0642\u0627\u0628\u0644 \u0644\u0644\u062a\u0637\u0628\u064a\u0642:<\/strong> \u00d8 10-12 \u0645\u0645<\/p>\n<p data-start=\"333\" data-end=\"346\"><strong data-start=\"333\" data-end=\"344\">\u0627\u0644\u0648\u0632\u0646:<\/strong><\/p>\n<ul data-start=\"347\" data-end=\"432\">\n<li data-start=\"347\" data-end=\"386\">\n<p data-start=\"349\" data-end=\"386\">\u0625\u0635\u062f\u0627\u0631 H5 \u0627\u0644\u0631\u064a\u0627\u0636\u064a: \u062a\u0642\u0631\u064a\u0628\u0627\u064b. <strong data-start=\"375\" data-end=\"384\">529 g<\/strong><\/p>\n<\/li>\n<li data-start=\"387\" data-end=\"432\">\n<p data-start=\"389\" data-end=\"432\">\u0625\u0635\u062f\u0627\u0631 H5+ \u0627\u0644\u0645\u0636\u0627\u062f \u0644\u0644\u0630\u0639\u0631: \u062a\u0642\u0631\u064a\u0628\u064b\u0627. <strong data-start=\"421\" data-end=\"430\">525 g<\/strong><\/p>\n<\/li>\n<\/ul>\n<p data-start=\"434\" data-end=\"483\"><strong data-start=\"434\" data-end=\"447\">\u0642\u064a\u0627\u0633\u064a:<\/strong> XF494-2023\u060c CE1019 EN12841:2006\/C<\/p>\n<p data-start=\"485\" data-end=\"512\"><strong data-start=\"485\" data-end=\"494\">\u0627\u0644\u062d\u062c\u0645:<\/strong> 12 \u00d7 8 \u00d7 8 \u00d7 5.5 \u0633\u0645<\/p>\n<p data-start=\"514\" data-end=\"688\"><strong data-start=\"514\" data-end=\"536\">\u0646\u0637\u0627\u0642 \u0627\u0644\u062a\u0637\u0628\u064a\u0642:<\/strong> \u062a\u0633\u0644\u0642 \u0627\u0644\u062c\u0628\u0627\u0644 \u0641\u064a \u0627\u0644\u0647\u0648\u0627\u0621 \u0627\u0644\u0637\u0644\u0642\u060c \u0648\u062a\u0633\u0644\u0642 \u0627\u0644\u0635\u062e\u0648\u0631\u060c \u0648\u062a\u0633\u0644\u0642 \u0627\u0644\u0635\u062e\u0648\u0631\u060c \u0648\u0639\u0644\u0645 \u0627\u0644\u0643\u0647\u0648\u0641\u060c \u0648\u0627\u0644\u062a\u062f\u0631\u064a\u0628 \u0639\u0644\u0649 \u0627\u0644\u062a\u0648\u0633\u0639\u060c \u0648\u0627\u0644\u0625\u0646\u0642\u0627\u0630\u060c \u0648\u0627\u0644\u0623\u0639\u0645\u0627\u0644 \u0627\u0644\u062c\u0648\u064a\u0629\u060c \u0648\u0627\u0644\u062d\u0645\u0627\u064a\u0629 \u0645\u0646 \u0627\u0644\u0633\u0642\u0648\u0637\u060c \u0648\u0627\u0644\u062d\u0645\u0627\u064a\u0629 \u0627\u0644\u0647\u0646\u062f\u0633\u064a\u0629\u060c \u0648\u0627\u0644\u062a\u0633\u0644\u0642 \u0628\u0627\u0644\u062d\u0628\u0627\u0644\u060c \u0625\u0644\u062e.<\/p>","protected":false},"excerpt":{"rendered":"<p>\u062c\u0647\u0627\u0632 \u0625\u0646\u0632\u0627\u0644 \u062e\u0627\u0631\u062c\u064a \u0645\u0646 \u0627\u0644\u062c\u064a\u0644 \u0627\u0644\u062b\u0627\u0644\u062b \u0645\u0646 \u0633\u0644\u0633\u0644\u0629 H-Series H5 \u0645\u0646 Xinda \u0644\u0644\u0623\u0639\u0645\u0627\u0644 \u0627\u0644\u062c\u0648\u064a\u0629 \u0645\u0639 \u0627\u0644\u062a\u062d\u0643\u0645 \u0641\u064a \u0627\u0644\u0647\u0628\u0648\u0637 \u0627\u0644\u0645\u0642\u0627\u0648\u0645 \u0644\u0644\u0630\u0639\u0631<\/p>","protected":false},"featured_media":3854,"template":"","meta":{"_acf_changed":false},"product_brand":[],"product_cat":[107],"product_tag":[92],"class_list":{"0":"post-3861","1":"product","2":"type-product","3":"status-publish","4":"has-post-thumbnail","6":"product_cat-descender-gen-3","7":"product_tag-descender","9":"first","10":"instock","11":"shipping-taxable","12":"product-type-variable"},"acf":[],"_links":{"self":[{"href":"https:\/\/xindasafety.com\/ar\/wp-json\/wp\/v2\/product\/3861","targetHints":{"allow":["GET"]}}],"collection":[{"href":"https:\/\/xindasafety.com\/ar\/wp-json\/wp\/v2\/product"}],"about":[{"href":"https:\/\/xindasafety.com\/ar\/wp-json\/wp\/v2\/types\/product"}],"version-history":[{"count":4,"href":"https:\/\/xindasafety.com\/ar\/wp-json\/wp\/v2\/product\/3861\/revisions"}],"predecessor-version":[{"id":6726,"href":"https:\/\/xindasafety.com\/ar\/wp-json\/wp\/v2\/product\/3861\/revisions\/6726"}],"wp:featuredmedia":[{"embeddable":true,"href":"https:\/\/xindasafety.com\/ar\/wp-json\/wp\/v2\/media\/3854"}],"wp:attachment":[{"href":"https:\/\/xindasafety.com\/ar\/wp-json\/wp\/v2\/media?parent=3861"}],"wp:term":[{"taxonomy":"product_brand","embeddable":true,"href":"https:\/\/xindasafety.com\/ar\/wp-json\/wp\/v2\/product_brand?post=3861"},{"taxonomy":"product_cat","embeddable":true,"href":"https:\/\/xindasafety.com\/ar\/wp-json\/wp\/v2\/product_cat?post=3861"},{"taxonomy":"product_tag","embeddable":true,"href":"https:\/\/xindasafety.com\/ar\/wp-json\/wp\/v2\/product_tag?post=3861"}],"curies":[{"name":"wp","href":"https:\/\/api.w.org\/{rel}","templated":true}]}}