{"id":3828,"date":"2025-10-05T06:11:13","date_gmt":"2025-10-05T06:11:13","guid":{"rendered":"https:\/\/xindasafety.com\/?post_type=product&#038;p=3828"},"modified":"2026-04-18T05:27:12","modified_gmt":"2026-04-18T05:27:12","slug":"%d8%b5%d8%a7%d8%b9%d8%af-%d9%8a%d8%af%d9%88%d9%8a-%d8%a8%d8%af%d9%88%d9%86-%d9%85%d9%82%d8%a8%d8%b6","status":"publish","type":"product","link":"https:\/\/xindasafety.com\/ar\/product\/handleless-hand-ascender\/","title":{"rendered":"HH9760GL"},"content":{"rendered":"<p><strong data-start=\"66\" data-end=\"83\">\u0627\u0633\u0645 \u0627\u0644\u0645\u0646\u062a\u062c:<\/strong> \u0635\u0627\u0639\u062f \u064a\u062f\u0648\u064a \u0628\u062f\u0648\u0646 \u0645\u0642\u0628\u0636<br data-start=\"108\" data-end=\"111\" \/><strong data-start=\"111\" data-end=\"121\">\u0627\u0644\u0639\u0644\u0627\u0645\u0629 \u0627\u0644\u062a\u062c\u0627\u0631\u064a\u0629:<\/strong> \u0632\u064a\u0646\u062f\u0627<br data-start=\"127\" data-end=\"130\" \/><strong data-start=\"130\" data-end=\"144\" data-is-only-node=\"\">\u0631\u0642\u0645 \u0627\u0644\u0645\u0648\u062f\u064a\u0644:<\/strong> HH-9760<br data-start=\"152\" data-end=\"155\" \/><strong data-start=\"155\" data-end=\"168\">\u0627\u0644\u0645\u0627\u062f\u0629:<\/strong> \u0623\u0644\u0648\u0645\u0646\u064a\u0648\u0645 \u0639\u0627\u0644\u064a \u0627\u0644\u0642\u0648\u0629 + \u0641\u0648\u0644\u0627\u0630 \u0645\u0642\u0627\u0648\u0645 \u0644\u0644\u0635\u062f\u0623<br data-start=\"209\" data-end=\"212\" \/><strong data-start=\"212\" data-end=\"230\">\u0643\u0633\u0631 \u0627\u0644\u062d\u0645\u0644:<\/strong> 100 \u0643\u064a\u0644\u0648\u062c\u0631\u0627\u0645 \u0645\u0646 \u0627\u0644\u0628\u0637\u0627\u0631\u064a\u0629<br data-start=\"238\" data-end=\"241\" \/><strong data-start=\"241\" data-end=\"270\">\u0642\u0637\u0631 \u0627\u0644\u062d\u0628\u0644 \u0627\u0644\u0642\u0627\u0628\u0644 \u0644\u0644\u062a\u0637\u0628\u064a\u0642:<\/strong> \u0642\u0637\u0631 8-13 \u0645\u0645<br data-start=\"280\" data-end=\"283\" \/><strong data-start=\"283\" data-end=\"294\">\u0627\u0644\u0648\u0632\u0646:<\/strong> 151 g<br data-start=\"300\" data-end=\"303\" \/><strong data-start=\"303\" data-end=\"312\">\u0627\u0644\u062d\u062c\u0645:<\/strong> 11 \u00d7 8 \u00d7 3 \u00d7 8 \u00d7 3 \u0633\u0645<br data-start=\"326\" data-end=\"329\" \/><strong data-start=\"329\" data-end=\"342\">\u0642\u064a\u0627\u0633\u064a:<\/strong> XF 494-2023<br data-start=\"354\" data-end=\"357\" \/><strong data-start=\"357\" data-end=\"379\">\u0646\u0637\u0627\u0642 \u0627\u0644\u062a\u0637\u0628\u064a\u0642:<\/strong> \u062a\u0633\u0644\u0642 \u0627\u0644\u062c\u0628\u0627\u0644\u060c \u0648\u062a\u0633\u0644\u0642 \u0627\u0644\u0635\u062e\u0648\u0631\u060c \u0648\u0627\u0644\u062a\u062f\u0631\u064a\u0628 \u0639\u0644\u0649 \u0627\u0644\u062a\u0648\u0633\u0639\u060c \u0648\u0627\u0644\u0643\u0647\u0648\u0641\u060c \u0648\u0641\u0631\u0642 \u0627\u0644\u0625\u0646\u0642\u0627\u0630 \u0641\u064a \u0627\u0644\u0647\u0648\u0627\u0621 \u0627\u0644\u0637\u0644\u0642\u060c \u0648\u0627\u0644\u062a\u062f\u0631\u064a\u0628 \u0639\u0644\u0649 \u062a\u0633\u0644\u0642 \u0627\u0644\u062d\u0628\u0627\u0644 \u0641\u064a \u0627\u0644\u0623\u0645\u0627\u0643\u0646 \u0627\u0644\u0645\u063a\u0644\u0642\u0629\u060c \u0648\u0627\u0644\u0623\u0639\u0645\u0627\u0644 \u0627\u0644\u062c\u0648\u064a\u0629\u060c \u0648\u063a\u064a\u0631\u0647\u0627 \u0645\u0646 \u0627\u0644\u0623\u0646\u0634\u0637\u0629 \u0627\u0644\u062e\u0627\u0631\u062c\u064a\u0629<\/p>","protected":false},"excerpt":{"rendered":"<p>\u0645\u0634\u0628\u0643 \u062d\u0628\u0644 \u0627\u0644\u0635\u0639\u0648\u062f \u0627\u0644\u064a\u062f\u0648\u064a \u0645\u0646 \u0627\u0644\u062c\u064a\u0644 \u0627\u0644\u062b\u0627\u0644\u062b \u0645\u0646 \u0633\u0644\u0633\u0644\u0629 H-Series \u0645\u0646 Xinda \u0628\u062f\u0648\u0646 \u0645\u0642\u0628\u0636 \u0644\u062a\u0633\u0644\u0642 \u0627\u0644\u0635\u062e\u0648\u0631 \u0648\u062a\u0633\u0644\u0642 \u0627\u0644\u062c\u0628\u0627\u0644 \u0648\u0627\u0644\u0625\u0646\u0642\u0627\u0630 \u0648\u0627\u0644\u0623\u0639\u0645\u0627\u0644 \u0627\u0644\u062c\u0648\u064a\u0629 (SRT Rope Access)<\/p>","protected":false},"featured_media":3823,"template":"","meta":{"_acf_changed":false},"product_brand":[],"product_cat":[101],"product_tag":[199],"class_list":{"0":"post-3828","1":"product","2":"type-product","3":"status-publish","4":"has-post-thumbnail","6":"product_cat-asender-generation-3","7":"product_tag-handleless-hand-ascender","9":"first","10":"instock","11":"shipping-taxable","12":"product-type-simple"},"acf":[],"_links":{"self":[{"href":"https:\/\/xindasafety.com\/ar\/wp-json\/wp\/v2\/product\/3828","targetHints":{"allow":["GET"]}}],"collection":[{"href":"https:\/\/xindasafety.com\/ar\/wp-json\/wp\/v2\/product"}],"about":[{"href":"https:\/\/xindasafety.com\/ar\/wp-json\/wp\/v2\/types\/product"}],"version-history":[{"count":3,"href":"https:\/\/xindasafety.com\/ar\/wp-json\/wp\/v2\/product\/3828\/revisions"}],"predecessor-version":[{"id":7038,"href":"https:\/\/xindasafety.com\/ar\/wp-json\/wp\/v2\/product\/3828\/revisions\/7038"}],"wp:featuredmedia":[{"embeddable":true,"href":"https:\/\/xindasafety.com\/ar\/wp-json\/wp\/v2\/media\/3823"}],"wp:attachment":[{"href":"https:\/\/xindasafety.com\/ar\/wp-json\/wp\/v2\/media?parent=3828"}],"wp:term":[{"taxonomy":"product_brand","embeddable":true,"href":"https:\/\/xindasafety.com\/ar\/wp-json\/wp\/v2\/product_brand?post=3828"},{"taxonomy":"product_cat","embeddable":true,"href":"https:\/\/xindasafety.com\/ar\/wp-json\/wp\/v2\/product_cat?post=3828"},{"taxonomy":"product_tag","embeddable":true,"href":"https:\/\/xindasafety.com\/ar\/wp-json\/wp\/v2\/product_tag?post=3828"}],"curies":[{"name":"wp","href":"https:\/\/api.w.org\/{rel}","templated":true}]}}