{"id":3528,"date":"2025-08-23T07:00:20","date_gmt":"2025-08-23T07:00:20","guid":{"rendered":"https:\/\/xindasafety.com\/?post_type=product&#038;p=3528"},"modified":"2026-01-18T08:54:33","modified_gmt":"2026-01-18T08:54:33","slug":"%d8%ad%d9%82%d9%8a%d8%a8%d8%a9-%d8%a3%d8%af%d9%88%d8%a7%d8%aa-%d8%a7%d9%84%d9%85%d8%b9%d8%af%d8%a7%d8%aa","status":"publish","type":"product","link":"https:\/\/xindasafety.com\/ar\/product\/equipment-tool-bag\/","title":{"rendered":"HHBAG27GL"},"content":{"rendered":"<p><strong data-start=\"49\" data-end=\"66\">\u0627\u0633\u0645 \u0627\u0644\u0645\u0646\u062a\u062c:<\/strong> \u062d\u0642\u064a\u0628\u0629 \u0623\u062f\u0648\u0627\u062a \u0627\u0644\u0645\u0639\u062f\u0627\u062a<br data-start=\"85\" data-end=\"88\" \/><strong data-start=\"88\" data-end=\"98\">\u0627\u0644\u0639\u0644\u0627\u0645\u0629 \u0627\u0644\u062a\u062c\u0627\u0631\u064a\u0629:<\/strong> \u0632\u064a\u0646\u062f\u0627<br data-start=\"104\" data-end=\"107\" \/><strong data-start=\"107\" data-end=\"121\" data-is-only-node=\"\">\u0631\u0642\u0645 \u0627\u0644\u0645\u0648\u062f\u064a\u0644:<\/strong> \u062d\u0642\u064a\u0628\u0629 XD-BAG27<br data-start=\"130\" data-end=\"133\" \/><strong data-start=\"133\" data-end=\"146\">\u0627\u0644\u0645\u0627\u062f\u0629:<\/strong> \u0646\u0627\u064a\u0644\u0648\u0646<br data-start=\"152\" data-end=\"155\" \/><strong data-start=\"155\" data-end=\"168\">\u0627\u0644\u0633\u0639\u0629:<\/strong> 2 L<br data-start=\"172\" data-end=\"175\" \/><strong data-start=\"175\" data-end=\"186\">\u0627\u0644\u0648\u0632\u0646:<\/strong> 80 g<br data-start=\"191\" data-end=\"194\" \/><strong data-start=\"194\" data-end=\"203\">\u0627\u0644\u062d\u062c\u0645:<\/strong> 14.5 \u00d7 7 \u00d7 7 \u00d7 21.5 \u0633\u0645<br data-start=\"222\" data-end=\"225\" \/><strong data-start=\"225\" data-end=\"246\">\u0645\u0639\u064a\u0627\u0631 \u0627\u0644\u0645\u0646\u062a\u062c:<\/strong> QB\/T1333-2018<br data-start=\"260\" data-end=\"263\" \/><strong data-start=\"263\" data-end=\"285\">\u0646\u0637\u0627\u0642 \u0627\u0644\u062a\u0637\u0628\u064a\u0642:<\/strong> \u062a\u062e\u0632\u064a\u0646 \u0627\u0644\u062d\u0628\u0627\u0644 \u0623\u0648 \u0627\u0644\u0645\u0639\u062f\u0627\u062a \u0623\u062b\u0646\u0627\u0621 \u062a\u0633\u0644\u0642 \u0627\u0644\u062c\u0628\u0627\u0644 \u0641\u064a \u0627\u0644\u0647\u0648\u0627\u0621 \u0627\u0644\u0637\u0644\u0642 \u0648\u062a\u0633\u0644\u0642 \u0627\u0644\u0635\u062e\u0648\u0631 \u0648\u0627\u0644\u062a\u062f\u0631\u064a\u0628 \u0648\u0627\u0644\u0623\u0639\u0645\u0627\u0644 \u0627\u0644\u062c\u0648\u064a\u0629<\/p>","protected":false},"excerpt":{"rendered":"<p>\u062d\u0642\u064a\u0628\u0629 \u0627\u0644\u062e\u0635\u0631 \u0644\u0644\u0623\u0639\u0645\u0627\u0644 \u0627\u0644\u062c\u0648\u064a\u0629 \u0645\u0646 Xinda - \u062d\u0642\u064a\u0628\u0629 \u062e\u0641\u064a\u0641\u0629 \u0627\u0644\u0648\u0632\u0646 \u0648\u0635\u063a\u064a\u0631\u0629 \u0627\u0644\u062d\u062c\u0645 \u0648\u0645\u0642\u0627\u0648\u0645\u0629 \u0644\u0644\u0627\u0647\u062a\u0631\u0627\u0621 \u0644\u0645\u0639\u062f\u0627\u062a \u062a\u0633\u0644\u0642 \u0627\u0644\u062c\u0628\u0627\u0644 \u0648\u062a\u0633\u0644\u0642 \u0627\u0644\u0635\u062e\u0648\u0631 \u0648\u0627\u0644\u0643\u0647\u0648\u0641<\/p>","protected":false},"featured_media":3523,"template":"","meta":{"_acf_changed":false},"product_brand":[],"product_cat":[125],"product_tag":[],"class_list":{"0":"post-3528","1":"product","2":"type-product","3":"status-publish","4":"has-post-thumbnail","6":"product_cat-packs-gen3","8":"first","9":"instock","10":"shipping-taxable","11":"product-type-simple"},"acf":[],"_links":{"self":[{"href":"https:\/\/xindasafety.com\/ar\/wp-json\/wp\/v2\/product\/3528","targetHints":{"allow":["GET"]}}],"collection":[{"href":"https:\/\/xindasafety.com\/ar\/wp-json\/wp\/v2\/product"}],"about":[{"href":"https:\/\/xindasafety.com\/ar\/wp-json\/wp\/v2\/types\/product"}],"version-history":[{"count":2,"href":"https:\/\/xindasafety.com\/ar\/wp-json\/wp\/v2\/product\/3528\/revisions"}],"predecessor-version":[{"id":6783,"href":"https:\/\/xindasafety.com\/ar\/wp-json\/wp\/v2\/product\/3528\/revisions\/6783"}],"wp:featuredmedia":[{"embeddable":true,"href":"https:\/\/xindasafety.com\/ar\/wp-json\/wp\/v2\/media\/3523"}],"wp:attachment":[{"href":"https:\/\/xindasafety.com\/ar\/wp-json\/wp\/v2\/media?parent=3528"}],"wp:term":[{"taxonomy":"product_brand","embeddable":true,"href":"https:\/\/xindasafety.com\/ar\/wp-json\/wp\/v2\/product_brand?post=3528"},{"taxonomy":"product_cat","embeddable":true,"href":"https:\/\/xindasafety.com\/ar\/wp-json\/wp\/v2\/product_cat?post=3528"},{"taxonomy":"product_tag","embeddable":true,"href":"https:\/\/xindasafety.com\/ar\/wp-json\/wp\/v2\/product_tag?post=3528"}],"curies":[{"name":"wp","href":"https:\/\/api.w.org\/{rel}","templated":true}]}}