{"id":3511,"date":"2025-08-23T06:55:32","date_gmt":"2025-08-23T06:55:32","guid":{"rendered":"https:\/\/xindasafety.com\/?post_type=product&#038;p=3511"},"modified":"2026-01-18T08:54:41","modified_gmt":"2026-01-18T08:54:41","slug":"%d8%ad%d9%82%d9%8a%d8%a8%d8%a9-%d8%a3%d8%af%d9%88%d8%a7%d8%aa-%d9%85%d8%ad%d9%85%d9%88%d9%84%d8%a9-2","status":"publish","type":"product","link":"https:\/\/xindasafety.com\/ar\/product\/portable-tool-pouch\/","title":{"rendered":"HHHBAG29GL"},"content":{"rendered":"<p><strong data-start=\"48\" data-end=\"65\">\u0627\u0633\u0645 \u0627\u0644\u0645\u0646\u062a\u062c:<\/strong> \u062d\u0642\u064a\u0628\u0629 \u062d\u0628\u0644 \u0627\u0644\u0645\u0639\u062f\u0627\u062a \u0627\u0644\u062e\u0627\u0631\u062c\u064a\u0629<br data-start=\"87\" data-end=\"90\" \/><strong data-start=\"90\" data-end=\"100\">\u0627\u0644\u0639\u0644\u0627\u0645\u0629 \u0627\u0644\u062a\u062c\u0627\u0631\u064a\u0629:<\/strong> \u0632\u064a\u0646\u062f\u0627<br data-start=\"106\" data-end=\"109\" \/><strong data-start=\"109\" data-end=\"123\" data-is-only-node=\"\">\u0631\u0642\u0645 \u0627\u0644\u0645\u0648\u062f\u064a\u0644:<\/strong> \u062d\u0642\u064a\u0628\u0629 XD-BAG29<br data-start=\"132\" data-end=\"135\" \/><strong data-start=\"135\" data-end=\"148\">\u0627\u0644\u0645\u0627\u062f\u0629:<\/strong> \u0642\u0645\u0627\u0634 \u0634\u0628\u0643\u064a PVC\u060c \u0628\u0648\u0644\u064a\u0633\u062a\u0631\u060c \u0625\u0644\u062e.<br data-start=\"181\" data-end=\"184\" \/><strong data-start=\"184\" data-end=\"197\">\u0627\u0644\u0633\u0639\u0629:<\/strong> 4 L<br data-start=\"201\" data-end=\"204\" \/><strong data-start=\"204\" data-end=\"215\">\u0627\u0644\u0648\u0632\u0646:<\/strong> 200 g<br data-start=\"221\" data-end=\"224\" \/><strong data-start=\"224\" data-end=\"234\">\u0627\u0644\u0644\u0648\u0646:<\/strong> \u0623\u062e\u0636\u0631<br data-start=\"240\" data-end=\"243\" \/><strong data-start=\"243\" data-end=\"252\">\u0627\u0644\u062d\u062c\u0645:<\/strong> 17 \u00d7 9 \u00d7 23.5 \u00d7 23.5 \u0633\u0645<br data-start=\"269\" data-end=\"272\" \/><strong data-start=\"272\" data-end=\"293\">\u0645\u0639\u064a\u0627\u0631 \u0627\u0644\u0645\u0646\u062a\u062c:<\/strong> QB\/T1333-2018<br data-start=\"307\" data-end=\"310\" \/><strong data-start=\"310\" data-end=\"332\">\u0646\u0637\u0627\u0642 \u0627\u0644\u062a\u0637\u0628\u064a\u0642:<\/strong> \u062a\u0633\u0644\u0642 \u0627\u0644\u0635\u062e\u0648\u0631 \u0648\u062a\u0633\u0644\u0642 \u0627\u0644\u0623\u0634\u062c\u0627\u0631 \u0648\u0627\u0644\u0623\u0639\u0645\u0627\u0644 \u0627\u0644\u062c\u0648\u064a\u0629<\/p>","protected":false},"excerpt":{"rendered":"<p>\u062d\u0642\u064a\u0628\u0629 \u0623\u062f\u0648\u0627\u062a \u0627\u0644\u062a\u0633\u0644\u0642 \u0648\u062a\u0633\u0644\u0642 \u0627\u0644\u062c\u0628\u0627\u0644 \u0645\u0646 Xinda - \u062d\u0642\u064a\u0628\u0629 \u0623\u062f\u0648\u0627\u062a \u0627\u0644\u062a\u0633\u0644\u0642 \u0648\u062a\u0633\u0644\u0642 \u0627\u0644\u062c\u0628\u0627\u0644 - \u062d\u0642\u064a\u0628\u0629 \u0623\u062f\u0648\u0627\u062a \u062d\u0641\u0631 \u0627\u0644\u0643\u0647\u0648\u0641 \u0648\u062d\u0641\u0631 \u0627\u0644\u0628\u0631\u0627\u063a\u064a \u0648\u062a\u062e\u0632\u064a\u0646 \u0627\u0644\u062d\u0628\u0627\u0644 \u0648\u062d\u0642\u064a\u0628\u0629 \u0623\u062f\u0648\u0627\u062a \u0627\u0644\u0639\u0645\u0644 \u0627\u0644\u062c\u0648\u064a<\/p>","protected":false},"featured_media":3499,"template":"","meta":{"_acf_changed":false},"product_brand":[],"product_cat":[125],"product_tag":[162],"class_list":{"0":"post-3511","1":"product","2":"type-product","3":"status-publish","4":"has-post-thumbnail","6":"product_cat-packs-gen3","7":"product_tag-tool-bag","9":"first","10":"instock","11":"shipping-taxable","12":"product-type-simple"},"acf":[],"_links":{"self":[{"href":"https:\/\/xindasafety.com\/ar\/wp-json\/wp\/v2\/product\/3511","targetHints":{"allow":["GET"]}}],"collection":[{"href":"https:\/\/xindasafety.com\/ar\/wp-json\/wp\/v2\/product"}],"about":[{"href":"https:\/\/xindasafety.com\/ar\/wp-json\/wp\/v2\/types\/product"}],"version-history":[{"count":2,"href":"https:\/\/xindasafety.com\/ar\/wp-json\/wp\/v2\/product\/3511\/revisions"}],"predecessor-version":[{"id":6784,"href":"https:\/\/xindasafety.com\/ar\/wp-json\/wp\/v2\/product\/3511\/revisions\/6784"}],"wp:featuredmedia":[{"embeddable":true,"href":"https:\/\/xindasafety.com\/ar\/wp-json\/wp\/v2\/media\/3499"}],"wp:attachment":[{"href":"https:\/\/xindasafety.com\/ar\/wp-json\/wp\/v2\/media?parent=3511"}],"wp:term":[{"taxonomy":"product_brand","embeddable":true,"href":"https:\/\/xindasafety.com\/ar\/wp-json\/wp\/v2\/product_brand?post=3511"},{"taxonomy":"product_cat","embeddable":true,"href":"https:\/\/xindasafety.com\/ar\/wp-json\/wp\/v2\/product_cat?post=3511"},{"taxonomy":"product_tag","embeddable":true,"href":"https:\/\/xindasafety.com\/ar\/wp-json\/wp\/v2\/product_tag?post=3511"}],"curies":[{"name":"wp","href":"https:\/\/api.w.org\/{rel}","templated":true}]}}