{"id":3352,"date":"2025-08-23T03:09:25","date_gmt":"2025-08-23T03:09:25","guid":{"rendered":"https:\/\/xindasafety.com\/?post_type=product&#038;p=3352"},"modified":"2026-01-18T08:55:04","modified_gmt":"2026-01-18T08:55:04","slug":"%d8%ad%d9%84%d9%82%d8%a9-%d8%aa%d8%b3%d9%84%d9%82-%d9%85%d8%aa%d8%b9%d8%af%d8%af-%d8%a7%d9%84%d8%a3%d8%ba%d8%b1%d8%a7%d8%b6","status":"publish","type":"product","link":"https:\/\/xindasafety.com\/ar\/product\/multi-purpose-carabiner\/","title":{"rendered":"HH8139TN"},"content":{"rendered":"<p><strong data-start=\"37\" data-end=\"54\">\u0627\u0633\u0645 \u0627\u0644\u0645\u0646\u062a\u062c:<\/strong> \u062d\u0644\u0642\u0629 \u062a\u0633\u0644\u0642 \u0627\u0644\u0623\u062f\u0627\u0629 \u0627\u0644\u0645\u0636\u0627\u062f\u0629 \u0644\u0644\u062f\u0648\u0631\u0627\u0646<br data-start=\"83\" data-end=\"86\" \/><strong data-start=\"86\" data-end=\"96\">\u0627\u0644\u0639\u0644\u0627\u0645\u0629 \u0627\u0644\u062a\u062c\u0627\u0631\u064a\u0629:<\/strong> \u0632\u064a\u0646\u062f\u0627<br data-start=\"102\" data-end=\"105\" \/><strong data-start=\"105\" data-end=\"119\" data-is-only-node=\"\">\u0631\u0642\u0645 \u0627\u0644\u0645\u0648\u062f\u064a\u0644:<\/strong> HH-8139TN<br data-start=\"129\" data-end=\"132\" \/><strong data-start=\"132\" data-end=\"145\">\u0627\u0644\u0645\u0627\u062f\u0629:<\/strong> \u0633\u0628\u0627\u0626\u0643 \u0623\u0644\u0648\u0645\u0646\u064a\u0648\u0645 \u0639\u0627\u0644\u064a\u0629 \u0627\u0644\u0642\u0648\u0629<br data-start=\"174\" data-end=\"177\" \/><strong data-start=\"177\" data-end=\"199\">\u0643\u0633\u0631 \u0627\u0644\u0642\u0648\u0629:<\/strong> 5 \u0643\u064a\u0644\u0648 \u0646\u064a\u0648\u062a\u0646 (\u2248100 \u0643\u062c\u0645)<br data-start=\"214\" data-end=\"217\" \/><strong data-start=\"217\" data-end=\"238\">\u0645\u0639\u064a\u0627\u0631 \u0627\u0644\u0645\u0646\u062a\u062c:<\/strong> XF494-2023<br data-start=\"249\" data-end=\"252\" \/><strong data-start=\"252\" data-end=\"269\">\u0641\u062a\u062d \u0627\u0644\u0628\u0648\u0627\u0628\u0629:<\/strong> \u226416 \u0645\u0645<br data-start=\"276\" data-end=\"279\" \/><strong data-start=\"279\" data-end=\"288\">\u0627\u0644\u062d\u062c\u0645:<\/strong> 50 \u00d7 87 \u00d7 11.3 \u00d7 11.3 \u0645\u0645<br data-start=\"306\" data-end=\"309\" \/><strong data-start=\"309\" data-end=\"319\">\u0627\u0644\u0644\u0648\u0646:<\/strong> \u0645\u0633\u062f\u0633 \u0631\u0645\u0627\u062f\u064a + \u0623\u062e\u0636\u0631 \u0639\u0634\u0628\u064a<br data-start=\"342\" data-end=\"345\" \/><strong data-start=\"345\" data-end=\"356\">\u0627\u0644\u0648\u0632\u0646:<\/strong> 34.5 g<br data-start=\"363\" data-end=\"366\" \/><strong data-start=\"366\" data-end=\"388\">\u0646\u0637\u0627\u0642 \u0627\u0644\u062a\u0637\u0628\u064a\u0642:<\/strong> \u062d\u0644\u0642\u0627\u062a \u0627\u0644\u0642\u062f\u0645 \u0648\u0648\u0635\u0644\u0627\u062a \u0627\u0644\u062d\u0628\u0644\u060c \u0625\u0644\u062e.<br data-start=\"426\" data-end=\"429\" \/><strong data-start=\"429\" data-end=\"450\">\u0648\u0638\u064a\u0641\u0629 \u0627\u0644\u0645\u0646\u062a\u062c:<\/strong> \u0642\u0641\u0644 \u0645\u0636\u0627\u062f \u0644\u0644\u062f\u0648\u0631\u0627\u0646\u060c \u062d\u0644\u0642\u0629 \u062a\u0633\u0644\u0642 \u063a\u064a\u0631 \u0645\u0635\u0646\u0648\u0639\u0629 \u0645\u0646 \u0645\u0639\u062f\u0627\u062a \u0627\u0644\u0648\u0642\u0627\u064a\u0629 \u0645\u0646 \u0627\u0644\u062d\u0631\u0627\u0626\u0642<\/p>","protected":false},"excerpt":{"rendered":"<p>\u062d\u0644\u0642\u0629 \u062a\u0633\u0644\u0642 \u0627\u0644\u0623\u062f\u0648\u0627\u062a \u0627\u0644\u062e\u0627\u0631\u062c\u064a\u0629 \u0627\u0644\u0645\u0636\u0627\u062f\u0629 \u0644\u0644\u062f\u0648\u0631\u0627\u0646 \u0645\u062a\u0639\u062f\u062f\u0629 \u0627\u0644\u0648\u0638\u0627\u0626\u0641 Xinda 8139TN - \u062d\u0644\u0642\u0629 \u062a\u0633\u0644\u0642 \u0642\u0641\u0644 \u0623\u0645\u0627\u0646 \u062e\u0627\u0631\u062c\u064a\u0629 \u0644\u0644\u0623\u0639\u0645\u0627\u0644 \u0627\u0644\u0647\u0648\u0627\u0626\u064a\u0629 \u0648\u062a\u0648\u0635\u064a\u0644 \u0627\u0644\u062d\u0628\u0644<\/p>","protected":false},"featured_media":3344,"template":"","meta":{"_acf_changed":false},"product_brand":[],"product_cat":[104],"product_tag":[69],"class_list":{"0":"post-3352","1":"product","2":"type-product","3":"status-publish","4":"has-post-thumbnail","6":"product_cat-carabiner-generation-3-carabiner","7":"product_tag-carabiner","9":"first","10":"instock","11":"shipping-taxable","12":"product-type-simple"},"acf":[],"_links":{"self":[{"href":"https:\/\/xindasafety.com\/ar\/wp-json\/wp\/v2\/product\/3352","targetHints":{"allow":["GET"]}}],"collection":[{"href":"https:\/\/xindasafety.com\/ar\/wp-json\/wp\/v2\/product"}],"about":[{"href":"https:\/\/xindasafety.com\/ar\/wp-json\/wp\/v2\/types\/product"}],"version-history":[{"count":2,"href":"https:\/\/xindasafety.com\/ar\/wp-json\/wp\/v2\/product\/3352\/revisions"}],"predecessor-version":[{"id":6787,"href":"https:\/\/xindasafety.com\/ar\/wp-json\/wp\/v2\/product\/3352\/revisions\/6787"}],"wp:featuredmedia":[{"embeddable":true,"href":"https:\/\/xindasafety.com\/ar\/wp-json\/wp\/v2\/media\/3344"}],"wp:attachment":[{"href":"https:\/\/xindasafety.com\/ar\/wp-json\/wp\/v2\/media?parent=3352"}],"wp:term":[{"taxonomy":"product_brand","embeddable":true,"href":"https:\/\/xindasafety.com\/ar\/wp-json\/wp\/v2\/product_brand?post=3352"},{"taxonomy":"product_cat","embeddable":true,"href":"https:\/\/xindasafety.com\/ar\/wp-json\/wp\/v2\/product_cat?post=3352"},{"taxonomy":"product_tag","embeddable":true,"href":"https:\/\/xindasafety.com\/ar\/wp-json\/wp\/v2\/product_tag?post=3352"}],"curies":[{"name":"wp","href":"https:\/\/api.w.org\/{rel}","templated":true}]}}